{"id":8727,"date":"2025-04-28T19:49:41","date_gmt":"2025-04-28T18:49:41","guid":{"rendered":"https:\/\/neckdiagrams.com\/comentarios\/"},"modified":"2025-04-28T19:49:42","modified_gmt":"2025-04-28T18:49:42","slug":"comentarios","status":"publish","type":"page","link":"https:\/\/neckdiagrams.com\/pt-pt\/comentarios\/","title":{"rendered":"Coment\u00e1rios"},"content":{"rendered":"\n<div class=\"wp-block-cover has-black-background-color has-background-dim has-custom-content-position is-position-bottom-center is-style-default\"><div class=\"wp-block-cover__inner-container is-layout-flow wp-block-cover-is-layout-flow\">\n<div class=\"wp-block-group\"><div class=\"wp-block-group__inner-container is-layout-flow wp-block-group-is-layout-flow\">\n<h1 id=\"comentarios\" class=\"wp-block-heading has-text-align-center is-style-headline\">Coment\u00e1rios<\/h1>\n<\/div><\/div>\n<\/div><\/div>\n\n<div class=\"wp-block-cover has-black-background-color has-background-dim is-style-80-height\"><img decoding=\"async\" width=\"1440\" height=\"900\" class=\"wp-block-cover__image-background wp-image-555\" alt=\"\" src=\"https:\/\/www.neckdiagrams.com\/content\/uploads\/2021\/08\/justin.jpeg\" style=\"object-position:47% 19%\" data-object-fit=\"cover\" data-object-position=\"47% 19%\" srcset=\"https:\/\/neckdiagrams.com\/content\/uploads\/2021\/08\/justin.jpeg 1440w, https:\/\/neckdiagrams.com\/content\/uploads\/2021\/08\/justin-600x375.jpeg 600w, https:\/\/neckdiagrams.com\/content\/uploads\/2021\/08\/justin-1200x750.jpeg 1200w, https:\/\/neckdiagrams.com\/content\/uploads\/2021\/08\/justin-768x480.jpeg 768w\" sizes=\"(max-width: 1440px) 100vw, 1440px\" \/><div class=\"wp-block-cover__inner-container is-layout-flow wp-block-cover-is-layout-flow\">\n<div class=\"wp-block-group\"><div class=\"wp-block-group__inner-container is-layout-flow wp-block-group-is-layout-flow\">\n<div class=\"wp-block-columns are-vertically-aligned-center is-layout-flex wp-container-core-columns-is-layout-9d6595d7 wp-block-columns-is-layout-flex\">\n<div class=\"wp-block-column is-vertically-aligned-center is-layout-flow wp-block-column-is-layout-flow\">\n<blockquote class=\"wp-block-quote is-style-default is-layout-flow wp-block-quote-is-layout-flow\"><p>H\u00e1 anos que utilizo o software Neck Diagrams para todos os acordes, escalas e imagens de bra\u00e7o no meu site. \u00c9 f\u00e1cil de utilizar e tem um \u00f3timo aspeto! <\/p><p>Para os professores, \u00e9 fant\u00e1stico ter caixas de acordes prontas a imprimir para os alunos e poupar tempo a escrever diagramas \u00e0 m\u00e3o. Mas tamb\u00e9m \u00e9 espetacular para todos os alunos! <\/p><p>Os principiantes podem utiliz\u00e1-lo para criar o seu pr\u00f3prio livro de acordes e edit\u00e1-lo \u00e0 medida que progridem. Os jogadores mais avan\u00e7ados podem utiliz\u00e1-lo para os ajudar a encontrar a fun\u00e7\u00e3o das notas nos acordes e adapt\u00e1-las. Aposto que vai adorar!  <\/p><cite>Justin Sandercoe (justinguitar.com)<\/cite><\/blockquote>\n<\/div>\n\n\n\n<div class=\"wp-block-column is-vertically-aligned-center is-layout-flow wp-block-column-is-layout-flow\"><\/div>\n<\/div>\n<\/div><\/div>\n<\/div><\/div>\n\n<div class=\"wp-block-cover has-black-background-color has-background-dim is-style-80-height\"><img decoding=\"async\" width=\"2560\" height=\"1551\" class=\"wp-block-cover__image-background wp-image-33\" alt=\"\" src=\"https:\/\/www.neckdiagrams.com\/content\/uploads\/2021\/05\/bg-dave-weiner-scaled.jpg\" style=\"object-position:8% 13%\" data-object-fit=\"cover\" data-object-position=\"8% 13%\" srcset=\"https:\/\/neckdiagrams.com\/content\/uploads\/2021\/05\/bg-dave-weiner-scaled.jpg 2560w, https:\/\/neckdiagrams.com\/content\/uploads\/2021\/05\/bg-dave-weiner-600x363.jpg 600w, https:\/\/neckdiagrams.com\/content\/uploads\/2021\/05\/bg-dave-weiner-1200x727.jpg 1200w, https:\/\/neckdiagrams.com\/content\/uploads\/2021\/05\/bg-dave-weiner-768x465.jpg 768w, https:\/\/neckdiagrams.com\/content\/uploads\/2021\/05\/bg-dave-weiner-1536x930.jpg 1536w, https:\/\/neckdiagrams.com\/content\/uploads\/2021\/05\/bg-dave-weiner-2048x1241.jpg 2048w\" sizes=\"(max-width: 2560px) 100vw, 2560px\" \/><div class=\"wp-block-cover__inner-container is-layout-flow wp-block-cover-is-layout-flow\">\n<div class=\"wp-block-group\"><div class=\"wp-block-group__inner-container is-layout-flow wp-block-group-is-layout-flow\">\n<div class=\"wp-block-columns are-vertically-aligned-center is-layout-flex wp-container-core-columns-is-layout-9d6595d7 wp-block-columns-is-layout-flex\">\n<div class=\"wp-block-column is-vertically-aligned-center is-layout-flow wp-block-column-is-layout-flow\"><\/div>\n\n\n\n<div class=\"wp-block-column is-vertically-aligned-center is-layout-flow wp-block-column-is-layout-flow\">\n<blockquote class=\"wp-block-quote is-style-large is-layout-flow wp-block-quote-is-layout-flow\"><p>Diagramas mais limpos e mais eficazes para os meus alunos e para os epis\u00f3dios do Guitopia do que alguma vez consegui fazer. E o melhor de tudo \u00e9 que \u00e9 muito f\u00e1cil! <\/p><cite>Dave Weiner (The Steve Vai Band)<\/cite><\/blockquote>\n<\/div>\n<\/div>\n<\/div><\/div>\n<\/div><\/div>\n\n<div class=\"wp-block-cover has-black-background-color has-background-dim is-style-80-height\"><img decoding=\"async\" width=\"1800\" height=\"1800\" class=\"wp-block-cover__image-background wp-image-534\" alt=\"\" src=\"https:\/\/www.neckdiagrams.com\/content\/uploads\/2021\/08\/DSCF0145-comp.jpg\" style=\"object-position:51% 21%\" data-object-fit=\"cover\" data-object-position=\"51% 21%\" srcset=\"https:\/\/neckdiagrams.com\/content\/uploads\/2021\/08\/DSCF0145-comp.jpg 1800w, https:\/\/neckdiagrams.com\/content\/uploads\/2021\/08\/DSCF0145-comp-400x400.jpg 400w, https:\/\/neckdiagrams.com\/content\/uploads\/2021\/08\/DSCF0145-comp-800x800.jpg 800w, https:\/\/neckdiagrams.com\/content\/uploads\/2021\/08\/DSCF0145-comp-768x768.jpg 768w, https:\/\/neckdiagrams.com\/content\/uploads\/2021\/08\/DSCF0145-comp-1536x1536.jpg 1536w\" sizes=\"(max-width: 1800px) 100vw, 1800px\" \/><div class=\"wp-block-cover__inner-container is-layout-flow wp-block-cover-is-layout-flow\">\n<div class=\"wp-block-group\"><div class=\"wp-block-group__inner-container is-layout-flow wp-block-group-is-layout-flow\">\n<div class=\"wp-block-columns are-vertically-aligned-center is-layout-flex wp-container-core-columns-is-layout-9d6595d7 wp-block-columns-is-layout-flex\">\n<div class=\"wp-block-column is-vertically-aligned-center is-layout-flow wp-block-column-is-layout-flow\"><\/div>\n\n\n\n<div class=\"wp-block-column is-vertically-aligned-center is-layout-flow wp-block-column-is-layout-flow\">\n<blockquote class=\"wp-block-quote is-style-large is-layout-flow wp-block-quote-is-layout-flow\"><p>Utilizo sempre o Neck Diagrams nas minhas aulas. Os alunos adoram-no, \u00e9 f\u00e1cil de utilizar e tem um aspeto fant\u00e1stico! <\/p><cite>Danny Gill (Biblioteca Lick)<\/cite><\/blockquote>\n<\/div>\n<\/div>\n<\/div><\/div>\n<\/div><\/div>\n\n<div class=\"wp-block-cover has-black-background-color has-background-dim is-style-80-height\"><img decoding=\"async\" width=\"1900\" height=\"1267\" class=\"wp-block-cover__image-background wp-image-537\" alt=\"\" src=\"https:\/\/www.neckdiagrams.com\/content\/uploads\/2021\/08\/Matt-Warnock.jpg\" style=\"object-position:47% 19%\" data-object-fit=\"cover\" data-object-position=\"47% 19%\" srcset=\"https:\/\/neckdiagrams.com\/content\/uploads\/2021\/08\/Matt-Warnock.jpg 1900w, https:\/\/neckdiagrams.com\/content\/uploads\/2021\/08\/Matt-Warnock-600x400.jpg 600w, https:\/\/neckdiagrams.com\/content\/uploads\/2021\/08\/Matt-Warnock-1200x800.jpg 1200w, https:\/\/neckdiagrams.com\/content\/uploads\/2021\/08\/Matt-Warnock-300x200.jpg 300w, https:\/\/neckdiagrams.com\/content\/uploads\/2021\/08\/Matt-Warnock-768x512.jpg 768w, https:\/\/neckdiagrams.com\/content\/uploads\/2021\/08\/Matt-Warnock-1536x1024.jpg 1536w\" sizes=\"(max-width: 1900px) 100vw, 1900px\" \/><div class=\"wp-block-cover__inner-container is-layout-flow wp-block-cover-is-layout-flow\">\n<div class=\"wp-block-group\"><div class=\"wp-block-group__inner-container is-layout-flow wp-block-group-is-layout-flow\">\n<div class=\"wp-block-columns are-vertically-aligned-center is-layout-flex wp-container-core-columns-is-layout-9d6595d7 wp-block-columns-is-layout-flex\">\n<div class=\"wp-block-column is-vertically-aligned-center is-layout-flow wp-block-column-is-layout-flow\"><\/div>\n\n\n\n<div class=\"wp-block-column is-vertically-aligned-center is-layout-flow wp-block-column-is-layout-flow\">\n<blockquote class=\"wp-block-quote is-style-large is-layout-flow wp-block-quote-is-layout-flow\"><p>O ND \u00e9 a forma mais r\u00e1pida e f\u00e1cil de criar diagramas de acordes, escalas e arpejos que conhe\u00e7o. Utilizei-o diariamente, literalmente, durante anos, e n\u00e3o conseguiria ensinar sem ele. Uma ferramenta de pr\u00e1tica e ensino obrigat\u00f3ria para todos os guitarristas.  <\/p><cite>Matt Warnock (Artista a solo)<\/cite><\/blockquote>\n<\/div>\n<\/div>\n<\/div><\/div>\n<\/div><\/div>\n\n<div class=\"wp-block-cover has-black-background-color has-background-dim is-style-80-height\"><img decoding=\"async\" width=\"1920\" height=\"1080\" class=\"wp-block-cover__image-background wp-image-538\" alt=\"\" src=\"https:\/\/www.neckdiagrams.com\/content\/uploads\/2021\/08\/David.jpeg\" style=\"object-position:49% 15%\" data-object-fit=\"cover\" data-object-position=\"49% 15%\" srcset=\"https:\/\/neckdiagrams.com\/content\/uploads\/2021\/08\/David.jpeg 1920w, https:\/\/neckdiagrams.com\/content\/uploads\/2021\/08\/David-600x338.jpeg 600w, https:\/\/neckdiagrams.com\/content\/uploads\/2021\/08\/David-1200x675.jpeg 1200w, https:\/\/neckdiagrams.com\/content\/uploads\/2021\/08\/David-768x432.jpeg 768w, https:\/\/neckdiagrams.com\/content\/uploads\/2021\/08\/David-1536x864.jpeg 1536w\" sizes=\"(max-width: 1920px) 100vw, 1920px\" \/><div class=\"wp-block-cover__inner-container is-layout-flow wp-block-cover-is-layout-flow\">\n<div class=\"wp-block-group\"><div class=\"wp-block-group__inner-container is-layout-flow wp-block-group-is-layout-flow\">\n<div class=\"wp-block-columns are-vertically-aligned-center is-layout-flex wp-container-core-columns-is-layout-9d6595d7 wp-block-columns-is-layout-flex\">\n<div class=\"wp-block-column is-vertically-aligned-center is-layout-flow wp-block-column-is-layout-flow\"><\/div>\n\n\n\n<div class=\"wp-block-column is-vertically-aligned-center is-layout-flow wp-block-column-is-layout-flow\">\n<blockquote class=\"wp-block-quote is-style-large is-layout-flow wp-block-quote-is-layout-flow\"><p>Quando se trata de criar diagramas com um aspeto fant\u00e1stico, o Neck Diagram \u00e9 o melhor. Tenho-o utilizado literalmente todos os dias desde 2001. Recomendo-o vivamente!  <\/p><cite>David Wallimann (artista solo, tutor)<\/cite><\/blockquote>\n<\/div>\n<\/div>\n<\/div><\/div>\n<\/div><\/div>\n","protected":false},"excerpt":{"rendered":"","protected":false},"author":1,"featured_media":0,"parent":0,"menu_order":0,"comment_status":"closed","ping_status":"closed","template":"","meta":{"_acf_changed":false,"inline_featured_image":false,"footnotes":""},"class_list":["post-8727","page","type-page","status-publish","hentry"],"acf":[],"yoast_head":"<!-- This site is optimized with the Yoast SEO plugin v27.5 - https:\/\/yoast.com\/product\/yoast-seo-wordpress\/ -->\n<title>Coment\u00e1rios - Neck Diagrams<\/title>\n<meta name=\"robots\" content=\"index, follow, max-snippet:-1, max-image-preview:large, max-video-preview:-1\" \/>\n<link rel=\"canonical\" href=\"https:\/\/neckdiagrams.com\/pt-pt\/comentarios\/\" \/>\n<meta property=\"og:locale\" content=\"pt_PT\" \/>\n<meta property=\"og:type\" content=\"article\" \/>\n<meta property=\"og:title\" content=\"Coment\u00e1rios - Neck Diagrams\" \/>\n<meta property=\"og:url\" content=\"https:\/\/neckdiagrams.com\/pt-pt\/comentarios\/\" \/>\n<meta property=\"og:site_name\" content=\"Neck Diagrams\" \/>\n<meta property=\"article:publisher\" content=\"https:\/\/www.facebook.com\/NeckDiagrams\" \/>\n<meta property=\"article:modified_time\" content=\"2025-04-28T18:49:42+00:00\" \/>\n<meta property=\"og:image\" content=\"https:\/\/www.neckdiagrams.com\/content\/uploads\/2021\/08\/justin.jpeg\" \/>\n<meta name=\"twitter:card\" content=\"summary_large_image\" \/>\n<meta name=\"twitter:label1\" content=\"Est. reading time\" \/>\n\t<meta name=\"twitter:data1\" content=\"1 minute\" \/>\n<script type=\"application\/ld+json\" class=\"yoast-schema-graph\">{\"@context\":\"https:\\\/\\\/schema.org\",\"@graph\":[{\"@type\":\"WebPage\",\"@id\":\"https:\\\/\\\/neckdiagrams.com\\\/pt-pt\\\/comentarios\\\/\",\"url\":\"https:\\\/\\\/neckdiagrams.com\\\/pt-pt\\\/comentarios\\\/\",\"name\":\"Coment\u00e1rios - Neck Diagrams\",\"isPartOf\":{\"@id\":\"https:\\\/\\\/neckdiagrams.com\\\/pt-pt\\\/#website\"},\"primaryImageOfPage\":{\"@id\":\"https:\\\/\\\/neckdiagrams.com\\\/pt-pt\\\/comentarios\\\/#primaryimage\"},\"image\":{\"@id\":\"https:\\\/\\\/neckdiagrams.com\\\/pt-pt\\\/comentarios\\\/#primaryimage\"},\"thumbnailUrl\":\"https:\\\/\\\/www.neckdiagrams.com\\\/content\\\/uploads\\\/2021\\\/08\\\/justin.jpeg\",\"datePublished\":\"2025-04-28T18:49:41+00:00\",\"dateModified\":\"2025-04-28T18:49:42+00:00\",\"breadcrumb\":{\"@id\":\"https:\\\/\\\/neckdiagrams.com\\\/pt-pt\\\/comentarios\\\/#breadcrumb\"},\"inLanguage\":\"pt-PT\",\"potentialAction\":[{\"@type\":\"ReadAction\",\"target\":[\"https:\\\/\\\/neckdiagrams.com\\\/pt-pt\\\/comentarios\\\/\"]}]},{\"@type\":\"ImageObject\",\"inLanguage\":\"pt-PT\",\"@id\":\"https:\\\/\\\/neckdiagrams.com\\\/pt-pt\\\/comentarios\\\/#primaryimage\",\"url\":\"https:\\\/\\\/www.neckdiagrams.com\\\/content\\\/uploads\\\/2021\\\/08\\\/justin.jpeg\",\"contentUrl\":\"https:\\\/\\\/www.neckdiagrams.com\\\/content\\\/uploads\\\/2021\\\/08\\\/justin.jpeg\"},{\"@type\":\"BreadcrumbList\",\"@id\":\"https:\\\/\\\/neckdiagrams.com\\\/pt-pt\\\/comentarios\\\/#breadcrumb\",\"itemListElement\":[{\"@type\":\"ListItem\",\"position\":1,\"name\":\"Home\",\"item\":\"https:\\\/\\\/www.neckdiagrams.com\\\/pt-pt\\\/\"},{\"@type\":\"ListItem\",\"position\":2,\"name\":\"Coment\u00e1rios\"}]},{\"@type\":\"WebSite\",\"@id\":\"https:\\\/\\\/neckdiagrams.com\\\/pt-pt\\\/#website\",\"url\":\"https:\\\/\\\/neckdiagrams.com\\\/pt-pt\\\/\",\"name\":\"Neck Diagrams\",\"description\":\"Chord chart and fretboard diagram software for guitar, bass, banjo, ukulele and ANY fretted instrument\",\"publisher\":{\"@id\":\"https:\\\/\\\/neckdiagrams.com\\\/pt-pt\\\/#organization\"},\"potentialAction\":[{\"@type\":\"SearchAction\",\"target\":{\"@type\":\"EntryPoint\",\"urlTemplate\":\"https:\\\/\\\/neckdiagrams.com\\\/pt-pt\\\/?s={search_term_string}\"},\"query-input\":{\"@type\":\"PropertyValueSpecification\",\"valueRequired\":true,\"valueName\":\"search_term_string\"}}],\"inLanguage\":\"pt-PT\"},{\"@type\":\"Organization\",\"@id\":\"https:\\\/\\\/neckdiagrams.com\\\/pt-pt\\\/#organization\",\"name\":\"Digital Software Technology Ltd\",\"url\":\"https:\\\/\\\/neckdiagrams.com\\\/pt-pt\\\/\",\"logo\":{\"@type\":\"ImageObject\",\"inLanguage\":\"pt-PT\",\"@id\":\"https:\\\/\\\/neckdiagrams.com\\\/pt-pt\\\/#\\\/schema\\\/logo\\\/image\\\/\",\"url\":\"https:\\\/\\\/neckdiagrams.com\\\/content\\\/uploads\\\/2024\\\/05\\\/ND2-Logo-474x474@2x.png\",\"contentUrl\":\"https:\\\/\\\/neckdiagrams.com\\\/content\\\/uploads\\\/2024\\\/05\\\/ND2-Logo-474x474@2x.png\",\"width\":474,\"height\":474,\"caption\":\"Digital Software Technology Ltd\"},\"image\":{\"@id\":\"https:\\\/\\\/neckdiagrams.com\\\/pt-pt\\\/#\\\/schema\\\/logo\\\/image\\\/\"},\"sameAs\":[\"https:\\\/\\\/www.facebook.com\\\/NeckDiagrams\",\"https:\\\/\\\/www.instagram.com\\\/neckdiagrams\\\/\"]}]}<\/script>\n<!-- \/ Yoast SEO plugin. -->","yoast_head_json":{"title":"Coment\u00e1rios - Neck Diagrams","robots":{"index":"index","follow":"follow","max-snippet":"max-snippet:-1","max-image-preview":"max-image-preview:large","max-video-preview":"max-video-preview:-1"},"canonical":"https:\/\/neckdiagrams.com\/pt-pt\/comentarios\/","og_locale":"pt_PT","og_type":"article","og_title":"Coment\u00e1rios - Neck Diagrams","og_url":"https:\/\/neckdiagrams.com\/pt-pt\/comentarios\/","og_site_name":"Neck Diagrams","article_publisher":"https:\/\/www.facebook.com\/NeckDiagrams","article_modified_time":"2025-04-28T18:49:42+00:00","og_image":[{"url":"https:\/\/www.neckdiagrams.com\/content\/uploads\/2021\/08\/justin.jpeg","type":"","width":"","height":""}],"twitter_card":"summary_large_image","twitter_misc":{"Est. reading time":"1 minute"},"schema":{"@context":"https:\/\/schema.org","@graph":[{"@type":"WebPage","@id":"https:\/\/neckdiagrams.com\/pt-pt\/comentarios\/","url":"https:\/\/neckdiagrams.com\/pt-pt\/comentarios\/","name":"Coment\u00e1rios - Neck Diagrams","isPartOf":{"@id":"https:\/\/neckdiagrams.com\/pt-pt\/#website"},"primaryImageOfPage":{"@id":"https:\/\/neckdiagrams.com\/pt-pt\/comentarios\/#primaryimage"},"image":{"@id":"https:\/\/neckdiagrams.com\/pt-pt\/comentarios\/#primaryimage"},"thumbnailUrl":"https:\/\/www.neckdiagrams.com\/content\/uploads\/2021\/08\/justin.jpeg","datePublished":"2025-04-28T18:49:41+00:00","dateModified":"2025-04-28T18:49:42+00:00","breadcrumb":{"@id":"https:\/\/neckdiagrams.com\/pt-pt\/comentarios\/#breadcrumb"},"inLanguage":"pt-PT","potentialAction":[{"@type":"ReadAction","target":["https:\/\/neckdiagrams.com\/pt-pt\/comentarios\/"]}]},{"@type":"ImageObject","inLanguage":"pt-PT","@id":"https:\/\/neckdiagrams.com\/pt-pt\/comentarios\/#primaryimage","url":"https:\/\/www.neckdiagrams.com\/content\/uploads\/2021\/08\/justin.jpeg","contentUrl":"https:\/\/www.neckdiagrams.com\/content\/uploads\/2021\/08\/justin.jpeg"},{"@type":"BreadcrumbList","@id":"https:\/\/neckdiagrams.com\/pt-pt\/comentarios\/#breadcrumb","itemListElement":[{"@type":"ListItem","position":1,"name":"Home","item":"https:\/\/www.neckdiagrams.com\/pt-pt\/"},{"@type":"ListItem","position":2,"name":"Coment\u00e1rios"}]},{"@type":"WebSite","@id":"https:\/\/neckdiagrams.com\/pt-pt\/#website","url":"https:\/\/neckdiagrams.com\/pt-pt\/","name":"Neck Diagrams","description":"Chord chart and fretboard diagram software for guitar, bass, banjo, ukulele and ANY fretted instrument","publisher":{"@id":"https:\/\/neckdiagrams.com\/pt-pt\/#organization"},"potentialAction":[{"@type":"SearchAction","target":{"@type":"EntryPoint","urlTemplate":"https:\/\/neckdiagrams.com\/pt-pt\/?s={search_term_string}"},"query-input":{"@type":"PropertyValueSpecification","valueRequired":true,"valueName":"search_term_string"}}],"inLanguage":"pt-PT"},{"@type":"Organization","@id":"https:\/\/neckdiagrams.com\/pt-pt\/#organization","name":"Digital Software Technology Ltd","url":"https:\/\/neckdiagrams.com\/pt-pt\/","logo":{"@type":"ImageObject","inLanguage":"pt-PT","@id":"https:\/\/neckdiagrams.com\/pt-pt\/#\/schema\/logo\/image\/","url":"https:\/\/neckdiagrams.com\/content\/uploads\/2024\/05\/ND2-Logo-474x474@2x.png","contentUrl":"https:\/\/neckdiagrams.com\/content\/uploads\/2024\/05\/ND2-Logo-474x474@2x.png","width":474,"height":474,"caption":"Digital Software Technology Ltd"},"image":{"@id":"https:\/\/neckdiagrams.com\/pt-pt\/#\/schema\/logo\/image\/"},"sameAs":["https:\/\/www.facebook.com\/NeckDiagrams","https:\/\/www.instagram.com\/neckdiagrams\/"]}]}},"_links":{"self":[{"href":"https:\/\/neckdiagrams.com\/pt-pt\/wp-json\/wp\/v2\/pages\/8727","targetHints":{"allow":["GET"]}}],"collection":[{"href":"https:\/\/neckdiagrams.com\/pt-pt\/wp-json\/wp\/v2\/pages"}],"about":[{"href":"https:\/\/neckdiagrams.com\/pt-pt\/wp-json\/wp\/v2\/types\/page"}],"author":[{"embeddable":true,"href":"https:\/\/neckdiagrams.com\/pt-pt\/wp-json\/wp\/v2\/users\/1"}],"replies":[{"embeddable":true,"href":"https:\/\/neckdiagrams.com\/pt-pt\/wp-json\/wp\/v2\/comments?post=8727"}],"version-history":[{"count":1,"href":"https:\/\/neckdiagrams.com\/pt-pt\/wp-json\/wp\/v2\/pages\/8727\/revisions"}],"predecessor-version":[{"id":8728,"href":"https:\/\/neckdiagrams.com\/pt-pt\/wp-json\/wp\/v2\/pages\/8727\/revisions\/8728"}],"wp:attachment":[{"href":"https:\/\/neckdiagrams.com\/pt-pt\/wp-json\/wp\/v2\/media?parent=8727"}],"curies":[{"name":"wp","href":"https:\/\/api.w.org\/{rel}","templated":true}]}}