{"id":8717,"date":"2025-04-28T19:45:50","date_gmt":"2025-04-28T18:45:50","guid":{"rendered":"https:\/\/neckdiagrams.com\/licenca\/"},"modified":"2025-04-28T19:45:50","modified_gmt":"2025-04-28T18:45:50","slug":"licenca","status":"publish","type":"page","link":"https:\/\/neckdiagrams.com\/pt-pt\/licenca\/","title":{"rendered":"Licen\u00e7a"},"content":{"rendered":"\n<div class=\"wp-block-cover has-white-background-color has-background-dim\"><div class=\"wp-block-cover__inner-container is-layout-flow wp-block-cover-is-layout-flow\">\n<div class=\"wp-block-group is-style-contain-md\"><div class=\"wp-block-group__inner-container is-layout-flow wp-block-group-is-layout-flow\">\n<h1 id=\"contrato-de-licenca\" class=\"wp-block-heading is-style-h1\">CONTRATO DE LICEN\u00c7A<\/h1>\n\n\n\n<h3 id=\"a-utilizacao-dos-diagramas-de-pescoco-pelo-utilizador-regese-pelos-seguintes-termos-e-condicoes\" class=\"wp-block-heading is-style-h2\">A UTILIZA\u00c7\u00c3O DOS DIAGRAMAS DE PESCO\u00c7O PELO UTILIZADOR REGE-SE PELOS SEGUINTES TERMOS E CONDI\u00c7\u00d5ES:<\/h3>\n\n\n\n<p class=\"wp-block-paragraph\">ACEITA\u00c7\u00c3O DO CONTRATO DE LICEN\u00c7A<\/p>\n\n\n\n<p class=\"wp-block-paragraph\">O utilizador deve ler atentamente os seguintes termos e condi\u00e7\u00f5es antes de utilizar o Neck Diagrams (o &#8220;Software&#8221;). A menos que tenha um contrato de licen\u00e7a diferente assinado pela Digital Software Technology, a utiliza\u00e7\u00e3o deste software indica a sua concord\u00e2ncia com estes termos e condi\u00e7\u00f5es. Se o utilizador n\u00e3o aceitar todos estes termos e condi\u00e7\u00f5es, deve deixar de utilizar o Software imediatamente.  <\/p>\n\n\n\n<h2 id=\"direitos-de-autor\" class=\"wp-block-heading is-style-h3\">DIREITOS DE AUTOR<\/h2>\n\n\n\n<p class=\"wp-block-paragraph\">O Cliente reconhece que o Software, a Chave de Licen\u00e7a e a documenta\u00e7\u00e3o do utilizador que o acompanha (&#8220;Documenta\u00e7\u00e3o&#8221;) s\u00e3o obras protegidas por direitos de autor, propriedade da Digital Software Technology, e que o Cliente n\u00e3o tem quaisquer direitos sobre o que precede, exceto os expressamente concedidos no presente documento.<\/p>\n\n\n\n<h2 id=\"teste-gratuito-de-20-utilizacoes\" class=\"wp-block-heading is-style-h3\">TESTE GRATUITO DE 20 UTILIZA\u00c7\u00d5ES<\/h2>\n\n\n\n<p class=\"wp-block-paragraph\">Este n\u00e3o \u00e9 um software gratuito. A Digital Software Technology concede-lhe por este meio uma licen\u00e7a n\u00e3o exclusiva, intransmiss\u00edvel e limitada para utilizar o Software gratuitamente durante vinte (20) utiliza\u00e7\u00f5es. A utiliza\u00e7\u00e3o do Software para al\u00e9m do per\u00edodo experimental de vinte utiliza\u00e7\u00f5es (20 utiliza\u00e7\u00f5es) requer a aquisi\u00e7\u00e3o de uma Chave de Licen\u00e7a, conforme descrito abaixo. A utiliza\u00e7\u00e3o do Software para al\u00e9m do per\u00edodo experimental de vinte utiliza\u00e7\u00f5es (20 utiliza\u00e7\u00f5es) sem a aquisi\u00e7\u00e3o de uma Chave de Licen\u00e7a constitui uma viola\u00e7\u00e3o das leis de direitos de autor do Reino Unido e internacionais.   <\/p>\n\n\n\n<h2 id=\"chave-de-licenca\" class=\"wp-block-heading is-style-h3\">CHAVE DE LICEN\u00c7A<\/h2>\n\n\n\n<p class=\"wp-block-paragraph\">Uma chave \u00fanica que lhe permitir\u00e1 utilizar o Software para al\u00e9m do per\u00edodo de avalia\u00e7\u00e3o gratuita de vinte utiliza\u00e7\u00f5es (20 utiliza\u00e7\u00f5es) (&#8220;Chave de Licen\u00e7a&#8221;) pode ser adquirida no s\u00edtio Web da Neck Diagrams, que atualmente \u00e9 <a href=\"https:\/\/www.neckdiagrams.com\/\">https:\/\/www.neckdiagrams.com.<\/a> As Chaves de Licen\u00e7a podem ser adquiridas para utilizadores individuais e t\u00eam um pre\u00e7o de acordo com a lista de pre\u00e7os no s\u00edtio Web da Neck Diagrams. Ap\u00f3s a compra de uma Chave de Licen\u00e7a, a Digital Software Technology concede-lhe uma licen\u00e7a n\u00e3o exclusiva e intransfer\u00edvel para utilizar o Software da seguinte forma:  <\/p>\n\n\n\n<p class=\"wp-block-paragraph\">Chave de Licen\u00e7a Pessoal: Uma Chave de Licen\u00e7a de utilizador \u00fanico (&#8220;Pessoal&#8221;) pode ser utilizada por um \u00fanico utilizador que utilize o Software pessoalmente num ou mais computadores, ou instalada num \u00fanico computador utilizado por v\u00e1rias pessoas, mas n\u00e3o em ambos.<\/p>\n\n\n\n<p class=\"wp-block-paragraph\">O Cliente ser\u00e1 respons\u00e1vel por manter a Chave de Licen\u00e7a num local seguro e est\u00e1 especificamente proibido de distribuir a Chave de Licen\u00e7a, intencionalmente ou n\u00e3o, a terceiros. Em caso de perda ou distribui\u00e7\u00e3o da Chave de Licen\u00e7a, o Cliente ser\u00e1 obrigado a pagar uma taxa de restabelecimento a crit\u00e9rio da Digital Software Technology. <\/p>\n\n\n\n<h2 id=\"distribuicao-do-software\" class=\"wp-block-heading is-style-h3\">DISTRIBUI\u00c7\u00c3O DO SOFTWARE<\/h2>\n\n\n\n<p class=\"wp-block-paragraph\">Desde que n\u00e3o copie ou distribua a Chave de Licen\u00e7a e inclua uma c\u00f3pia deste Contrato de Licen\u00e7a, pode (a) fazer c\u00f3pias do Software; (b) fornecer c\u00f3pias exactas e n\u00e3o modificadas do Software a qualquer pessoa; e (c) distribuir o Software na sua forma n\u00e3o modificada atrav\u00e9s de meios electr\u00f3nicos. O utilizador est\u00e1 especificamente proibido de cobrar quaisquer taxas por tais c\u00f3pias ou distribui\u00e7\u00f5es.    <\/p>\n\n\n\n<h2 id=\"duracao-e-cessacao\" class=\"wp-block-heading is-style-h3\">DURA\u00c7\u00c3O E CESSA\u00c7\u00c3O<\/h2>\n\n\n\n<p class=\"wp-block-paragraph\">O utilizador pode continuar a utilizar o Software desde que cumpra os termos e condi\u00e7\u00f5es deste Acordo de Licen\u00e7a. A Digital Software Technology poder\u00e1 rescindir este Contrato de Licen\u00e7a imediatamente, mediante notifica\u00e7\u00e3o a voc\u00ea, caso a Digital Software Technology tenha motivos para acreditar que voc\u00ea violou este Contrato de Licen\u00e7a. Ao rescindir, voc\u00ea dever\u00e1 cessar imediatamente todo o uso do Software, da Chave de Licen\u00e7a e da Documenta\u00e7\u00e3o e n\u00e3o ter\u00e1 direito a reembolso de quaisquer taxas pagas.  <\/p>\n\n\n\n<h2 id=\"legislacao-aplicavel\" class=\"wp-block-heading is-style-h3\">LEGISLA\u00c7\u00c3O APLIC\u00c1VEL<\/h2>\n\n\n\n<p class=\"wp-block-paragraph\">A validade e a interpreta\u00e7\u00e3o do presente Acordo reger-se-\u00e3o pela legisla\u00e7\u00e3o do Reino Unido. O Cliente concorda que os tribunais localizados em Londres, Inglaterra, ser\u00e3o o local apropriado para as ac\u00e7\u00f5es relacionadas com o presente Acordo e, por este meio, consente com a jurisdi\u00e7\u00e3o e o local exclusivos desses tribunais. <\/p>\n\n\n\n<h2 id=\"isencao-de-garantia\" class=\"wp-block-heading is-style-h3\">ISEN\u00c7\u00c3O DE GARANTIA<\/h2>\n\n\n\n<p class=\"wp-block-paragraph\">O SOFTWARE E A DOCUMENTA\u00c7\u00c3O S\u00c3O FORNECIDOS &#8220;TAL COMO EST\u00c3O&#8221;. NA EXTENS\u00c3O M\u00c1XIMA PERMITIDA PELA LEI APLIC\u00c1VEL, A DIGITAL SOFTWARE TECHNOLOGY RENUNCIA A TODAS AS GARANTIAS, EXPRESSAS OU IMPL\u00cdCITAS, INCLUINDO, MAS N\u00c3O SE LIMITANDO A GARANTIAS IMPL\u00cdCITAS DE COMERCIALIZA\u00c7\u00c3O, N\u00c3O INFRAC\u00c7\u00c3O E ADEQUA\u00c7\u00c3O A UM DETERMINADO FIM. QUALQUER RESPONSABILIDADE DA DIGITAL SOFTWARE TECHNOLOGY SER\u00c1 LIMITADA EXCLUSIVAMENTE AO REEMBOLSO DO PRE\u00c7O DE COMPRA.  <\/p>\n<\/div><\/div>\n<\/div><\/div>\n","protected":false},"excerpt":{"rendered":"","protected":false},"author":1,"featured_media":0,"parent":0,"menu_order":0,"comment_status":"closed","ping_status":"closed","template":"","meta":{"_acf_changed":false,"inline_featured_image":false,"footnotes":""},"class_list":["post-8717","page","type-page","status-publish","hentry"],"acf":[],"yoast_head":"<!-- This site is optimized with the Yoast SEO plugin v27.5 - https:\/\/yoast.com\/product\/yoast-seo-wordpress\/ -->\n<title>Licen\u00e7a - Neck Diagrams<\/title>\n<meta name=\"robots\" content=\"index, follow, max-snippet:-1, max-image-preview:large, max-video-preview:-1\" \/>\n<link rel=\"canonical\" href=\"https:\/\/neckdiagrams.com\/pt-pt\/licenca\/\" \/>\n<meta property=\"og:locale\" content=\"pt_PT\" \/>\n<meta property=\"og:type\" content=\"article\" \/>\n<meta property=\"og:title\" content=\"Licen\u00e7a - Neck Diagrams\" \/>\n<meta property=\"og:url\" content=\"https:\/\/neckdiagrams.com\/pt-pt\/licenca\/\" \/>\n<meta property=\"og:site_name\" content=\"Neck Diagrams\" \/>\n<meta property=\"article:publisher\" content=\"https:\/\/www.facebook.com\/NeckDiagrams\" \/>\n<meta name=\"twitter:card\" content=\"summary_large_image\" \/>\n<meta name=\"twitter:label1\" content=\"Est. reading time\" \/>\n\t<meta name=\"twitter:data1\" content=\"4 minutes\" \/>\n<script type=\"application\/ld+json\" class=\"yoast-schema-graph\">{\"@context\":\"https:\\\/\\\/schema.org\",\"@graph\":[{\"@type\":\"WebPage\",\"@id\":\"https:\\\/\\\/neckdiagrams.com\\\/pt-pt\\\/licenca\\\/\",\"url\":\"https:\\\/\\\/neckdiagrams.com\\\/pt-pt\\\/licenca\\\/\",\"name\":\"Licen\u00e7a - Neck Diagrams\",\"isPartOf\":{\"@id\":\"https:\\\/\\\/neckdiagrams.com\\\/pt-pt\\\/#website\"},\"datePublished\":\"2025-04-28T18:45:50+00:00\",\"breadcrumb\":{\"@id\":\"https:\\\/\\\/neckdiagrams.com\\\/pt-pt\\\/licenca\\\/#breadcrumb\"},\"inLanguage\":\"pt-PT\",\"potentialAction\":[{\"@type\":\"ReadAction\",\"target\":[\"https:\\\/\\\/neckdiagrams.com\\\/pt-pt\\\/licenca\\\/\"]}]},{\"@type\":\"BreadcrumbList\",\"@id\":\"https:\\\/\\\/neckdiagrams.com\\\/pt-pt\\\/licenca\\\/#breadcrumb\",\"itemListElement\":[{\"@type\":\"ListItem\",\"position\":1,\"name\":\"Home\",\"item\":\"https:\\\/\\\/www.neckdiagrams.com\\\/pt-pt\\\/\"},{\"@type\":\"ListItem\",\"position\":2,\"name\":\"Licen\u00e7a\"}]},{\"@type\":\"WebSite\",\"@id\":\"https:\\\/\\\/neckdiagrams.com\\\/pt-pt\\\/#website\",\"url\":\"https:\\\/\\\/neckdiagrams.com\\\/pt-pt\\\/\",\"name\":\"Neck Diagrams\",\"description\":\"Chord chart and fretboard diagram software for guitar, bass, banjo, ukulele and ANY fretted instrument\",\"publisher\":{\"@id\":\"https:\\\/\\\/neckdiagrams.com\\\/pt-pt\\\/#organization\"},\"potentialAction\":[{\"@type\":\"SearchAction\",\"target\":{\"@type\":\"EntryPoint\",\"urlTemplate\":\"https:\\\/\\\/neckdiagrams.com\\\/pt-pt\\\/?s={search_term_string}\"},\"query-input\":{\"@type\":\"PropertyValueSpecification\",\"valueRequired\":true,\"valueName\":\"search_term_string\"}}],\"inLanguage\":\"pt-PT\"},{\"@type\":\"Organization\",\"@id\":\"https:\\\/\\\/neckdiagrams.com\\\/pt-pt\\\/#organization\",\"name\":\"Digital Software Technology Ltd\",\"url\":\"https:\\\/\\\/neckdiagrams.com\\\/pt-pt\\\/\",\"logo\":{\"@type\":\"ImageObject\",\"inLanguage\":\"pt-PT\",\"@id\":\"https:\\\/\\\/neckdiagrams.com\\\/pt-pt\\\/#\\\/schema\\\/logo\\\/image\\\/\",\"url\":\"https:\\\/\\\/neckdiagrams.com\\\/content\\\/uploads\\\/2024\\\/05\\\/ND2-Logo-474x474@2x.png\",\"contentUrl\":\"https:\\\/\\\/neckdiagrams.com\\\/content\\\/uploads\\\/2024\\\/05\\\/ND2-Logo-474x474@2x.png\",\"width\":474,\"height\":474,\"caption\":\"Digital Software Technology Ltd\"},\"image\":{\"@id\":\"https:\\\/\\\/neckdiagrams.com\\\/pt-pt\\\/#\\\/schema\\\/logo\\\/image\\\/\"},\"sameAs\":[\"https:\\\/\\\/www.facebook.com\\\/NeckDiagrams\",\"https:\\\/\\\/www.instagram.com\\\/neckdiagrams\\\/\"]}]}<\/script>\n<!-- \/ Yoast SEO plugin. -->","yoast_head_json":{"title":"Licen\u00e7a - Neck Diagrams","robots":{"index":"index","follow":"follow","max-snippet":"max-snippet:-1","max-image-preview":"max-image-preview:large","max-video-preview":"max-video-preview:-1"},"canonical":"https:\/\/neckdiagrams.com\/pt-pt\/licenca\/","og_locale":"pt_PT","og_type":"article","og_title":"Licen\u00e7a - Neck Diagrams","og_url":"https:\/\/neckdiagrams.com\/pt-pt\/licenca\/","og_site_name":"Neck Diagrams","article_publisher":"https:\/\/www.facebook.com\/NeckDiagrams","twitter_card":"summary_large_image","twitter_misc":{"Est. reading time":"4 minutes"},"schema":{"@context":"https:\/\/schema.org","@graph":[{"@type":"WebPage","@id":"https:\/\/neckdiagrams.com\/pt-pt\/licenca\/","url":"https:\/\/neckdiagrams.com\/pt-pt\/licenca\/","name":"Licen\u00e7a - Neck Diagrams","isPartOf":{"@id":"https:\/\/neckdiagrams.com\/pt-pt\/#website"},"datePublished":"2025-04-28T18:45:50+00:00","breadcrumb":{"@id":"https:\/\/neckdiagrams.com\/pt-pt\/licenca\/#breadcrumb"},"inLanguage":"pt-PT","potentialAction":[{"@type":"ReadAction","target":["https:\/\/neckdiagrams.com\/pt-pt\/licenca\/"]}]},{"@type":"BreadcrumbList","@id":"https:\/\/neckdiagrams.com\/pt-pt\/licenca\/#breadcrumb","itemListElement":[{"@type":"ListItem","position":1,"name":"Home","item":"https:\/\/www.neckdiagrams.com\/pt-pt\/"},{"@type":"ListItem","position":2,"name":"Licen\u00e7a"}]},{"@type":"WebSite","@id":"https:\/\/neckdiagrams.com\/pt-pt\/#website","url":"https:\/\/neckdiagrams.com\/pt-pt\/","name":"Neck Diagrams","description":"Chord chart and fretboard diagram software for guitar, bass, banjo, ukulele and ANY fretted instrument","publisher":{"@id":"https:\/\/neckdiagrams.com\/pt-pt\/#organization"},"potentialAction":[{"@type":"SearchAction","target":{"@type":"EntryPoint","urlTemplate":"https:\/\/neckdiagrams.com\/pt-pt\/?s={search_term_string}"},"query-input":{"@type":"PropertyValueSpecification","valueRequired":true,"valueName":"search_term_string"}}],"inLanguage":"pt-PT"},{"@type":"Organization","@id":"https:\/\/neckdiagrams.com\/pt-pt\/#organization","name":"Digital Software Technology Ltd","url":"https:\/\/neckdiagrams.com\/pt-pt\/","logo":{"@type":"ImageObject","inLanguage":"pt-PT","@id":"https:\/\/neckdiagrams.com\/pt-pt\/#\/schema\/logo\/image\/","url":"https:\/\/neckdiagrams.com\/content\/uploads\/2024\/05\/ND2-Logo-474x474@2x.png","contentUrl":"https:\/\/neckdiagrams.com\/content\/uploads\/2024\/05\/ND2-Logo-474x474@2x.png","width":474,"height":474,"caption":"Digital Software Technology Ltd"},"image":{"@id":"https:\/\/neckdiagrams.com\/pt-pt\/#\/schema\/logo\/image\/"},"sameAs":["https:\/\/www.facebook.com\/NeckDiagrams","https:\/\/www.instagram.com\/neckdiagrams\/"]}]}},"_links":{"self":[{"href":"https:\/\/neckdiagrams.com\/pt-pt\/wp-json\/wp\/v2\/pages\/8717","targetHints":{"allow":["GET"]}}],"collection":[{"href":"https:\/\/neckdiagrams.com\/pt-pt\/wp-json\/wp\/v2\/pages"}],"about":[{"href":"https:\/\/neckdiagrams.com\/pt-pt\/wp-json\/wp\/v2\/types\/page"}],"author":[{"embeddable":true,"href":"https:\/\/neckdiagrams.com\/pt-pt\/wp-json\/wp\/v2\/users\/1"}],"replies":[{"embeddable":true,"href":"https:\/\/neckdiagrams.com\/pt-pt\/wp-json\/wp\/v2\/comments?post=8717"}],"version-history":[{"count":1,"href":"https:\/\/neckdiagrams.com\/pt-pt\/wp-json\/wp\/v2\/pages\/8717\/revisions"}],"predecessor-version":[{"id":8718,"href":"https:\/\/neckdiagrams.com\/pt-pt\/wp-json\/wp\/v2\/pages\/8717\/revisions\/8718"}],"wp:attachment":[{"href":"https:\/\/neckdiagrams.com\/pt-pt\/wp-json\/wp\/v2\/media?parent=8717"}],"curies":[{"name":"wp","href":"https:\/\/api.w.org\/{rel}","templated":true}]}}