{"id":8743,"date":"2025-04-28T20:12:30","date_gmt":"2025-04-28T19:12:30","guid":{"rendered":"https:\/\/neckdiagrams.com\/licenza\/"},"modified":"2025-04-28T20:12:31","modified_gmt":"2025-04-28T19:12:31","slug":"licenza","status":"publish","type":"page","link":"https:\/\/neckdiagrams.com\/it\/licenza\/","title":{"rendered":"Licenza"},"content":{"rendered":"\n<div class=\"wp-block-cover has-white-background-color has-background-dim\"><div class=\"wp-block-cover__inner-container is-layout-flow wp-block-cover-is-layout-flow\">\n<div class=\"wp-block-group is-style-contain-md\"><div class=\"wp-block-group__inner-container is-layout-flow wp-block-group-is-layout-flow\">\n<h1 id=\"contratto-di-licenza\" class=\"wp-block-heading is-style-h1\">CONTRATTO DI LICENZA<\/h1>\n\n\n\n<h3 id=\"lutilizzo-di-neck-diagrams-da-parte-dellutente-e-regolato-dai-seguenti-termini-e-condizioni\" class=\"wp-block-heading is-style-h2\">L&#8217;UTILIZZO DI NECK DIAGRAMS DA PARTE DELL&#8217;UTENTE \u00c8 REGOLATO DAI SEGUENTI TERMINI E CONDIZIONI:<\/h3>\n\n\n\n<p class=\"wp-block-paragraph\">ACCETTAZIONE DEL CONTRATTO DI LICENZA<\/p>\n\n\n\n<p class=\"wp-block-paragraph\">Prima di utilizzare Neck Diagrams (il &#8220;Software&#8221;), \u00e8 necessario leggere attentamente i seguenti termini e condizioni. A meno che non si disponga di un diverso contratto di licenza firmato da Digital Software Technology, l&#8217;utilizzo di questo software implica l&#8217;accettazione di questi termini e condizioni. Se non si accettano tutti i termini e le condizioni, \u00e8 necessario interrompere immediatamente l&#8217;utilizzo del Software.  <\/p>\n\n\n\n<h2 id=\"copyright\" class=\"wp-block-heading is-style-h3\">COPYRIGHT<\/h2>\n\n\n\n<p class=\"wp-block-paragraph\">Il Cliente riconosce che il Software, la Chiave di licenza e la documentazione per l&#8217;utente che lo accompagna (&#8220;Documentazione&#8221;) sono opere protette da copyright di propriet\u00e0 di Digital Software Technology e che il Cliente non ha alcun diritto su quanto precede ad eccezione di quanto espressamente concesso nel presente documento.<\/p>\n\n\n\n<h2 id=\"prova-gratuita-di-20-utilizzi\" class=\"wp-block-heading is-style-h3\">PROVA GRATUITA DI 20 UTILIZZI<\/h2>\n\n\n\n<p class=\"wp-block-paragraph\">Non si tratta di software gratuito. Con il presente documento Digital Software Technology concede all&#8217;utente una licenza non esclusiva, non trasferibile e limitata per l&#8217;utilizzo gratuito del Software per venti (20) utilizzi. L&#8217;utilizzo del Software oltre il periodo di prova di venti utilizzi (20 utilizzi) richiede l&#8217;acquisto di una chiave di licenza come descritto di seguito. L&#8217;uso del Software oltre il periodo di prova di venti usi (20 usi) senza l&#8217;acquisto di una chiave di licenza costituisce una violazione delle leggi britanniche e internazionali sul copyright.   <\/p>\n\n\n\n<h2 id=\"chiave-di-licenza\" class=\"wp-block-heading is-style-h3\">CHIAVE DI LICENZA<\/h2>\n\n\n\n<p class=\"wp-block-paragraph\">Una chiave unica che consente di utilizzare il Software oltre il periodo di prova gratuito di venti usi (20 usi) (&#8220;Chiave di licenza&#8221;) pu\u00f2 essere acquistata dal sito web di Neck Diagrams, che attualmente \u00e8 <a href=\"https:\/\/www.neckdiagrams.com\/\">https:\/\/www.neckdiagrams.com.<\/a> Le Chiavi di Licenza possono essere acquistate per singoli utenti e hanno un prezzo conforme al listino prezzi sul sito web di Neck Diagrams. Al momento dell&#8217;acquisto di una chiave di licenza, Digital Software Technology concede all&#8217;utente una licenza non esclusiva e non trasferibile per l&#8217;utilizzo del Software come segue:  <\/p>\n\n\n\n<p class=\"wp-block-paragraph\">Chiave di licenza personale: Una chiave di licenza per singolo utente (&#8220;personale&#8221;) pu\u00f2 essere utilizzata da un singolo utente che utilizza personalmente il Software su uno o pi\u00f9 computer, oppure installata su un singolo computer utilizzato da pi\u00f9 persone, ma non su entrambi.<\/p>\n\n\n\n<p class=\"wp-block-paragraph\">Il Cliente \u00e8 responsabile della conservazione della chiave di licenza in un luogo sicuro e gli \u00e8 espressamente vietato distribuire la chiave di licenza, intenzionalmente o meno, a terzi. In caso di perdita o distribuzione della chiave di licenza, il Cliente sar\u00e0 tenuto a pagare una tariffa di ripristino a discrezione di Digital Software Technology. <\/p>\n\n\n\n<h2 id=\"distribuzione-del-software\" class=\"wp-block-heading is-style-h3\">DISTRIBUZIONE DEL SOFTWARE<\/h2>\n\n\n\n<p class=\"wp-block-paragraph\">A condizione che non copiate o distribuiate la chiave di licenza e che includiate una copia del presente Contratto di licenza, potete (a) fare copie del Software; (b) fornire copie esatte e non modificate del Software a chiunque; e (c) distribuire il Software nella sua forma non modificata tramite mezzi elettronici. \u00c8 specificamente vietato addebitare qualsiasi costo per tali copie o distribuzioni.    <\/p>\n\n\n\n<h2 id=\"termine-e-risoluzione\" class=\"wp-block-heading is-style-h3\">TERMINE E RISOLUZIONE<\/h2>\n\n\n\n<p class=\"wp-block-paragraph\">L&#8217;utente pu\u00f2 continuare a utilizzare il Software finch\u00e9 rispetta i termini e le condizioni del presente Contratto di licenza. Digital Software Technology pu\u00f2 risolvere il presente Contratto di licenza immediatamente, previa comunicazione all&#8217;utente, nel caso in cui Digital Software Technology abbia motivo di ritenere che l&#8217;utente abbia violato il presente Contratto di licenza. In caso di risoluzione, l&#8217;utente dovr\u00e0 cessare immediatamente l&#8217;utilizzo del Software, della Chiave di licenza e della Documentazione e non avr\u00e0 diritto al rimborso di alcuna tariffa pagata.  <\/p>\n\n\n\n<h2 id=\"legge-applicabile\" class=\"wp-block-heading is-style-h3\">LEGGE APPLICABILE<\/h2>\n\n\n\n<p class=\"wp-block-paragraph\">La validit\u00e0 e l&#8217;interpretazione del presente Contratto saranno disciplinate dalle leggi del Regno Unito. Il Cliente accetta che i tribunali di Londra, Inghilterra, siano la sede appropriata per le azioni relative al presente Contratto e acconsente alla giurisdizione esclusiva e alla sede di tali tribunali. <\/p>\n\n\n\n<h2 id=\"esclusione-di-garanzia\" class=\"wp-block-heading is-style-h3\">ESCLUSIONE DI GARANZIA<\/h2>\n\n\n\n<p class=\"wp-block-paragraph\">IL SOFTWARE E LA DOCUMENTAZIONE SONO FORNITI &#8220;COS\u00cc COME SONO&#8221;. NELLA MISURA MASSIMA CONSENTITA DALLA LEGGE APPLICABILE, DIGITAL SOFTWARE TECHNOLOGY NON RICONOSCE ALCUNA GARANZIA, ESPLICITA O IMPLICITA, INCLUSE, A TITOLO ESEMPLIFICATIVO, LE GARANZIE IMPLICITE DI COMMERCIABILIT\u00c0, NON VIOLAZIONE E IDONEIT\u00c0 A UNO SCOPO PARTICOLARE. QUALSIASI RESPONSABILIT\u00c0 DI DIGITAL SOFTWARE TECHNOLOGY SAR\u00c0 LIMITATA ESCLUSIVAMENTE AL RIMBORSO DEL PREZZO DI ACQUISTO.  <\/p>\n<\/div><\/div>\n<\/div><\/div>\n","protected":false},"excerpt":{"rendered":"","protected":false},"author":1,"featured_media":0,"parent":0,"menu_order":0,"comment_status":"closed","ping_status":"closed","template":"","meta":{"_acf_changed":false,"inline_featured_image":false,"footnotes":""},"class_list":["post-8743","page","type-page","status-publish","hentry"],"acf":[],"yoast_head":"<!-- This site is optimized with the Yoast SEO plugin v27.5 - https:\/\/yoast.com\/product\/yoast-seo-wordpress\/ -->\n<title>Licenza - Neck Diagrams<\/title>\n<meta name=\"robots\" content=\"index, follow, max-snippet:-1, max-image-preview:large, max-video-preview:-1\" \/>\n<link rel=\"canonical\" href=\"https:\/\/neckdiagrams.com\/it\/licenza\/\" \/>\n<meta property=\"og:locale\" content=\"it_IT\" \/>\n<meta property=\"og:type\" content=\"article\" \/>\n<meta property=\"og:title\" content=\"Licenza - Neck Diagrams\" \/>\n<meta property=\"og:url\" content=\"https:\/\/neckdiagrams.com\/it\/licenza\/\" \/>\n<meta property=\"og:site_name\" content=\"Neck Diagrams\" \/>\n<meta property=\"article:publisher\" content=\"https:\/\/www.facebook.com\/NeckDiagrams\" \/>\n<meta property=\"article:modified_time\" content=\"2025-04-28T19:12:31+00:00\" \/>\n<meta name=\"twitter:card\" content=\"summary_large_image\" \/>\n<meta name=\"twitter:label1\" content=\"Est. reading time\" \/>\n\t<meta name=\"twitter:data1\" content=\"3 minutes\" \/>\n<script type=\"application\/ld+json\" class=\"yoast-schema-graph\">{\"@context\":\"https:\\\/\\\/schema.org\",\"@graph\":[{\"@type\":\"WebPage\",\"@id\":\"https:\\\/\\\/neckdiagrams.com\\\/it\\\/licenza\\\/\",\"url\":\"https:\\\/\\\/neckdiagrams.com\\\/it\\\/licenza\\\/\",\"name\":\"Licenza - Neck Diagrams\",\"isPartOf\":{\"@id\":\"https:\\\/\\\/neckdiagrams.com\\\/it\\\/#website\"},\"datePublished\":\"2025-04-28T19:12:30+00:00\",\"dateModified\":\"2025-04-28T19:12:31+00:00\",\"breadcrumb\":{\"@id\":\"https:\\\/\\\/neckdiagrams.com\\\/it\\\/licenza\\\/#breadcrumb\"},\"inLanguage\":\"it-IT\",\"potentialAction\":[{\"@type\":\"ReadAction\",\"target\":[\"https:\\\/\\\/neckdiagrams.com\\\/it\\\/licenza\\\/\"]}]},{\"@type\":\"BreadcrumbList\",\"@id\":\"https:\\\/\\\/neckdiagrams.com\\\/it\\\/licenza\\\/#breadcrumb\",\"itemListElement\":[{\"@type\":\"ListItem\",\"position\":1,\"name\":\"Home\",\"item\":\"https:\\\/\\\/www.neckdiagrams.com\\\/it\\\/\"},{\"@type\":\"ListItem\",\"position\":2,\"name\":\"Licenza\"}]},{\"@type\":\"WebSite\",\"@id\":\"https:\\\/\\\/neckdiagrams.com\\\/it\\\/#website\",\"url\":\"https:\\\/\\\/neckdiagrams.com\\\/it\\\/\",\"name\":\"Neck Diagrams\",\"description\":\"Chord chart and fretboard diagram software for guitar, bass, banjo, ukulele and ANY fretted instrument\",\"publisher\":{\"@id\":\"https:\\\/\\\/neckdiagrams.com\\\/it\\\/#organization\"},\"potentialAction\":[{\"@type\":\"SearchAction\",\"target\":{\"@type\":\"EntryPoint\",\"urlTemplate\":\"https:\\\/\\\/neckdiagrams.com\\\/it\\\/?s={search_term_string}\"},\"query-input\":{\"@type\":\"PropertyValueSpecification\",\"valueRequired\":true,\"valueName\":\"search_term_string\"}}],\"inLanguage\":\"it-IT\"},{\"@type\":\"Organization\",\"@id\":\"https:\\\/\\\/neckdiagrams.com\\\/it\\\/#organization\",\"name\":\"Digital Software Technology Ltd\",\"url\":\"https:\\\/\\\/neckdiagrams.com\\\/it\\\/\",\"logo\":{\"@type\":\"ImageObject\",\"inLanguage\":\"it-IT\",\"@id\":\"https:\\\/\\\/neckdiagrams.com\\\/it\\\/#\\\/schema\\\/logo\\\/image\\\/\",\"url\":\"https:\\\/\\\/neckdiagrams.com\\\/content\\\/uploads\\\/2024\\\/05\\\/ND2-Logo-474x474@2x.png\",\"contentUrl\":\"https:\\\/\\\/neckdiagrams.com\\\/content\\\/uploads\\\/2024\\\/05\\\/ND2-Logo-474x474@2x.png\",\"width\":474,\"height\":474,\"caption\":\"Digital Software Technology Ltd\"},\"image\":{\"@id\":\"https:\\\/\\\/neckdiagrams.com\\\/it\\\/#\\\/schema\\\/logo\\\/image\\\/\"},\"sameAs\":[\"https:\\\/\\\/www.facebook.com\\\/NeckDiagrams\",\"https:\\\/\\\/www.instagram.com\\\/neckdiagrams\\\/\"]}]}<\/script>\n<!-- \/ Yoast SEO plugin. -->","yoast_head_json":{"title":"Licenza - Neck Diagrams","robots":{"index":"index","follow":"follow","max-snippet":"max-snippet:-1","max-image-preview":"max-image-preview:large","max-video-preview":"max-video-preview:-1"},"canonical":"https:\/\/neckdiagrams.com\/it\/licenza\/","og_locale":"it_IT","og_type":"article","og_title":"Licenza - Neck Diagrams","og_url":"https:\/\/neckdiagrams.com\/it\/licenza\/","og_site_name":"Neck Diagrams","article_publisher":"https:\/\/www.facebook.com\/NeckDiagrams","article_modified_time":"2025-04-28T19:12:31+00:00","twitter_card":"summary_large_image","twitter_misc":{"Est. reading time":"3 minutes"},"schema":{"@context":"https:\/\/schema.org","@graph":[{"@type":"WebPage","@id":"https:\/\/neckdiagrams.com\/it\/licenza\/","url":"https:\/\/neckdiagrams.com\/it\/licenza\/","name":"Licenza - Neck Diagrams","isPartOf":{"@id":"https:\/\/neckdiagrams.com\/it\/#website"},"datePublished":"2025-04-28T19:12:30+00:00","dateModified":"2025-04-28T19:12:31+00:00","breadcrumb":{"@id":"https:\/\/neckdiagrams.com\/it\/licenza\/#breadcrumb"},"inLanguage":"it-IT","potentialAction":[{"@type":"ReadAction","target":["https:\/\/neckdiagrams.com\/it\/licenza\/"]}]},{"@type":"BreadcrumbList","@id":"https:\/\/neckdiagrams.com\/it\/licenza\/#breadcrumb","itemListElement":[{"@type":"ListItem","position":1,"name":"Home","item":"https:\/\/www.neckdiagrams.com\/it\/"},{"@type":"ListItem","position":2,"name":"Licenza"}]},{"@type":"WebSite","@id":"https:\/\/neckdiagrams.com\/it\/#website","url":"https:\/\/neckdiagrams.com\/it\/","name":"Neck Diagrams","description":"Chord chart and fretboard diagram software for guitar, bass, banjo, ukulele and ANY fretted instrument","publisher":{"@id":"https:\/\/neckdiagrams.com\/it\/#organization"},"potentialAction":[{"@type":"SearchAction","target":{"@type":"EntryPoint","urlTemplate":"https:\/\/neckdiagrams.com\/it\/?s={search_term_string}"},"query-input":{"@type":"PropertyValueSpecification","valueRequired":true,"valueName":"search_term_string"}}],"inLanguage":"it-IT"},{"@type":"Organization","@id":"https:\/\/neckdiagrams.com\/it\/#organization","name":"Digital Software Technology Ltd","url":"https:\/\/neckdiagrams.com\/it\/","logo":{"@type":"ImageObject","inLanguage":"it-IT","@id":"https:\/\/neckdiagrams.com\/it\/#\/schema\/logo\/image\/","url":"https:\/\/neckdiagrams.com\/content\/uploads\/2024\/05\/ND2-Logo-474x474@2x.png","contentUrl":"https:\/\/neckdiagrams.com\/content\/uploads\/2024\/05\/ND2-Logo-474x474@2x.png","width":474,"height":474,"caption":"Digital Software Technology Ltd"},"image":{"@id":"https:\/\/neckdiagrams.com\/it\/#\/schema\/logo\/image\/"},"sameAs":["https:\/\/www.facebook.com\/NeckDiagrams","https:\/\/www.instagram.com\/neckdiagrams\/"]}]}},"_links":{"self":[{"href":"https:\/\/neckdiagrams.com\/it\/wp-json\/wp\/v2\/pages\/8743","targetHints":{"allow":["GET"]}}],"collection":[{"href":"https:\/\/neckdiagrams.com\/it\/wp-json\/wp\/v2\/pages"}],"about":[{"href":"https:\/\/neckdiagrams.com\/it\/wp-json\/wp\/v2\/types\/page"}],"author":[{"embeddable":true,"href":"https:\/\/neckdiagrams.com\/it\/wp-json\/wp\/v2\/users\/1"}],"replies":[{"embeddable":true,"href":"https:\/\/neckdiagrams.com\/it\/wp-json\/wp\/v2\/comments?post=8743"}],"version-history":[{"count":1,"href":"https:\/\/neckdiagrams.com\/it\/wp-json\/wp\/v2\/pages\/8743\/revisions"}],"predecessor-version":[{"id":8744,"href":"https:\/\/neckdiagrams.com\/it\/wp-json\/wp\/v2\/pages\/8743\/revisions\/8744"}],"wp:attachment":[{"href":"https:\/\/neckdiagrams.com\/it\/wp-json\/wp\/v2\/media?parent=8743"}],"curies":[{"name":"wp","href":"https:\/\/api.w.org\/{rel}","templated":true}]}}