{"id":8959,"date":"2025-05-11T18:32:37","date_gmt":"2025-05-11T17:32:37","guid":{"rendered":"https:\/\/www.neckdiagrams.com\/avis\/"},"modified":"2025-05-11T18:32:37","modified_gmt":"2025-05-11T17:32:37","slug":"avis","status":"publish","type":"page","link":"https:\/\/neckdiagrams.com\/fr\/avis\/","title":{"rendered":"Avis"},"content":{"rendered":"\n<div class=\"wp-block-cover has-black-background-color has-background-dim has-custom-content-position is-position-bottom-center is-style-default\"><div class=\"wp-block-cover__inner-container is-layout-flow wp-block-cover-is-layout-flow\">\n<div class=\"wp-block-group\"><div class=\"wp-block-group__inner-container is-layout-flow wp-block-group-is-layout-flow\">\n<h1 id=\"commentaires\" class=\"wp-block-heading has-text-align-center is-style-headline\">Commentaires<\/h1>\n<\/div><\/div>\n<\/div><\/div>\n\n<div class=\"wp-block-cover has-black-background-color has-background-dim is-style-80-height\"><img decoding=\"async\" width=\"1440\" height=\"900\" class=\"wp-block-cover__image-background wp-image-555\" alt=\"\" src=\"https:\/\/www.neckdiagrams.com\/content\/uploads\/2021\/08\/justin.jpeg\" style=\"object-position:47% 19%\" data-object-fit=\"cover\" data-object-position=\"47% 19%\" srcset=\"https:\/\/neckdiagrams.com\/content\/uploads\/2021\/08\/justin.jpeg 1440w, https:\/\/neckdiagrams.com\/content\/uploads\/2021\/08\/justin-600x375.jpeg 600w, https:\/\/neckdiagrams.com\/content\/uploads\/2021\/08\/justin-1200x750.jpeg 1200w, https:\/\/neckdiagrams.com\/content\/uploads\/2021\/08\/justin-768x480.jpeg 768w\" sizes=\"(max-width: 1440px) 100vw, 1440px\" \/><div class=\"wp-block-cover__inner-container is-layout-flow wp-block-cover-is-layout-flow\">\n<div class=\"wp-block-group\"><div class=\"wp-block-group__inner-container is-layout-flow wp-block-group-is-layout-flow\">\n<div class=\"wp-block-columns are-vertically-aligned-center is-layout-flex wp-container-core-columns-is-layout-9d6595d7 wp-block-columns-is-layout-flex\">\n<div class=\"wp-block-column is-vertically-aligned-center is-layout-flow wp-block-column-is-layout-flow\">\n<blockquote class=\"wp-block-quote is-style-default is-layout-flow wp-block-quote-is-layout-flow\"><p>J&#8217;utilise le logiciel Neck Diagrams pour tous les accords, les gammes et les images de manche sur mon site, et ce depuis des ann\u00e9es. C&#8217;est facile \u00e0 utiliser et c&#8217;est tr\u00e8s joli ! <\/p><p>Pour les enseignants, c&#8217;est formidable d&#8217;avoir des bo\u00eetes d&#8217;accords pr\u00eates \u00e0 \u00eatre imprim\u00e9es pour les \u00e9l\u00e8ves et cela permet de gagner du temps en \u00e9crivant les diagrammes \u00e0 la main. Mais c&#8217;est aussi g\u00e9nial pour tous les \u00e9l\u00e8ves ! <\/p><p>Les d\u00e9butants peuvent l&#8217;utiliser pour cr\u00e9er leur propre carnet d&#8217;accords et l&#8217;\u00e9diter au fur et \u00e0 mesure de leur progression. Les joueurs plus avanc\u00e9s peuvent l&#8217;utiliser pour trouver la fonction des notes dans les accords et les adapter. Je parie que vous allez l&#8217;adorer !  <\/p><cite>Justin Sandercoe (justinguitar.com)<\/cite><\/blockquote>\n<\/div>\n\n\n\n<div class=\"wp-block-column is-vertically-aligned-center is-layout-flow wp-block-column-is-layout-flow\"><\/div>\n<\/div>\n<\/div><\/div>\n<\/div><\/div>\n\n<div class=\"wp-block-cover has-black-background-color has-background-dim is-style-80-height\"><img decoding=\"async\" width=\"2560\" height=\"1551\" class=\"wp-block-cover__image-background wp-image-33\" alt=\"\" src=\"https:\/\/www.neckdiagrams.com\/content\/uploads\/2021\/05\/bg-dave-weiner-scaled.jpg\" style=\"object-position:8% 13%\" data-object-fit=\"cover\" data-object-position=\"8% 13%\" srcset=\"https:\/\/neckdiagrams.com\/content\/uploads\/2021\/05\/bg-dave-weiner-scaled.jpg 2560w, https:\/\/neckdiagrams.com\/content\/uploads\/2021\/05\/bg-dave-weiner-600x363.jpg 600w, https:\/\/neckdiagrams.com\/content\/uploads\/2021\/05\/bg-dave-weiner-1200x727.jpg 1200w, https:\/\/neckdiagrams.com\/content\/uploads\/2021\/05\/bg-dave-weiner-768x465.jpg 768w, https:\/\/neckdiagrams.com\/content\/uploads\/2021\/05\/bg-dave-weiner-1536x930.jpg 1536w, https:\/\/neckdiagrams.com\/content\/uploads\/2021\/05\/bg-dave-weiner-2048x1241.jpg 2048w\" sizes=\"(max-width: 2560px) 100vw, 2560px\" \/><div class=\"wp-block-cover__inner-container is-layout-flow wp-block-cover-is-layout-flow\">\n<div class=\"wp-block-group\"><div class=\"wp-block-group__inner-container is-layout-flow wp-block-group-is-layout-flow\">\n<div class=\"wp-block-columns are-vertically-aligned-center is-layout-flex wp-container-core-columns-is-layout-9d6595d7 wp-block-columns-is-layout-flex\">\n<div class=\"wp-block-column is-vertically-aligned-center is-layout-flow wp-block-column-is-layout-flow\"><\/div>\n\n\n\n<div class=\"wp-block-column is-vertically-aligned-center is-layout-flow wp-block-column-is-layout-flow\">\n<blockquote class=\"wp-block-quote is-style-large is-layout-flow wp-block-quote-is-layout-flow\"><p>Des diagrammes plus propres et plus efficaces pour mes \u00e9l\u00e8ves et les \u00e9pisodes de Guitopia que je n&#8217;ai jamais pu faire auparavant. Et le mieux, c&#8217;est que c&#8217;est tellement facile ! <\/p><cite>Dave Weiner (The Steve Vai Band)<\/cite><\/blockquote>\n<\/div>\n<\/div>\n<\/div><\/div>\n<\/div><\/div>\n\n<div class=\"wp-block-cover has-black-background-color has-background-dim is-style-80-height\"><img decoding=\"async\" width=\"1800\" height=\"1800\" class=\"wp-block-cover__image-background wp-image-534\" alt=\"\" src=\"https:\/\/www.neckdiagrams.com\/content\/uploads\/2021\/08\/DSCF0145-comp.jpg\" style=\"object-position:51% 21%\" data-object-fit=\"cover\" data-object-position=\"51% 21%\" srcset=\"https:\/\/neckdiagrams.com\/content\/uploads\/2021\/08\/DSCF0145-comp.jpg 1800w, https:\/\/neckdiagrams.com\/content\/uploads\/2021\/08\/DSCF0145-comp-400x400.jpg 400w, https:\/\/neckdiagrams.com\/content\/uploads\/2021\/08\/DSCF0145-comp-800x800.jpg 800w, https:\/\/neckdiagrams.com\/content\/uploads\/2021\/08\/DSCF0145-comp-768x768.jpg 768w, https:\/\/neckdiagrams.com\/content\/uploads\/2021\/08\/DSCF0145-comp-1536x1536.jpg 1536w\" sizes=\"(max-width: 1800px) 100vw, 1800px\" \/><div class=\"wp-block-cover__inner-container is-layout-flow wp-block-cover-is-layout-flow\">\n<div class=\"wp-block-group\"><div class=\"wp-block-group__inner-container is-layout-flow wp-block-group-is-layout-flow\">\n<div class=\"wp-block-columns are-vertically-aligned-center is-layout-flex wp-container-core-columns-is-layout-9d6595d7 wp-block-columns-is-layout-flex\">\n<div class=\"wp-block-column is-vertically-aligned-center is-layout-flow wp-block-column-is-layout-flow\"><\/div>\n\n\n\n<div class=\"wp-block-column is-vertically-aligned-center is-layout-flow wp-block-column-is-layout-flow\">\n<blockquote class=\"wp-block-quote is-style-large is-layout-flow wp-block-quote-is-layout-flow\"><p>J&#8217;utilise toujours Neck Diagrams dans mes cours. Les \u00e9l\u00e8ves l&#8217;adorent, il est facile \u00e0 utiliser et il est superbe ! <\/p><cite>Danny Gill (Lick Library)<\/cite><\/blockquote>\n<\/div>\n<\/div>\n<\/div><\/div>\n<\/div><\/div>\n\n<div class=\"wp-block-cover has-black-background-color has-background-dim is-style-80-height\"><img decoding=\"async\" width=\"1900\" height=\"1267\" class=\"wp-block-cover__image-background wp-image-537\" alt=\"\" src=\"https:\/\/www.neckdiagrams.com\/content\/uploads\/2021\/08\/Matt-Warnock.jpg\" style=\"object-position:47% 19%\" data-object-fit=\"cover\" data-object-position=\"47% 19%\" srcset=\"https:\/\/neckdiagrams.com\/content\/uploads\/2021\/08\/Matt-Warnock.jpg 1900w, https:\/\/neckdiagrams.com\/content\/uploads\/2021\/08\/Matt-Warnock-600x400.jpg 600w, https:\/\/neckdiagrams.com\/content\/uploads\/2021\/08\/Matt-Warnock-1200x800.jpg 1200w, https:\/\/neckdiagrams.com\/content\/uploads\/2021\/08\/Matt-Warnock-300x200.jpg 300w, https:\/\/neckdiagrams.com\/content\/uploads\/2021\/08\/Matt-Warnock-768x512.jpg 768w, https:\/\/neckdiagrams.com\/content\/uploads\/2021\/08\/Matt-Warnock-1536x1024.jpg 1536w\" sizes=\"(max-width: 1900px) 100vw, 1900px\" \/><div class=\"wp-block-cover__inner-container is-layout-flow wp-block-cover-is-layout-flow\">\n<div class=\"wp-block-group\"><div class=\"wp-block-group__inner-container is-layout-flow wp-block-group-is-layout-flow\">\n<div class=\"wp-block-columns are-vertically-aligned-center is-layout-flex wp-container-core-columns-is-layout-9d6595d7 wp-block-columns-is-layout-flex\">\n<div class=\"wp-block-column is-vertically-aligned-center is-layout-flow wp-block-column-is-layout-flow\"><\/div>\n\n\n\n<div class=\"wp-block-column is-vertically-aligned-center is-layout-flow wp-block-column-is-layout-flow\">\n<blockquote class=\"wp-block-quote is-style-large is-layout-flow wp-block-quote-is-layout-flow\"><p>ND est le moyen le plus rapide et le plus facile de cr\u00e9er des diagrammes d&#8217;accords, de gammes et d&#8217;arp\u00e8ges que je connaisse. Je l&#8217;utilise quotidiennement, litt\u00e9ralement, depuis des ann\u00e9es, et je ne pourrais pas enseigner sans lui. Un outil de pratique et d&#8217;enseignement indispensable pour tout guitariste.  <\/p><cite>Matt Warnock (Artiste solo)<\/cite><\/blockquote>\n<\/div>\n<\/div>\n<\/div><\/div>\n<\/div><\/div>\n\n<div class=\"wp-block-cover has-black-background-color has-background-dim is-style-80-height\"><img decoding=\"async\" width=\"1920\" height=\"1080\" class=\"wp-block-cover__image-background wp-image-538\" alt=\"\" src=\"https:\/\/www.neckdiagrams.com\/content\/uploads\/2021\/08\/David.jpeg\" style=\"object-position:49% 15%\" data-object-fit=\"cover\" data-object-position=\"49% 15%\" srcset=\"https:\/\/neckdiagrams.com\/content\/uploads\/2021\/08\/David.jpeg 1920w, https:\/\/neckdiagrams.com\/content\/uploads\/2021\/08\/David-600x338.jpeg 600w, https:\/\/neckdiagrams.com\/content\/uploads\/2021\/08\/David-1200x675.jpeg 1200w, https:\/\/neckdiagrams.com\/content\/uploads\/2021\/08\/David-768x432.jpeg 768w, https:\/\/neckdiagrams.com\/content\/uploads\/2021\/08\/David-1536x864.jpeg 1536w\" sizes=\"(max-width: 1920px) 100vw, 1920px\" \/><div class=\"wp-block-cover__inner-container is-layout-flow wp-block-cover-is-layout-flow\">\n<div class=\"wp-block-group\"><div class=\"wp-block-group__inner-container is-layout-flow wp-block-group-is-layout-flow\">\n<div class=\"wp-block-columns are-vertically-aligned-center is-layout-flex wp-container-core-columns-is-layout-9d6595d7 wp-block-columns-is-layout-flex\">\n<div class=\"wp-block-column is-vertically-aligned-center is-layout-flow wp-block-column-is-layout-flow\"><\/div>\n\n\n\n<div class=\"wp-block-column is-vertically-aligned-center is-layout-flow wp-block-column-is-layout-flow\">\n<blockquote class=\"wp-block-quote is-style-large is-layout-flow wp-block-quote-is-layout-flow\"><p>Lorsqu&#8217;il s&#8217;agit de cr\u00e9er des diagrammes impressionnants, Neck Diagram est le meilleur. Je l&#8217;utilise litt\u00e9ralement tous les jours depuis 2001. Je le recommande vivement !  <\/p><cite>David Wallimann (artiste solo, tuteur)<\/cite><\/blockquote>\n<\/div>\n<\/div>\n<\/div><\/div>\n<\/div><\/div>\n","protected":false},"excerpt":{"rendered":"","protected":false},"author":1,"featured_media":0,"parent":0,"menu_order":0,"comment_status":"closed","ping_status":"closed","template":"","meta":{"_acf_changed":false,"inline_featured_image":false,"footnotes":""},"class_list":["post-8959","page","type-page","status-publish","hentry"],"acf":[],"yoast_head":"<!-- This site is optimized with the Yoast SEO plugin v27.5 - https:\/\/yoast.com\/product\/yoast-seo-wordpress\/ -->\n<title>Avis - Neck Diagrams<\/title>\n<meta name=\"robots\" content=\"index, follow, max-snippet:-1, max-image-preview:large, max-video-preview:-1\" \/>\n<link rel=\"canonical\" href=\"https:\/\/neckdiagrams.com\/fr\/avis\/\" \/>\n<meta property=\"og:locale\" content=\"fr_FR\" \/>\n<meta property=\"og:type\" content=\"article\" \/>\n<meta property=\"og:title\" content=\"Avis - Neck Diagrams\" \/>\n<meta property=\"og:url\" content=\"https:\/\/neckdiagrams.com\/fr\/avis\/\" \/>\n<meta property=\"og:site_name\" content=\"Neck Diagrams\" \/>\n<meta property=\"article:publisher\" content=\"https:\/\/www.facebook.com\/NeckDiagrams\" \/>\n<meta property=\"og:image\" content=\"https:\/\/www.neckdiagrams.com\/content\/uploads\/2021\/08\/justin.jpeg\" \/>\n<meta name=\"twitter:card\" content=\"summary_large_image\" \/>\n<meta name=\"twitter:label1\" content=\"Est. reading time\" \/>\n\t<meta name=\"twitter:data1\" content=\"1 minute\" \/>\n<script type=\"application\/ld+json\" class=\"yoast-schema-graph\">{\"@context\":\"https:\\\/\\\/schema.org\",\"@graph\":[{\"@type\":\"WebPage\",\"@id\":\"https:\\\/\\\/neckdiagrams.com\\\/fr\\\/avis\\\/\",\"url\":\"https:\\\/\\\/neckdiagrams.com\\\/fr\\\/avis\\\/\",\"name\":\"Avis - Neck Diagrams\",\"isPartOf\":{\"@id\":\"https:\\\/\\\/neckdiagrams.com\\\/fr\\\/#website\"},\"primaryImageOfPage\":{\"@id\":\"https:\\\/\\\/neckdiagrams.com\\\/fr\\\/avis\\\/#primaryimage\"},\"image\":{\"@id\":\"https:\\\/\\\/neckdiagrams.com\\\/fr\\\/avis\\\/#primaryimage\"},\"thumbnailUrl\":\"https:\\\/\\\/www.neckdiagrams.com\\\/content\\\/uploads\\\/2021\\\/08\\\/justin.jpeg\",\"datePublished\":\"2025-05-11T17:32:37+00:00\",\"breadcrumb\":{\"@id\":\"https:\\\/\\\/neckdiagrams.com\\\/fr\\\/avis\\\/#breadcrumb\"},\"inLanguage\":\"fr-FR\",\"potentialAction\":[{\"@type\":\"ReadAction\",\"target\":[\"https:\\\/\\\/neckdiagrams.com\\\/fr\\\/avis\\\/\"]}]},{\"@type\":\"ImageObject\",\"inLanguage\":\"fr-FR\",\"@id\":\"https:\\\/\\\/neckdiagrams.com\\\/fr\\\/avis\\\/#primaryimage\",\"url\":\"https:\\\/\\\/www.neckdiagrams.com\\\/content\\\/uploads\\\/2021\\\/08\\\/justin.jpeg\",\"contentUrl\":\"https:\\\/\\\/www.neckdiagrams.com\\\/content\\\/uploads\\\/2021\\\/08\\\/justin.jpeg\"},{\"@type\":\"BreadcrumbList\",\"@id\":\"https:\\\/\\\/neckdiagrams.com\\\/fr\\\/avis\\\/#breadcrumb\",\"itemListElement\":[{\"@type\":\"ListItem\",\"position\":1,\"name\":\"Home\",\"item\":\"https:\\\/\\\/www.neckdiagrams.com\\\/fr\\\/\"},{\"@type\":\"ListItem\",\"position\":2,\"name\":\"Avis\"}]},{\"@type\":\"WebSite\",\"@id\":\"https:\\\/\\\/neckdiagrams.com\\\/fr\\\/#website\",\"url\":\"https:\\\/\\\/neckdiagrams.com\\\/fr\\\/\",\"name\":\"Neck Diagrams\",\"description\":\"Chord chart and fretboard diagram software for guitar, bass, banjo, ukulele and ANY fretted instrument\",\"publisher\":{\"@id\":\"https:\\\/\\\/neckdiagrams.com\\\/fr\\\/#organization\"},\"potentialAction\":[{\"@type\":\"SearchAction\",\"target\":{\"@type\":\"EntryPoint\",\"urlTemplate\":\"https:\\\/\\\/neckdiagrams.com\\\/fr\\\/?s={search_term_string}\"},\"query-input\":{\"@type\":\"PropertyValueSpecification\",\"valueRequired\":true,\"valueName\":\"search_term_string\"}}],\"inLanguage\":\"fr-FR\"},{\"@type\":\"Organization\",\"@id\":\"https:\\\/\\\/neckdiagrams.com\\\/fr\\\/#organization\",\"name\":\"Digital Software Technology Ltd\",\"url\":\"https:\\\/\\\/neckdiagrams.com\\\/fr\\\/\",\"logo\":{\"@type\":\"ImageObject\",\"inLanguage\":\"fr-FR\",\"@id\":\"https:\\\/\\\/neckdiagrams.com\\\/fr\\\/#\\\/schema\\\/logo\\\/image\\\/\",\"url\":\"https:\\\/\\\/neckdiagrams.com\\\/content\\\/uploads\\\/2024\\\/05\\\/ND2-Logo-474x474@2x.png\",\"contentUrl\":\"https:\\\/\\\/neckdiagrams.com\\\/content\\\/uploads\\\/2024\\\/05\\\/ND2-Logo-474x474@2x.png\",\"width\":474,\"height\":474,\"caption\":\"Digital Software Technology Ltd\"},\"image\":{\"@id\":\"https:\\\/\\\/neckdiagrams.com\\\/fr\\\/#\\\/schema\\\/logo\\\/image\\\/\"},\"sameAs\":[\"https:\\\/\\\/www.facebook.com\\\/NeckDiagrams\",\"https:\\\/\\\/www.instagram.com\\\/neckdiagrams\\\/\"]}]}<\/script>\n<!-- \/ Yoast SEO plugin. -->","yoast_head_json":{"title":"Avis - Neck Diagrams","robots":{"index":"index","follow":"follow","max-snippet":"max-snippet:-1","max-image-preview":"max-image-preview:large","max-video-preview":"max-video-preview:-1"},"canonical":"https:\/\/neckdiagrams.com\/fr\/avis\/","og_locale":"fr_FR","og_type":"article","og_title":"Avis - Neck Diagrams","og_url":"https:\/\/neckdiagrams.com\/fr\/avis\/","og_site_name":"Neck Diagrams","article_publisher":"https:\/\/www.facebook.com\/NeckDiagrams","og_image":[{"url":"https:\/\/www.neckdiagrams.com\/content\/uploads\/2021\/08\/justin.jpeg","type":"","width":"","height":""}],"twitter_card":"summary_large_image","twitter_misc":{"Est. reading time":"1 minute"},"schema":{"@context":"https:\/\/schema.org","@graph":[{"@type":"WebPage","@id":"https:\/\/neckdiagrams.com\/fr\/avis\/","url":"https:\/\/neckdiagrams.com\/fr\/avis\/","name":"Avis - Neck Diagrams","isPartOf":{"@id":"https:\/\/neckdiagrams.com\/fr\/#website"},"primaryImageOfPage":{"@id":"https:\/\/neckdiagrams.com\/fr\/avis\/#primaryimage"},"image":{"@id":"https:\/\/neckdiagrams.com\/fr\/avis\/#primaryimage"},"thumbnailUrl":"https:\/\/www.neckdiagrams.com\/content\/uploads\/2021\/08\/justin.jpeg","datePublished":"2025-05-11T17:32:37+00:00","breadcrumb":{"@id":"https:\/\/neckdiagrams.com\/fr\/avis\/#breadcrumb"},"inLanguage":"fr-FR","potentialAction":[{"@type":"ReadAction","target":["https:\/\/neckdiagrams.com\/fr\/avis\/"]}]},{"@type":"ImageObject","inLanguage":"fr-FR","@id":"https:\/\/neckdiagrams.com\/fr\/avis\/#primaryimage","url":"https:\/\/www.neckdiagrams.com\/content\/uploads\/2021\/08\/justin.jpeg","contentUrl":"https:\/\/www.neckdiagrams.com\/content\/uploads\/2021\/08\/justin.jpeg"},{"@type":"BreadcrumbList","@id":"https:\/\/neckdiagrams.com\/fr\/avis\/#breadcrumb","itemListElement":[{"@type":"ListItem","position":1,"name":"Home","item":"https:\/\/www.neckdiagrams.com\/fr\/"},{"@type":"ListItem","position":2,"name":"Avis"}]},{"@type":"WebSite","@id":"https:\/\/neckdiagrams.com\/fr\/#website","url":"https:\/\/neckdiagrams.com\/fr\/","name":"Neck Diagrams","description":"Chord chart and fretboard diagram software for guitar, bass, banjo, ukulele and ANY fretted instrument","publisher":{"@id":"https:\/\/neckdiagrams.com\/fr\/#organization"},"potentialAction":[{"@type":"SearchAction","target":{"@type":"EntryPoint","urlTemplate":"https:\/\/neckdiagrams.com\/fr\/?s={search_term_string}"},"query-input":{"@type":"PropertyValueSpecification","valueRequired":true,"valueName":"search_term_string"}}],"inLanguage":"fr-FR"},{"@type":"Organization","@id":"https:\/\/neckdiagrams.com\/fr\/#organization","name":"Digital Software Technology Ltd","url":"https:\/\/neckdiagrams.com\/fr\/","logo":{"@type":"ImageObject","inLanguage":"fr-FR","@id":"https:\/\/neckdiagrams.com\/fr\/#\/schema\/logo\/image\/","url":"https:\/\/neckdiagrams.com\/content\/uploads\/2024\/05\/ND2-Logo-474x474@2x.png","contentUrl":"https:\/\/neckdiagrams.com\/content\/uploads\/2024\/05\/ND2-Logo-474x474@2x.png","width":474,"height":474,"caption":"Digital Software Technology Ltd"},"image":{"@id":"https:\/\/neckdiagrams.com\/fr\/#\/schema\/logo\/image\/"},"sameAs":["https:\/\/www.facebook.com\/NeckDiagrams","https:\/\/www.instagram.com\/neckdiagrams\/"]}]}},"_links":{"self":[{"href":"https:\/\/neckdiagrams.com\/fr\/wp-json\/wp\/v2\/pages\/8959","targetHints":{"allow":["GET"]}}],"collection":[{"href":"https:\/\/neckdiagrams.com\/fr\/wp-json\/wp\/v2\/pages"}],"about":[{"href":"https:\/\/neckdiagrams.com\/fr\/wp-json\/wp\/v2\/types\/page"}],"author":[{"embeddable":true,"href":"https:\/\/neckdiagrams.com\/fr\/wp-json\/wp\/v2\/users\/1"}],"replies":[{"embeddable":true,"href":"https:\/\/neckdiagrams.com\/fr\/wp-json\/wp\/v2\/comments?post=8959"}],"version-history":[{"count":1,"href":"https:\/\/neckdiagrams.com\/fr\/wp-json\/wp\/v2\/pages\/8959\/revisions"}],"predecessor-version":[{"id":8960,"href":"https:\/\/neckdiagrams.com\/fr\/wp-json\/wp\/v2\/pages\/8959\/revisions\/8960"}],"wp:attachment":[{"href":"https:\/\/neckdiagrams.com\/fr\/wp-json\/wp\/v2\/media?parent=8959"}],"curies":[{"name":"wp","href":"https:\/\/api.w.org\/{rel}","templated":true}]}}