{"id":8937,"date":"2025-05-11T17:35:49","date_gmt":"2025-05-11T16:35:49","guid":{"rendered":"https:\/\/www.neckdiagrams.com\/telecharger\/"},"modified":"2025-10-10T20:25:13","modified_gmt":"2025-10-10T19:25:13","slug":"telecharger","status":"publish","type":"page","link":"https:\/\/neckdiagrams.com\/fr\/telecharger\/","title":{"rendered":"T\u00e9l\u00e9charger"},"content":{"rendered":"\n<div class=\"wp-block-cover\"><img decoding=\"async\" width=\"2560\" height=\"1374\" class=\"wp-block-cover__image-background wp-image-38\" alt=\"\" src=\"https:\/\/www.neckdiagrams.com\/content\/uploads\/2021\/05\/bg-red-scaled.jpg\" data-object-fit=\"cover\" srcset=\"https:\/\/neckdiagrams.com\/content\/uploads\/2021\/05\/bg-red-scaled.jpg 2560w, https:\/\/neckdiagrams.com\/content\/uploads\/2021\/05\/bg-red-600x322.jpg 600w, https:\/\/neckdiagrams.com\/content\/uploads\/2021\/05\/bg-red-1200x644.jpg 1200w, https:\/\/neckdiagrams.com\/content\/uploads\/2021\/05\/bg-red-768x412.jpg 768w, https:\/\/neckdiagrams.com\/content\/uploads\/2021\/05\/bg-red-1536x824.jpg 1536w, https:\/\/neckdiagrams.com\/content\/uploads\/2021\/05\/bg-red-2048x1099.jpg 2048w\" sizes=\"(max-width: 2560px) 100vw, 2560px\" \/><span aria-hidden=\"true\" class=\"wp-block-cover__background has-primary-background-color has-background-dim\"><\/span><div class=\"wp-block-cover__inner-container is-layout-flow wp-block-cover-is-layout-flow\">\n<div class=\"wp-block-group is-style-contain-xl\"><div class=\"wp-block-group__inner-container is-layout-flow wp-block-group-is-layout-flow\">\n<div class=\"wp-block-columns are-vertically-aligned-center is-layout-flex wp-container-core-columns-is-layout-9d6595d7 wp-block-columns-is-layout-flex\">\n<div class=\"wp-block-column is-vertically-aligned-center is-layout-flow wp-block-column-is-layout-flow\">\n<h1 id=\"obtenir-neck-diagrams-pour-mac-ou-pc\" class=\"wp-block-heading is-style-headline\"><strong><strong>Obtenir Neck Diagrams pour Mac ou PC<\/strong><\/strong><\/h1>\n\n\n\n<p class=\"wp-block-paragraph\">Neck Diagrams fonctionne initialement en mode d&#8217;essai et est enti\u00e8rement fonctionnel avec les limitations suivantes :<\/p>\n\n\n\n<ul class=\"wp-block-list\">\n<li>Peut \u00eatre ex\u00e9cut\u00e9 jusqu&#8217;\u00e0 20 fois<\/li>\n\n\n\n<li>Jusqu&#8217;\u00e0 12 manches par page<\/li>\n\n\n\n<li>Filigranes d&#8217;impression et d&#8217;exportation apr\u00e8s 10 impressions\/exportations<\/li>\n\n\n\n<li>Le g\u00e9n\u00e9rateur de gammes peut \u00eatre utilis\u00e9 jusqu&#8217;\u00e0 10 fois<\/li>\n<\/ul>\n\n\n\n<p class=\"wp-block-paragraph\"><\/p>\n\n\n\n<p class=\"wp-block-paragraph\">Les limitations peuvent \u00eatre supprim\u00e9es en <strong>\n  <a href=\"https:\/\/www.neckdiagrams.com\/fr\/acheter\/\" data-type=\"page\" data-id=\"15\">\n    <span style=\"text-decoration: underline;\">achetant un code de licence<\/span>\n  <\/a>\n<\/strong>!<\/p>\n\n\n\n<p class=\"wp-block-paragraph\"><strong>Vous avez d\u00e9j\u00e0 un code de licence ?<\/strong>  Il suffit de t\u00e9l\u00e9charger et d&#8217;installer Neck Diagrams, puis de saisir votre code lorsque vous y \u00eates invit\u00e9.  <\/p>\n<\/div>\n\n\n\n<div class=\"wp-block-column is-vertically-aligned-center is-layout-flow wp-block-column-is-layout-flow\">\n<figure class=\"wp-block-image size-large\"><img decoding=\"async\" width=\"740\" height=\"800\" src=\"https:\/\/www.neckdiagrams.com\/content\/uploads\/2021\/05\/box-740x800.png\" alt=\"\" class=\"wp-image-32\" srcset=\"https:\/\/neckdiagrams.com\/content\/uploads\/2021\/05\/box-740x800.png 740w, https:\/\/neckdiagrams.com\/content\/uploads\/2021\/05\/box-370x400.png 370w, https:\/\/neckdiagrams.com\/content\/uploads\/2021\/05\/box-768x831.png 768w, https:\/\/neckdiagrams.com\/content\/uploads\/2021\/05\/box.png 1191w\" sizes=\"(max-width: 740px) 100vw, 740px\" \/><\/figure>\n<\/div>\n<\/div>\n<\/div><\/div>\n\n\n\n<div class=\"wp-block-group\"><div class=\"wp-block-group__inner-container is-layout-flow wp-block-group-is-layout-flow\">\n<div class=\"wp-block-columns is-style-three-columns is-layout-flex wp-container-core-columns-is-layout-9d6595d7 wp-block-columns-is-layout-flex\">\n<div class=\"wp-block-column is-layout-flow wp-block-column-is-layout-flow\"><div class=\"wp-block-image\">\n<figure class=\"aligncenter size-thumbnail is-resized\"><img decoding=\"async\" src=\"https:\/\/www.neckdiagrams.com\/content\/uploads\/2021\/06\/Asset-2cg-icon.svg\" alt=\"\" class=\"wp-image-221\" style=\"width:62px;height:75px\"\/><\/figure>\n<\/div>\n\n\n<div class=\"wp-block-buttons is-horizontal is-content-justification-center is-layout-flex wp-container-core-buttons-is-layout-499968f5 wp-block-buttons-is-layout-flex\">\n<div class=\"wp-block-button\"><a class=\"wp-block-button__link has-white-color has-black-background-color has-text-color has-background wp-element-button\" href=\"https:\/\/www.neckdiagrams.com\/download-files\/NeckDiagrams-2.4.2-Setup-32bit.exe\"><strong>Neck Diagrams v.2.4.2<\/strong><br\/>pour Windows (32-bit)<\/a><\/div>\n<\/div>\n\n\n\n<p class=\"wp-block-paragraph has-text-align-center has-small-font-size\"><strong><strong>Windows 7 ou sup\u00e9rieur requis<\/strong><\/strong><\/p>\n\n\n\n<p class=\"wp-block-paragraph has-text-align-center has-small-font-size\">somme de contr\u00f4le MD5: <br\/>4b522649bdbe785e6eddd16c61083298<\/p>\n<\/div>\n\n\n\n<div class=\"wp-block-column is-layout-flow wp-block-column-is-layout-flow\"><div class=\"wp-block-image\">\n<figure class=\"aligncenter size-thumbnail is-resized\"><img decoding=\"async\" src=\"https:\/\/www.neckdiagrams.com\/content\/uploads\/2021\/06\/Asset-1cg-icon.svg\" alt=\"\" class=\"wp-image-222\" style=\"width:64px;height:75px\"\/><\/figure>\n<\/div>\n\n\n<div class=\"wp-block-buttons is-horizontal is-content-justification-center is-layout-flex wp-container-core-buttons-is-layout-499968f5 wp-block-buttons-is-layout-flex\">\n<div class=\"wp-block-button\"><a class=\"wp-block-button__link has-white-color has-black-background-color has-text-color has-background wp-element-button\" href=\"https:\/\/www.neckdiagrams.com\/download-files\/NeckDiagrams-2.4.2-Setup-64bit.exe\"><strong>Neck Diagrams v2.4.2<\/strong><br\/>pour Windows (64-bit)<\/a><\/div>\n<\/div>\n\n\n\n<p class=\"wp-block-paragraph has-text-align-center has-small-font-size\"><strong><strong><strong>Windows 7 ou sup\u00e9rieur requis<\/strong><\/strong><\/strong><\/p>\n\n\n\n<p class=\"wp-block-paragraph has-text-align-center has-small-font-size\">somme de contr\u00f4le MD5: <br\/>92ac6f6f117b8f4741eb841cf341224f<\/p>\n<\/div>\n\n\n\n<div class=\"wp-block-column is-layout-flow wp-block-column-is-layout-flow\"><div class=\"wp-block-image\">\n<figure class=\"aligncenter size-thumbnail is-resized\"><img decoding=\"async\" src=\"https:\/\/www.neckdiagrams.com\/content\/uploads\/2021\/06\/path4cg-icon-1.svg\" alt=\"\" class=\"wp-image-220\" style=\"width:63px;height:75px\"\/><\/figure>\n<\/div>\n\n\n<div class=\"wp-block-buttons is-horizontal is-content-justification-center is-layout-flex wp-container-core-buttons-is-layout-499968f5 wp-block-buttons-is-layout-flex\">\n<div class=\"wp-block-button\"><a class=\"wp-block-button__link has-white-color has-black-background-color has-text-color has-background wp-element-button\" href=\"https:\/\/www.neckdiagrams.com\/download-files\/NeckDiagrams-2.4.2.dmg\"><strong>Neck Diagrams v2.4.2<\/strong><br\/>pour Mac<\/a><\/div>\n<\/div>\n\n\n\n<p class=\"wp-block-paragraph has-text-align-center has-small-font-size\"><strong>MacOS 10.10 ou sup\u00e9rieur requis<\/strong><\/p>\n\n\n\n<p class=\"wp-block-paragraph has-text-align-center has-small-font-size\">somme de contr\u00f4le MD5: <br\/>374126e72d916d958a4eaf75bc4f6b38<\/p>\n<\/div>\n<\/div>\n\n\n\n<div style=\"height:30px\" aria-hidden=\"true\" class=\"wp-block-spacer\"><\/div>\n\n\n\n<p class=\"wp-block-paragraph has-text-align-center\">Les langues suivantes sont prises en charge :<\/p>\n\n\n\n<div class=\"wp-block-columns is-layout-flex wp-container-core-columns-is-layout-9d6595d7 wp-block-columns-is-layout-flex\">\n<div class=\"wp-block-column is-layout-flow wp-block-column-is-layout-flow\">\n<ul class=\"wp-block-list listblockcentre\">\n<li>Anglais  <\/li>\n\n\n\n<li>Fran\u00e7ais<\/li>\n\n\n\n<li>Allemand<\/li>\n<\/ul>\n<\/div>\n\n\n\n<div class=\"wp-block-column is-layout-flow wp-block-column-is-layout-flow\">\n<ul class=\"wp-block-list listblockcentre\">\n<li>Espagnol<\/li>\n\n\n\n<li>Italien<\/li>\n<\/ul>\n<\/div>\n\n\n\n<div class=\"wp-block-column is-layout-flow wp-block-column-is-layout-flow\">\n<ul class=\"wp-block-list\">\n<li>Japonais<\/li>\n\n\n\n<li>Portugais (br\u00e9silien)<\/li>\n<\/ul>\n<\/div>\n<\/div>\n\n\n\n<div style=\"height:20px\" aria-hidden=\"true\" class=\"wp-block-spacer\"><\/div>\n\n\n\n<p class=\"wp-block-paragraph has-text-align-center has-off-white-color has-text-color\">Vous cherchez l&#8217;ancien ND v1 ? Disponible pour les clients ND1 existants sur demande, veuillez <strong>\n  <span style=\"text-decoration: underline;\">\n    <a href=\"https:\/\/support.neckdiagrams.com\/hc\/en-gb\/requests\/new\">nous contacter<\/a>\n  <\/span>\n<\/strong>. <\/p>\n<\/div><\/div>\n<\/div><\/div>\n","protected":false},"excerpt":{"rendered":"","protected":false},"author":2,"featured_media":0,"parent":0,"menu_order":0,"comment_status":"closed","ping_status":"closed","template":"page-template-full-bleed.php","meta":{"_acf_changed":false,"inline_featured_image":false,"footnotes":""},"class_list":["post-8937","page","type-page","status-publish","hentry"],"acf":[],"yoast_head":"<!-- This site is optimized with the Yoast SEO plugin v27.5 - https:\/\/yoast.com\/product\/yoast-seo-wordpress\/ -->\n<title>T\u00e9l\u00e9charger - Neck Diagrams<\/title>\n<meta name=\"robots\" content=\"index, follow, max-snippet:-1, max-image-preview:large, max-video-preview:-1\" \/>\n<link rel=\"canonical\" href=\"https:\/\/neckdiagrams.com\/fr\/telecharger\/\" \/>\n<meta property=\"og:locale\" content=\"fr_FR\" \/>\n<meta property=\"og:type\" content=\"article\" \/>\n<meta property=\"og:title\" content=\"T\u00e9l\u00e9charger - Neck Diagrams\" \/>\n<meta property=\"og:url\" content=\"https:\/\/neckdiagrams.com\/fr\/telecharger\/\" \/>\n<meta property=\"og:site_name\" content=\"Neck Diagrams\" \/>\n<meta property=\"article:publisher\" content=\"https:\/\/www.facebook.com\/NeckDiagrams\" \/>\n<meta property=\"article:modified_time\" content=\"2025-10-10T19:25:13+00:00\" \/>\n<meta property=\"og:image\" content=\"https:\/\/www.neckdiagrams.com\/content\/uploads\/2021\/05\/bg-red-scaled.jpg\" \/>\n<meta name=\"twitter:card\" content=\"summary_large_image\" \/>\n<meta name=\"twitter:label1\" content=\"Est. reading time\" \/>\n\t<meta name=\"twitter:data1\" content=\"1 minute\" \/>\n<script type=\"application\/ld+json\" class=\"yoast-schema-graph\">{\"@context\":\"https:\\\/\\\/schema.org\",\"@graph\":[{\"@type\":\"WebPage\",\"@id\":\"https:\\\/\\\/neckdiagrams.com\\\/fr\\\/telecharger\\\/\",\"url\":\"https:\\\/\\\/neckdiagrams.com\\\/fr\\\/telecharger\\\/\",\"name\":\"T\u00e9l\u00e9charger - Neck Diagrams\",\"isPartOf\":{\"@id\":\"https:\\\/\\\/neckdiagrams.com\\\/fr\\\/#website\"},\"primaryImageOfPage\":{\"@id\":\"https:\\\/\\\/neckdiagrams.com\\\/fr\\\/telecharger\\\/#primaryimage\"},\"image\":{\"@id\":\"https:\\\/\\\/neckdiagrams.com\\\/fr\\\/telecharger\\\/#primaryimage\"},\"thumbnailUrl\":\"https:\\\/\\\/www.neckdiagrams.com\\\/content\\\/uploads\\\/2021\\\/05\\\/bg-red-scaled.jpg\",\"datePublished\":\"2025-05-11T16:35:49+00:00\",\"dateModified\":\"2025-10-10T19:25:13+00:00\",\"breadcrumb\":{\"@id\":\"https:\\\/\\\/neckdiagrams.com\\\/fr\\\/telecharger\\\/#breadcrumb\"},\"inLanguage\":\"fr-FR\",\"potentialAction\":[{\"@type\":\"ReadAction\",\"target\":[\"https:\\\/\\\/neckdiagrams.com\\\/fr\\\/telecharger\\\/\"]}]},{\"@type\":\"ImageObject\",\"inLanguage\":\"fr-FR\",\"@id\":\"https:\\\/\\\/neckdiagrams.com\\\/fr\\\/telecharger\\\/#primaryimage\",\"url\":\"https:\\\/\\\/www.neckdiagrams.com\\\/content\\\/uploads\\\/2021\\\/05\\\/bg-red-scaled.jpg\",\"contentUrl\":\"https:\\\/\\\/www.neckdiagrams.com\\\/content\\\/uploads\\\/2021\\\/05\\\/bg-red-scaled.jpg\"},{\"@type\":\"BreadcrumbList\",\"@id\":\"https:\\\/\\\/neckdiagrams.com\\\/fr\\\/telecharger\\\/#breadcrumb\",\"itemListElement\":[{\"@type\":\"ListItem\",\"position\":1,\"name\":\"Home\",\"item\":\"https:\\\/\\\/www.neckdiagrams.com\\\/fr\\\/\"},{\"@type\":\"ListItem\",\"position\":2,\"name\":\"T\u00e9l\u00e9charger\"}]},{\"@type\":\"WebSite\",\"@id\":\"https:\\\/\\\/neckdiagrams.com\\\/fr\\\/#website\",\"url\":\"https:\\\/\\\/neckdiagrams.com\\\/fr\\\/\",\"name\":\"Neck Diagrams\",\"description\":\"Chord chart and fretboard diagram software for guitar, bass, banjo, ukulele and ANY fretted instrument\",\"publisher\":{\"@id\":\"https:\\\/\\\/neckdiagrams.com\\\/fr\\\/#organization\"},\"potentialAction\":[{\"@type\":\"SearchAction\",\"target\":{\"@type\":\"EntryPoint\",\"urlTemplate\":\"https:\\\/\\\/neckdiagrams.com\\\/fr\\\/?s={search_term_string}\"},\"query-input\":{\"@type\":\"PropertyValueSpecification\",\"valueRequired\":true,\"valueName\":\"search_term_string\"}}],\"inLanguage\":\"fr-FR\"},{\"@type\":\"Organization\",\"@id\":\"https:\\\/\\\/neckdiagrams.com\\\/fr\\\/#organization\",\"name\":\"Digital Software Technology Ltd\",\"url\":\"https:\\\/\\\/neckdiagrams.com\\\/fr\\\/\",\"logo\":{\"@type\":\"ImageObject\",\"inLanguage\":\"fr-FR\",\"@id\":\"https:\\\/\\\/neckdiagrams.com\\\/fr\\\/#\\\/schema\\\/logo\\\/image\\\/\",\"url\":\"https:\\\/\\\/neckdiagrams.com\\\/content\\\/uploads\\\/2024\\\/05\\\/ND2-Logo-474x474@2x.png\",\"contentUrl\":\"https:\\\/\\\/neckdiagrams.com\\\/content\\\/uploads\\\/2024\\\/05\\\/ND2-Logo-474x474@2x.png\",\"width\":474,\"height\":474,\"caption\":\"Digital Software Technology Ltd\"},\"image\":{\"@id\":\"https:\\\/\\\/neckdiagrams.com\\\/fr\\\/#\\\/schema\\\/logo\\\/image\\\/\"},\"sameAs\":[\"https:\\\/\\\/www.facebook.com\\\/NeckDiagrams\",\"https:\\\/\\\/www.instagram.com\\\/neckdiagrams\\\/\"]}]}<\/script>\n<!-- \/ Yoast SEO plugin. -->","yoast_head_json":{"title":"T\u00e9l\u00e9charger - Neck Diagrams","robots":{"index":"index","follow":"follow","max-snippet":"max-snippet:-1","max-image-preview":"max-image-preview:large","max-video-preview":"max-video-preview:-1"},"canonical":"https:\/\/neckdiagrams.com\/fr\/telecharger\/","og_locale":"fr_FR","og_type":"article","og_title":"T\u00e9l\u00e9charger - Neck Diagrams","og_url":"https:\/\/neckdiagrams.com\/fr\/telecharger\/","og_site_name":"Neck Diagrams","article_publisher":"https:\/\/www.facebook.com\/NeckDiagrams","article_modified_time":"2025-10-10T19:25:13+00:00","og_image":[{"url":"https:\/\/www.neckdiagrams.com\/content\/uploads\/2021\/05\/bg-red-scaled.jpg","type":"","width":"","height":""}],"twitter_card":"summary_large_image","twitter_misc":{"Est. reading time":"1 minute"},"schema":{"@context":"https:\/\/schema.org","@graph":[{"@type":"WebPage","@id":"https:\/\/neckdiagrams.com\/fr\/telecharger\/","url":"https:\/\/neckdiagrams.com\/fr\/telecharger\/","name":"T\u00e9l\u00e9charger - Neck Diagrams","isPartOf":{"@id":"https:\/\/neckdiagrams.com\/fr\/#website"},"primaryImageOfPage":{"@id":"https:\/\/neckdiagrams.com\/fr\/telecharger\/#primaryimage"},"image":{"@id":"https:\/\/neckdiagrams.com\/fr\/telecharger\/#primaryimage"},"thumbnailUrl":"https:\/\/www.neckdiagrams.com\/content\/uploads\/2021\/05\/bg-red-scaled.jpg","datePublished":"2025-05-11T16:35:49+00:00","dateModified":"2025-10-10T19:25:13+00:00","breadcrumb":{"@id":"https:\/\/neckdiagrams.com\/fr\/telecharger\/#breadcrumb"},"inLanguage":"fr-FR","potentialAction":[{"@type":"ReadAction","target":["https:\/\/neckdiagrams.com\/fr\/telecharger\/"]}]},{"@type":"ImageObject","inLanguage":"fr-FR","@id":"https:\/\/neckdiagrams.com\/fr\/telecharger\/#primaryimage","url":"https:\/\/www.neckdiagrams.com\/content\/uploads\/2021\/05\/bg-red-scaled.jpg","contentUrl":"https:\/\/www.neckdiagrams.com\/content\/uploads\/2021\/05\/bg-red-scaled.jpg"},{"@type":"BreadcrumbList","@id":"https:\/\/neckdiagrams.com\/fr\/telecharger\/#breadcrumb","itemListElement":[{"@type":"ListItem","position":1,"name":"Home","item":"https:\/\/www.neckdiagrams.com\/fr\/"},{"@type":"ListItem","position":2,"name":"T\u00e9l\u00e9charger"}]},{"@type":"WebSite","@id":"https:\/\/neckdiagrams.com\/fr\/#website","url":"https:\/\/neckdiagrams.com\/fr\/","name":"Neck Diagrams","description":"Chord chart and fretboard diagram software for guitar, bass, banjo, ukulele and ANY fretted instrument","publisher":{"@id":"https:\/\/neckdiagrams.com\/fr\/#organization"},"potentialAction":[{"@type":"SearchAction","target":{"@type":"EntryPoint","urlTemplate":"https:\/\/neckdiagrams.com\/fr\/?s={search_term_string}"},"query-input":{"@type":"PropertyValueSpecification","valueRequired":true,"valueName":"search_term_string"}}],"inLanguage":"fr-FR"},{"@type":"Organization","@id":"https:\/\/neckdiagrams.com\/fr\/#organization","name":"Digital Software Technology Ltd","url":"https:\/\/neckdiagrams.com\/fr\/","logo":{"@type":"ImageObject","inLanguage":"fr-FR","@id":"https:\/\/neckdiagrams.com\/fr\/#\/schema\/logo\/image\/","url":"https:\/\/neckdiagrams.com\/content\/uploads\/2024\/05\/ND2-Logo-474x474@2x.png","contentUrl":"https:\/\/neckdiagrams.com\/content\/uploads\/2024\/05\/ND2-Logo-474x474@2x.png","width":474,"height":474,"caption":"Digital Software Technology Ltd"},"image":{"@id":"https:\/\/neckdiagrams.com\/fr\/#\/schema\/logo\/image\/"},"sameAs":["https:\/\/www.facebook.com\/NeckDiagrams","https:\/\/www.instagram.com\/neckdiagrams\/"]}]}},"_links":{"self":[{"href":"https:\/\/neckdiagrams.com\/fr\/wp-json\/wp\/v2\/pages\/8937","targetHints":{"allow":["GET"]}}],"collection":[{"href":"https:\/\/neckdiagrams.com\/fr\/wp-json\/wp\/v2\/pages"}],"about":[{"href":"https:\/\/neckdiagrams.com\/fr\/wp-json\/wp\/v2\/types\/page"}],"author":[{"embeddable":true,"href":"https:\/\/neckdiagrams.com\/fr\/wp-json\/wp\/v2\/users\/2"}],"replies":[{"embeddable":true,"href":"https:\/\/neckdiagrams.com\/fr\/wp-json\/wp\/v2\/comments?post=8937"}],"version-history":[{"count":7,"href":"https:\/\/neckdiagrams.com\/fr\/wp-json\/wp\/v2\/pages\/8937\/revisions"}],"predecessor-version":[{"id":9253,"href":"https:\/\/neckdiagrams.com\/fr\/wp-json\/wp\/v2\/pages\/8937\/revisions\/9253"}],"wp:attachment":[{"href":"https:\/\/neckdiagrams.com\/fr\/wp-json\/wp\/v2\/media?parent=8937"}],"curies":[{"name":"wp","href":"https:\/\/api.w.org\/{rel}","templated":true}]}}