{"id":8924,"date":"2025-05-02T23:15:37","date_gmt":"2025-05-02T22:15:37","guid":{"rendered":"https:\/\/www.neckdiagrams.com\/privacidad\/"},"modified":"2025-05-02T23:15:37","modified_gmt":"2025-05-02T22:15:37","slug":"privacidad","status":"publish","type":"page","link":"https:\/\/neckdiagrams.com\/es\/privacidad\/","title":{"rendered":"Privacidad"},"content":{"rendered":"\n<div class=\"wp-block-cover has-white-background-color has-background-dim\"><div class=\"wp-block-cover__inner-container is-layout-flow wp-block-cover-is-layout-flow\">\n<div class=\"wp-block-group is-style-contain-md\"><div class=\"wp-block-group__inner-container is-layout-flow wp-block-group-is-layout-flow\">\n<h1 id=\"declaracion-de-privacidad\" class=\"wp-block-heading is-style-h1\">DECLARACI\u00d3N DE PRIVACIDAD<\/h1>\n\n\n\n<h1 id=\"nuestro-compromiso\" class=\"wp-block-heading is-style-h2\">NUESTRO COMPROMISO<\/h1>\n\n\n\n<p class=\"wp-block-paragraph\">Digital Software Technology est\u00e1 comprometida con la protecci\u00f3n de su privacidad. No vendemos, intercambiamos ni alquilamos su informaci\u00f3n personal a terceros. Nuestro sitio web est\u00e1 estructurado de manera que usted pueda visitarlo y descargar software de prueba sin identificarse o revelar informaci\u00f3n personal alguna. Si decide proporcionarnos informaci\u00f3n de identificaci\u00f3n personal (cualquier informaci\u00f3n mediante la cual pueda ser identificado), puede tener la certeza de que esta solo se utilizar\u00e1 para respaldar su relaci\u00f3n como cliente con Digital Software Technology.   <\/p>\n\n\n\n<h2 id=\"pedidos-en-linea\" class=\"wp-block-heading is-style-h3\">PEDIDOS EN L\u00cdNEA<\/h2>\n\n\n\n<p class=\"wp-block-paragraph\">Cuando realiza un pedido en l\u00ednea, necesitamos conocer su nombre, direcci\u00f3n de correo electr\u00f3nico, n\u00famero de tel\u00e9fono, direcci\u00f3n de facturaci\u00f3n y datos de la tarjeta de cr\u00e9dito. Esto nos permite procesar y cumplir con su pedido, as\u00ed como notificarle sobre el estado del mismo. Nuestro procesador de pagos ofrece el uso de un servidor seguro. El software del servidor seguro (SSL) encripta toda la informaci\u00f3n que usted ingresa antes de que nos sea enviada. Los datos de los clientes y los pedidos que recopilamos est\u00e1n protegidos contra accesos no autorizados.    <\/p>\n\n\n\n<h2 id=\"lista-de-correo\" class=\"wp-block-heading is-style-h3\">LISTA DE CORREO<\/h2>\n\n\n\n<p class=\"wp-block-paragraph\">Ocasionalmente, enviamos correos electr\u00f3nicos a las personas en nuestra lista de correo para notificarles sobre nuevos lanzamientos de Neck Diagrams. Esta lista nunca ser\u00e1 vendida, intercambiada o alquilada a terceros. Cuando realiza un pedido con nosotros, lo agregamos autom\u00e1ticamente a esta lista. Puede agregarse o eliminarse de esta lista visitando nuestra p\u00e1gina de Soporte.   <\/p>\n\n\n\n<h2 id=\"divulgacion-a-terceros\" class=\"wp-block-heading is-style-h3\">DIVULGACI\u00d3N A TERCEROS<\/h2>\n\n\n\n<p class=\"wp-block-paragraph\">Digital Software Technology no vende, intercambia ni alquila su informaci\u00f3n personal a terceros. Digital Software Technology puede divulgar informaci\u00f3n de la cuenta para (a) cumplir con la ley, (b) hacer cumplir o aplicar los t\u00e9rminos de cualquiera de nuestros acuerdos de usuario o (c) proteger los derechos, la propiedad o la seguridad de Digital Software Technology, nuestros usuarios u otros.    <\/p>\n\n\n\n<h2 id=\"su-consentimiento\" class=\"wp-block-heading is-style-h3\">SU CONSENTIMIENTO<\/h2>\n\n\n\n<p class=\"wp-block-paragraph\">Al utilizar nuestro sitio web, usted consiente la recopilaci\u00f3n y el uso de esta informaci\u00f3n por parte de Digital Software Technology. Si decidimos cambiar nuestra pol\u00edtica de privacidad, publicaremos esos cambios en esta p\u00e1gina para que usted est\u00e9 siempre al tanto de qu\u00e9 informaci\u00f3n recopilamos, c\u00f3mo la utilizamos y bajo qu\u00e9 circunstancias la divulgamos. Independientemente de cualquier cambio que realicemos en nuestra pol\u00edtica de privacidad, siempre utilizaremos su informaci\u00f3n personal de acuerdo con la versi\u00f3n de la pol\u00edtica vigente en el momento en que usted proporcion\u00f3 su informaci\u00f3n, a menos que nos otorgue su consentimiento expreso para proceder de otra manera.  <\/p>\n<\/div><\/div>\n<\/div><\/div>\n","protected":false},"excerpt":{"rendered":"","protected":false},"author":1,"featured_media":0,"parent":0,"menu_order":0,"comment_status":"closed","ping_status":"closed","template":"","meta":{"_acf_changed":false,"inline_featured_image":false,"footnotes":""},"class_list":["post-8924","page","type-page","status-publish","hentry"],"acf":[],"yoast_head":"<!-- This site is optimized with the Yoast SEO plugin v27.5 - https:\/\/yoast.com\/product\/yoast-seo-wordpress\/ -->\n<title>Privacidad - Neck Diagrams<\/title>\n<meta name=\"robots\" content=\"index, follow, max-snippet:-1, max-image-preview:large, max-video-preview:-1\" \/>\n<link rel=\"canonical\" href=\"https:\/\/neckdiagrams.com\/es\/privacidad\/\" \/>\n<meta property=\"og:locale\" content=\"es_ES\" \/>\n<meta property=\"og:type\" content=\"article\" \/>\n<meta property=\"og:title\" content=\"Privacidad - Neck Diagrams\" \/>\n<meta property=\"og:url\" content=\"https:\/\/neckdiagrams.com\/es\/privacidad\/\" \/>\n<meta property=\"og:site_name\" content=\"Neck Diagrams\" \/>\n<meta property=\"article:publisher\" content=\"https:\/\/www.facebook.com\/NeckDiagrams\" \/>\n<meta name=\"twitter:card\" content=\"summary_large_image\" \/>\n<meta name=\"twitter:label1\" content=\"Est. reading time\" \/>\n\t<meta name=\"twitter:data1\" content=\"2 minutes\" \/>\n<script type=\"application\/ld+json\" class=\"yoast-schema-graph\">{\"@context\":\"https:\\\/\\\/schema.org\",\"@graph\":[{\"@type\":\"WebPage\",\"@id\":\"https:\\\/\\\/neckdiagrams.com\\\/es\\\/privacidad\\\/\",\"url\":\"https:\\\/\\\/neckdiagrams.com\\\/es\\\/privacidad\\\/\",\"name\":\"Privacidad - Neck Diagrams\",\"isPartOf\":{\"@id\":\"https:\\\/\\\/neckdiagrams.com\\\/es\\\/#website\"},\"datePublished\":\"2025-05-02T22:15:37+00:00\",\"breadcrumb\":{\"@id\":\"https:\\\/\\\/neckdiagrams.com\\\/es\\\/privacidad\\\/#breadcrumb\"},\"inLanguage\":\"es-ES\",\"potentialAction\":[{\"@type\":\"ReadAction\",\"target\":[\"https:\\\/\\\/neckdiagrams.com\\\/es\\\/privacidad\\\/\"]}]},{\"@type\":\"BreadcrumbList\",\"@id\":\"https:\\\/\\\/neckdiagrams.com\\\/es\\\/privacidad\\\/#breadcrumb\",\"itemListElement\":[{\"@type\":\"ListItem\",\"position\":1,\"name\":\"Home\",\"item\":\"https:\\\/\\\/www.neckdiagrams.com\\\/es\\\/\"},{\"@type\":\"ListItem\",\"position\":2,\"name\":\"Privacidad\"}]},{\"@type\":\"WebSite\",\"@id\":\"https:\\\/\\\/neckdiagrams.com\\\/es\\\/#website\",\"url\":\"https:\\\/\\\/neckdiagrams.com\\\/es\\\/\",\"name\":\"Neck Diagrams\",\"description\":\"Chord chart and fretboard diagram software for guitar, bass, banjo, ukulele and ANY fretted instrument\",\"publisher\":{\"@id\":\"https:\\\/\\\/neckdiagrams.com\\\/es\\\/#organization\"},\"potentialAction\":[{\"@type\":\"SearchAction\",\"target\":{\"@type\":\"EntryPoint\",\"urlTemplate\":\"https:\\\/\\\/neckdiagrams.com\\\/es\\\/?s={search_term_string}\"},\"query-input\":{\"@type\":\"PropertyValueSpecification\",\"valueRequired\":true,\"valueName\":\"search_term_string\"}}],\"inLanguage\":\"es-ES\"},{\"@type\":\"Organization\",\"@id\":\"https:\\\/\\\/neckdiagrams.com\\\/es\\\/#organization\",\"name\":\"Digital Software Technology Ltd\",\"url\":\"https:\\\/\\\/neckdiagrams.com\\\/es\\\/\",\"logo\":{\"@type\":\"ImageObject\",\"inLanguage\":\"es-ES\",\"@id\":\"https:\\\/\\\/neckdiagrams.com\\\/es\\\/#\\\/schema\\\/logo\\\/image\\\/\",\"url\":\"https:\\\/\\\/neckdiagrams.com\\\/content\\\/uploads\\\/2024\\\/05\\\/ND2-Logo-474x474@2x.png\",\"contentUrl\":\"https:\\\/\\\/neckdiagrams.com\\\/content\\\/uploads\\\/2024\\\/05\\\/ND2-Logo-474x474@2x.png\",\"width\":474,\"height\":474,\"caption\":\"Digital Software Technology Ltd\"},\"image\":{\"@id\":\"https:\\\/\\\/neckdiagrams.com\\\/es\\\/#\\\/schema\\\/logo\\\/image\\\/\"},\"sameAs\":[\"https:\\\/\\\/www.facebook.com\\\/NeckDiagrams\",\"https:\\\/\\\/www.instagram.com\\\/neckdiagrams\\\/\"]}]}<\/script>\n<!-- \/ Yoast SEO plugin. -->","yoast_head_json":{"title":"Privacidad - Neck Diagrams","robots":{"index":"index","follow":"follow","max-snippet":"max-snippet:-1","max-image-preview":"max-image-preview:large","max-video-preview":"max-video-preview:-1"},"canonical":"https:\/\/neckdiagrams.com\/es\/privacidad\/","og_locale":"es_ES","og_type":"article","og_title":"Privacidad - Neck Diagrams","og_url":"https:\/\/neckdiagrams.com\/es\/privacidad\/","og_site_name":"Neck Diagrams","article_publisher":"https:\/\/www.facebook.com\/NeckDiagrams","twitter_card":"summary_large_image","twitter_misc":{"Est. reading time":"2 minutes"},"schema":{"@context":"https:\/\/schema.org","@graph":[{"@type":"WebPage","@id":"https:\/\/neckdiagrams.com\/es\/privacidad\/","url":"https:\/\/neckdiagrams.com\/es\/privacidad\/","name":"Privacidad - Neck Diagrams","isPartOf":{"@id":"https:\/\/neckdiagrams.com\/es\/#website"},"datePublished":"2025-05-02T22:15:37+00:00","breadcrumb":{"@id":"https:\/\/neckdiagrams.com\/es\/privacidad\/#breadcrumb"},"inLanguage":"es-ES","potentialAction":[{"@type":"ReadAction","target":["https:\/\/neckdiagrams.com\/es\/privacidad\/"]}]},{"@type":"BreadcrumbList","@id":"https:\/\/neckdiagrams.com\/es\/privacidad\/#breadcrumb","itemListElement":[{"@type":"ListItem","position":1,"name":"Home","item":"https:\/\/www.neckdiagrams.com\/es\/"},{"@type":"ListItem","position":2,"name":"Privacidad"}]},{"@type":"WebSite","@id":"https:\/\/neckdiagrams.com\/es\/#website","url":"https:\/\/neckdiagrams.com\/es\/","name":"Neck Diagrams","description":"Chord chart and fretboard diagram software for guitar, bass, banjo, ukulele and ANY fretted instrument","publisher":{"@id":"https:\/\/neckdiagrams.com\/es\/#organization"},"potentialAction":[{"@type":"SearchAction","target":{"@type":"EntryPoint","urlTemplate":"https:\/\/neckdiagrams.com\/es\/?s={search_term_string}"},"query-input":{"@type":"PropertyValueSpecification","valueRequired":true,"valueName":"search_term_string"}}],"inLanguage":"es-ES"},{"@type":"Organization","@id":"https:\/\/neckdiagrams.com\/es\/#organization","name":"Digital Software Technology Ltd","url":"https:\/\/neckdiagrams.com\/es\/","logo":{"@type":"ImageObject","inLanguage":"es-ES","@id":"https:\/\/neckdiagrams.com\/es\/#\/schema\/logo\/image\/","url":"https:\/\/neckdiagrams.com\/content\/uploads\/2024\/05\/ND2-Logo-474x474@2x.png","contentUrl":"https:\/\/neckdiagrams.com\/content\/uploads\/2024\/05\/ND2-Logo-474x474@2x.png","width":474,"height":474,"caption":"Digital Software Technology Ltd"},"image":{"@id":"https:\/\/neckdiagrams.com\/es\/#\/schema\/logo\/image\/"},"sameAs":["https:\/\/www.facebook.com\/NeckDiagrams","https:\/\/www.instagram.com\/neckdiagrams\/"]}]}},"_links":{"self":[{"href":"https:\/\/neckdiagrams.com\/es\/wp-json\/wp\/v2\/pages\/8924","targetHints":{"allow":["GET"]}}],"collection":[{"href":"https:\/\/neckdiagrams.com\/es\/wp-json\/wp\/v2\/pages"}],"about":[{"href":"https:\/\/neckdiagrams.com\/es\/wp-json\/wp\/v2\/types\/page"}],"author":[{"embeddable":true,"href":"https:\/\/neckdiagrams.com\/es\/wp-json\/wp\/v2\/users\/1"}],"replies":[{"embeddable":true,"href":"https:\/\/neckdiagrams.com\/es\/wp-json\/wp\/v2\/comments?post=8924"}],"version-history":[{"count":1,"href":"https:\/\/neckdiagrams.com\/es\/wp-json\/wp\/v2\/pages\/8924\/revisions"}],"predecessor-version":[{"id":8925,"href":"https:\/\/neckdiagrams.com\/es\/wp-json\/wp\/v2\/pages\/8924\/revisions\/8925"}],"wp:attachment":[{"href":"https:\/\/neckdiagrams.com\/es\/wp-json\/wp\/v2\/media?parent=8924"}],"curies":[{"name":"wp","href":"https:\/\/api.w.org\/{rel}","templated":true}]}}