{"id":8619,"date":"2025-04-25T18:37:25","date_gmt":"2025-04-25T17:37:25","guid":{"rendered":"https:\/\/neckdiagrams.com\/licencia\/"},"modified":"2025-04-25T18:37:25","modified_gmt":"2025-04-25T17:37:25","slug":"licencia","status":"publish","type":"page","link":"https:\/\/neckdiagrams.com\/es\/licencia\/","title":{"rendered":"Licencia"},"content":{"rendered":"\n<div class=\"wp-block-cover has-white-background-color has-background-dim\"><div class=\"wp-block-cover__inner-container is-layout-flow wp-block-cover-is-layout-flow\">\n<div class=\"wp-block-group is-style-contain-md\"><div class=\"wp-block-group__inner-container is-layout-flow wp-block-group-is-layout-flow\">\n<h1 id=\"acuerdo-de-licencia\" class=\"wp-block-heading is-style-h1\">ACUERDO DE LICENCIA<\/h1>\n\n\n\n<h3 id=\"el-uso-de-neck-diagrams-esta-regido-por-los-siguientes-terminos-y-condiciones\" class=\"wp-block-heading is-style-h2\">EL USO DE NECK DIAGRAMS EST\u00c1 REGIDO POR LOS SIGUIENTES T\u00c9RMINOS Y CONDICIONES:<\/h3>\n\n\n\n<p class=\"wp-block-paragraph\">ACEPTACI\u00d3N DEL ACUERDO DE LICENCIA<\/p>\n\n\n\n<p class=\"wp-block-paragraph\">Usted debe leer cuidadosamente los siguientes t\u00e9rminos y condiciones antes de utilizar Neck Diagrams (el &#8220;Software&#8221;). A menos que usted posea un acuerdo de licencia diferente firmado por Digital Software Technology, su uso de este software indica su conformidad con estos t\u00e9rminos y condiciones. Si usted no acepta todos estos t\u00e9rminos y condiciones, debe cesar inmediatamente el uso del Software.  <\/p>\n\n\n\n<h2 id=\"derechos-de-autor\" class=\"wp-block-heading is-style-h3\">DERECHOS DE AUTOR<\/h2>\n\n\n\n<p class=\"wp-block-paragraph\">El Cliente reconoce que el Software, la Clave de Licencia y la documentaci\u00f3n de usuario adjunta (&#8220;Documentaci\u00f3n&#8221;) son obras protegidas por derechos de autor propiedad de Digital Software Technology y que el Cliente no posee derechos sobre lo anteriormente mencionado excepto los expresamente otorgados en el presente documento.<\/p>\n\n\n\n<h2 id=\"prueba-gratuita-de-20-usos\" class=\"wp-block-heading is-style-h3\">PRUEBA GRATUITA DE 20 USOS<\/h2>\n\n\n\n<p class=\"wp-block-paragraph\">Este no es un software gratuito. Digital Software Technology le otorga por la presente una licencia limitada, no exclusiva e intransferible para utilizar el Software sin cargo durante veinte (20) usos. El uso del Software m\u00e1s all\u00e1 del per\u00edodo de prueba de veinte usos (20 usos) requiere la adquisici\u00f3n de una Clave de Licencia como se describe a continuaci\u00f3n. El uso del Software m\u00e1s all\u00e1 del per\u00edodo de prueba de veinte usos (20 usos) sin la adquisici\u00f3n de una Clave de Licencia constituye una violaci\u00f3n de las leyes de derechos de autor del Reino Unido e internacionales.   <\/p>\n\n\n\n<h2 id=\"clave-de-licencia\" class=\"wp-block-heading is-style-h3\">CLAVE DE LICENCIA<\/h2>\n\n\n\n<p class=\"wp-block-paragraph\">Una clave \u00fanica que le permitir\u00e1 utilizar el Software m\u00e1s all\u00e1 del per\u00edodo de prueba gratuito de veinte usos (20 usos) (&#8220;Clave de Licencia&#8221;) puede ser adquirida en el sitio web de Neck Diagrams, que actualmente es <a href=\"https:\/\/www.neckdiagrams.com\/\">https:\/\/www.neckdiagrams.com<\/a>. Las Claves de Licencia pueden ser adquiridas para usuarios individuales, y est\u00e1n cotizadas seg\u00fan la lista de precios en el sitio web de Neck Diagrams. Tras la adquisici\u00f3n de una Clave de Licencia, Digital Software Technology le otorga por la presente una licencia no exclusiva e intransferible para utilizar el Software de la siguiente manera:  <\/p>\n\n\n\n<p class=\"wp-block-paragraph\">Clave de Licencia Personal: Una Clave de Licencia para un solo usuario (&#8220;Personal&#8221;) puede ser utilizada por un \u00fanico usuario que emplee el Software personalmente en uno o m\u00e1s ordenadores, o instalada en un \u00fanico ordenador utilizado por m\u00faltiples personas, pero no ambas opciones simult\u00e1neamente.<\/p>\n\n\n\n<p class=\"wp-block-paragraph\">Usted ser\u00e1 responsable de mantener la Clave de Licencia en un lugar seguro y se le proh\u00edbe espec\u00edficamente distribuir la Clave de Licencia, intencionalmente o no, a cualquier tercero. En caso de p\u00e9rdida o distribuci\u00f3n de la Clave de Licencia, el Cliente deber\u00e1 pagar una tarifa de restituci\u00f3n a discreci\u00f3n de Digital Software Technology. <\/p>\n\n\n\n<h2 id=\"distribucion-del-software\" class=\"wp-block-heading is-style-h3\">DISTRIBUCI\u00d3N DEL SOFTWARE<\/h2>\n\n\n\n<p class=\"wp-block-paragraph\">Siempre que no copie ni distribuya la Clave de Licencia, e incluya una copia de este Acuerdo de Licencia, usted puede (a) realizar copias del Software; (b) proporcionar copias exactas y sin modificar del Software a cualquier persona; y (c) distribuir el Software en su forma no modificada por medios electr\u00f3nicos. Se le proh\u00edbe espec\u00edficamente cobrar cualquier tarifa por dichas copias o distribuciones.    <\/p>\n\n\n\n<h2 id=\"duracion-y-terminacion\" class=\"wp-block-heading is-style-h3\">DURACI\u00d3N Y TERMINACI\u00d3N<\/h2>\n\n\n\n<p class=\"wp-block-paragraph\">Usted puede continuar utilizando el Software mientras cumpla con los t\u00e9rminos y condiciones de este Acuerdo de Licencia. Digital Software Technology puede rescindir este Acuerdo de Licencia inmediatamente mediante notificaci\u00f3n a usted en caso de que Digital Software Technology tenga motivos para creer que usted ha incumplido este Acuerdo de Licencia. Tras la terminaci\u00f3n, usted deber\u00e1 cesar inmediatamente todo uso del Software, la Clave de Licencia y la Documentaci\u00f3n y no tendr\u00e1 derecho a un reembolso de ninguna tarifa pagada.  <\/p>\n\n\n\n<h2 id=\"ley-aplicable\" class=\"wp-block-heading is-style-h3\">LEY APLICABLE<\/h2>\n\n\n\n<p class=\"wp-block-paragraph\">La validez e interpretaci\u00f3n de este Acuerdo se regir\u00e1n por las leyes del Reino Unido. El Cliente acepta que los tribunales ubicados en Londres, Inglaterra, ser\u00e1n el lugar apropiado para las acciones relacionadas con este Acuerdo, y por la presente consiente la jurisdicci\u00f3n y competencia exclusivas de dichos tribunales. <\/p>\n\n\n\n<h2 id=\"exencion-de-garantia\" class=\"wp-block-heading is-style-h3\">EXENCI\u00d3N DE GARANT\u00cdA<\/h2>\n\n\n\n<p class=\"wp-block-paragraph\">EL SOFTWARE Y LA DOCUMENTACI\u00d3N SE PROPORCIONAN &#8220;TAL CUAL&#8221;. EN LA M\u00c1XIMA MEDIDA PERMITIDA POR LA LEY APLICABLE, DIGITAL SOFTWARE TECHNOLOGY RECHAZA TODAS LAS GARANT\u00cdAS, YA SEAN EXPRESAS O IMPL\u00cdCITAS, INCLUYENDO PERO NO LIMIT\u00c1NDOSE A LAS GARANT\u00cdAS IMPL\u00cdCITAS DE COMERCIABILIDAD, NO INFRACCI\u00d3N E IDONEIDAD PARA UN PROP\u00d3SITO PARTICULAR. CUALQUIER RESPONSABILIDAD DE DIGITAL SOFTWARE TECHNOLOGY SE LIMITAR\u00c1 EXCLUSIVAMENTE AL REEMBOLSO DEL PRECIO DE COMPRA.  <\/p>\n<\/div><\/div>\n<\/div><\/div>\n","protected":false},"excerpt":{"rendered":"","protected":false},"author":1,"featured_media":0,"parent":0,"menu_order":0,"comment_status":"closed","ping_status":"closed","template":"","meta":{"_acf_changed":false,"inline_featured_image":false,"footnotes":""},"class_list":["post-8619","page","type-page","status-publish","hentry"],"acf":[],"yoast_head":"<!-- This site is optimized with the Yoast SEO plugin v27.5 - https:\/\/yoast.com\/product\/yoast-seo-wordpress\/ -->\n<title>Licencia - Neck Diagrams<\/title>\n<meta name=\"robots\" content=\"index, follow, max-snippet:-1, max-image-preview:large, max-video-preview:-1\" \/>\n<link rel=\"canonical\" href=\"https:\/\/neckdiagrams.com\/es\/licencia\/\" \/>\n<meta property=\"og:locale\" content=\"es_ES\" \/>\n<meta property=\"og:type\" content=\"article\" \/>\n<meta property=\"og:title\" content=\"Licencia - Neck Diagrams\" \/>\n<meta property=\"og:url\" content=\"https:\/\/neckdiagrams.com\/es\/licencia\/\" \/>\n<meta property=\"og:site_name\" content=\"Neck Diagrams\" \/>\n<meta property=\"article:publisher\" content=\"https:\/\/www.facebook.com\/NeckDiagrams\" \/>\n<meta name=\"twitter:card\" content=\"summary_large_image\" \/>\n<meta name=\"twitter:label1\" content=\"Est. reading time\" \/>\n\t<meta name=\"twitter:data1\" content=\"4 minutes\" \/>\n<script type=\"application\/ld+json\" class=\"yoast-schema-graph\">{\"@context\":\"https:\\\/\\\/schema.org\",\"@graph\":[{\"@type\":\"WebPage\",\"@id\":\"https:\\\/\\\/neckdiagrams.com\\\/es\\\/licencia\\\/\",\"url\":\"https:\\\/\\\/neckdiagrams.com\\\/es\\\/licencia\\\/\",\"name\":\"Licencia - Neck Diagrams\",\"isPartOf\":{\"@id\":\"https:\\\/\\\/neckdiagrams.com\\\/es\\\/#website\"},\"datePublished\":\"2025-04-25T17:37:25+00:00\",\"breadcrumb\":{\"@id\":\"https:\\\/\\\/neckdiagrams.com\\\/es\\\/licencia\\\/#breadcrumb\"},\"inLanguage\":\"es-ES\",\"potentialAction\":[{\"@type\":\"ReadAction\",\"target\":[\"https:\\\/\\\/neckdiagrams.com\\\/es\\\/licencia\\\/\"]}]},{\"@type\":\"BreadcrumbList\",\"@id\":\"https:\\\/\\\/neckdiagrams.com\\\/es\\\/licencia\\\/#breadcrumb\",\"itemListElement\":[{\"@type\":\"ListItem\",\"position\":1,\"name\":\"Home\",\"item\":\"https:\\\/\\\/www.neckdiagrams.com\\\/es\\\/\"},{\"@type\":\"ListItem\",\"position\":2,\"name\":\"Licencia\"}]},{\"@type\":\"WebSite\",\"@id\":\"https:\\\/\\\/neckdiagrams.com\\\/es\\\/#website\",\"url\":\"https:\\\/\\\/neckdiagrams.com\\\/es\\\/\",\"name\":\"Neck Diagrams\",\"description\":\"Chord chart and fretboard diagram software for guitar, bass, banjo, ukulele and ANY fretted instrument\",\"publisher\":{\"@id\":\"https:\\\/\\\/neckdiagrams.com\\\/es\\\/#organization\"},\"potentialAction\":[{\"@type\":\"SearchAction\",\"target\":{\"@type\":\"EntryPoint\",\"urlTemplate\":\"https:\\\/\\\/neckdiagrams.com\\\/es\\\/?s={search_term_string}\"},\"query-input\":{\"@type\":\"PropertyValueSpecification\",\"valueRequired\":true,\"valueName\":\"search_term_string\"}}],\"inLanguage\":\"es-ES\"},{\"@type\":\"Organization\",\"@id\":\"https:\\\/\\\/neckdiagrams.com\\\/es\\\/#organization\",\"name\":\"Digital Software Technology Ltd\",\"url\":\"https:\\\/\\\/neckdiagrams.com\\\/es\\\/\",\"logo\":{\"@type\":\"ImageObject\",\"inLanguage\":\"es-ES\",\"@id\":\"https:\\\/\\\/neckdiagrams.com\\\/es\\\/#\\\/schema\\\/logo\\\/image\\\/\",\"url\":\"https:\\\/\\\/neckdiagrams.com\\\/content\\\/uploads\\\/2024\\\/05\\\/ND2-Logo-474x474@2x.png\",\"contentUrl\":\"https:\\\/\\\/neckdiagrams.com\\\/content\\\/uploads\\\/2024\\\/05\\\/ND2-Logo-474x474@2x.png\",\"width\":474,\"height\":474,\"caption\":\"Digital Software Technology Ltd\"},\"image\":{\"@id\":\"https:\\\/\\\/neckdiagrams.com\\\/es\\\/#\\\/schema\\\/logo\\\/image\\\/\"},\"sameAs\":[\"https:\\\/\\\/www.facebook.com\\\/NeckDiagrams\",\"https:\\\/\\\/www.instagram.com\\\/neckdiagrams\\\/\"]}]}<\/script>\n<!-- \/ Yoast SEO plugin. -->","yoast_head_json":{"title":"Licencia - Neck Diagrams","robots":{"index":"index","follow":"follow","max-snippet":"max-snippet:-1","max-image-preview":"max-image-preview:large","max-video-preview":"max-video-preview:-1"},"canonical":"https:\/\/neckdiagrams.com\/es\/licencia\/","og_locale":"es_ES","og_type":"article","og_title":"Licencia - Neck Diagrams","og_url":"https:\/\/neckdiagrams.com\/es\/licencia\/","og_site_name":"Neck Diagrams","article_publisher":"https:\/\/www.facebook.com\/NeckDiagrams","twitter_card":"summary_large_image","twitter_misc":{"Est. reading time":"4 minutes"},"schema":{"@context":"https:\/\/schema.org","@graph":[{"@type":"WebPage","@id":"https:\/\/neckdiagrams.com\/es\/licencia\/","url":"https:\/\/neckdiagrams.com\/es\/licencia\/","name":"Licencia - Neck Diagrams","isPartOf":{"@id":"https:\/\/neckdiagrams.com\/es\/#website"},"datePublished":"2025-04-25T17:37:25+00:00","breadcrumb":{"@id":"https:\/\/neckdiagrams.com\/es\/licencia\/#breadcrumb"},"inLanguage":"es-ES","potentialAction":[{"@type":"ReadAction","target":["https:\/\/neckdiagrams.com\/es\/licencia\/"]}]},{"@type":"BreadcrumbList","@id":"https:\/\/neckdiagrams.com\/es\/licencia\/#breadcrumb","itemListElement":[{"@type":"ListItem","position":1,"name":"Home","item":"https:\/\/www.neckdiagrams.com\/es\/"},{"@type":"ListItem","position":2,"name":"Licencia"}]},{"@type":"WebSite","@id":"https:\/\/neckdiagrams.com\/es\/#website","url":"https:\/\/neckdiagrams.com\/es\/","name":"Neck Diagrams","description":"Chord chart and fretboard diagram software for guitar, bass, banjo, ukulele and ANY fretted instrument","publisher":{"@id":"https:\/\/neckdiagrams.com\/es\/#organization"},"potentialAction":[{"@type":"SearchAction","target":{"@type":"EntryPoint","urlTemplate":"https:\/\/neckdiagrams.com\/es\/?s={search_term_string}"},"query-input":{"@type":"PropertyValueSpecification","valueRequired":true,"valueName":"search_term_string"}}],"inLanguage":"es-ES"},{"@type":"Organization","@id":"https:\/\/neckdiagrams.com\/es\/#organization","name":"Digital Software Technology Ltd","url":"https:\/\/neckdiagrams.com\/es\/","logo":{"@type":"ImageObject","inLanguage":"es-ES","@id":"https:\/\/neckdiagrams.com\/es\/#\/schema\/logo\/image\/","url":"https:\/\/neckdiagrams.com\/content\/uploads\/2024\/05\/ND2-Logo-474x474@2x.png","contentUrl":"https:\/\/neckdiagrams.com\/content\/uploads\/2024\/05\/ND2-Logo-474x474@2x.png","width":474,"height":474,"caption":"Digital Software Technology Ltd"},"image":{"@id":"https:\/\/neckdiagrams.com\/es\/#\/schema\/logo\/image\/"},"sameAs":["https:\/\/www.facebook.com\/NeckDiagrams","https:\/\/www.instagram.com\/neckdiagrams\/"]}]}},"_links":{"self":[{"href":"https:\/\/neckdiagrams.com\/es\/wp-json\/wp\/v2\/pages\/8619","targetHints":{"allow":["GET"]}}],"collection":[{"href":"https:\/\/neckdiagrams.com\/es\/wp-json\/wp\/v2\/pages"}],"about":[{"href":"https:\/\/neckdiagrams.com\/es\/wp-json\/wp\/v2\/types\/page"}],"author":[{"embeddable":true,"href":"https:\/\/neckdiagrams.com\/es\/wp-json\/wp\/v2\/users\/1"}],"replies":[{"embeddable":true,"href":"https:\/\/neckdiagrams.com\/es\/wp-json\/wp\/v2\/comments?post=8619"}],"version-history":[{"count":0,"href":"https:\/\/neckdiagrams.com\/es\/wp-json\/wp\/v2\/pages\/8619\/revisions"}],"wp:attachment":[{"href":"https:\/\/neckdiagrams.com\/es\/wp-json\/wp\/v2\/media?parent=8619"}],"curies":[{"name":"wp","href":"https:\/\/api.w.org\/{rel}","templated":true}]}}