{"id":8618,"date":"2025-04-25T18:34:35","date_gmt":"2025-04-25T17:34:35","guid":{"rendered":"https:\/\/neckdiagrams.com\/programa-de-afiliados-de-neck-diagrams\/"},"modified":"2026-02-24T15:33:33","modified_gmt":"2026-02-24T15:33:33","slug":"programa-de-afiliados-de-neck-diagrams","status":"publish","type":"page","link":"https:\/\/neckdiagrams.com\/es\/programa-de-afiliados-de-neck-diagrams\/","title":{"rendered":"Programa de Afiliados de Neck Diagrams"},"content":{"rendered":"\n<div class=\"wp-block-cover is-style-default\" style=\"min-height:120px;aspect-ratio:unset;\"><img decoding=\"async\" width=\"2560\" height=\"1374\" class=\"wp-block-cover__image-background wp-image-38\" alt=\"\" src=\"https:\/\/neckdiagrams.com\/content\/uploads\/2021\/05\/bg-red-scaled.jpg\" data-object-fit=\"cover\" srcset=\"https:\/\/neckdiagrams.com\/content\/uploads\/2021\/05\/bg-red-scaled.jpg 2560w, https:\/\/neckdiagrams.com\/content\/uploads\/2021\/05\/bg-red-600x322.jpg 600w, https:\/\/neckdiagrams.com\/content\/uploads\/2021\/05\/bg-red-1200x644.jpg 1200w, https:\/\/neckdiagrams.com\/content\/uploads\/2021\/05\/bg-red-768x412.jpg 768w, https:\/\/neckdiagrams.com\/content\/uploads\/2021\/05\/bg-red-1536x824.jpg 1536w, https:\/\/neckdiagrams.com\/content\/uploads\/2021\/05\/bg-red-2048x1099.jpg 2048w\" sizes=\"(max-width: 2560px) 100vw, 2560px\" \/><span aria-hidden=\"true\" class=\"wp-block-cover__background has-background-dim-30 has-background-dim\" style=\"background-color:#c50006\"><\/span><div class=\"wp-block-cover__inner-container is-layout-constrained wp-block-cover-is-layout-constrained\">\n<div class=\"wp-block-group\"><div class=\"wp-block-group__inner-container is-layout-constrained wp-block-group-is-layout-constrained\">\n<p class=\"wp-block-paragraph has-text-align-center is-style-leading has-large-font-size\"><\/p>\n\n\n\n<h1 id=\"programa-de-afiliados-de-neck-diagrams\" class=\"wp-block-heading\">Programa de Afiliados de Neck Diagrams<\/h1>\n\n\n\n<p class=\"wp-block-paragraph\">\u00danete a nuestro nuevo programa de afiliados en colaboraci\u00f3n con Impact.com.<\/p>\n\n\n\n<p class=\"wp-block-paragraph\">Promociona Neck Diagrams entre tu audiencia y gana un 15 % de cada venta confirmada a trav\u00e9s de tu enlace de afiliado \u00fanico.<\/p>\n\n\n\n<p class=\"wp-block-paragraph\">Aceptamos solicitudes de m\u00fasicos, educadores y personas relacionadas con la m\u00fasica. Si tu canal o medio no tiene relaci\u00f3n con este \u00e1mbito, la solicitud probablemente ser\u00e1 rechazada<\/p>\n<\/div><\/div>\n\n\n\n<p class=\"wp-block-paragraph\"><\/p>\n<\/div><\/div>\n\n<div class=\"wp-block-group is-horizontal is-content-justification-center is-nowrap is-layout-flex wp-container-core-group-is-layout-c1dfda1e wp-block-group-is-layout-flex\">\n<figure class=\"wp-block-image size-full is-resized\"><a href=\"http:\/\/app.impact.com\/campaign-campaign-info-v2\/Neck-Diagrams-Affiliates.brand?io=fUfkv%2BgYPnnIeD990igNElieEFQyaceottHgC2DaeK6z2vUToF0vsk94SpUPlNTR\" target=\"_blank\" rel=\"noreferrer noopener\"><img decoding=\"async\" width=\"1000\" height=\"1000\" src=\"https:\/\/neckdiagrams.com\/content\/uploads\/2024\/05\/impact-logo-square.jpg\" alt=\"\" class=\"wp-image-7467\" style=\"aspect-ratio:16\/9;object-fit:cover;width:auto;height:360px\" srcset=\"https:\/\/neckdiagrams.com\/content\/uploads\/2024\/05\/impact-logo-square.jpg 1000w, https:\/\/neckdiagrams.com\/content\/uploads\/2024\/05\/impact-logo-square-400x400.jpg 400w, https:\/\/neckdiagrams.com\/content\/uploads\/2024\/05\/impact-logo-square-800x800.jpg 800w, https:\/\/neckdiagrams.com\/content\/uploads\/2024\/05\/impact-logo-square-768x768.jpg 768w\" sizes=\"(max-width: 1000px) 100vw, 1000px\" \/><\/a><\/figure>\n\n\n\n<figure class=\"wp-block-image size-full is-resized\"><a href=\"http:\/\/app.impact.com\/campaign-campaign-info-v2\/Neck-Diagrams-Affiliates.brand?io=fUfkv%2BgYPnnIeD990igNElieEFQyaceottHgC2DaeK6z2vUToF0vsk94SpUPlNTR\" target=\"_blank\" rel=\"noreferrer noopener\"><img decoding=\"async\" width=\"474\" height=\"474\" src=\"https:\/\/neckdiagrams.com\/content\/uploads\/2024\/05\/ND2-Logo-474x474@2x.png\" alt=\"\" class=\"wp-image-7463\" style=\"width:auto;height:237px\" srcset=\"https:\/\/neckdiagrams.com\/content\/uploads\/2024\/05\/ND2-Logo-474x474@2x.png 474w, https:\/\/neckdiagrams.com\/content\/uploads\/2024\/05\/ND2-Logo-474x474@2x-400x400.png 400w\" sizes=\"(max-width: 474px) 100vw, 474px\" \/><\/a><\/figure>\n<\/div>\n\n<div class=\"wp-block-buttons is-content-justification-center is-layout-flex wp-container-core-buttons-is-layout-16018d1d wp-block-buttons-is-layout-flex\">\n<div class=\"wp-block-button is-style-fill\"><a class=\"wp-block-button__link has-large-font-size has-custom-font-size wp-element-button\" href=\"http:\/\/app.impact.com\/campaign-campaign-info-v2\/Neck-Diagrams-Affiliates.brand?io=fUfkv%2BgYPnnIeD990igNElieEFQyaceottHgC2DaeK6z2vUToF0vsk94SpUPlNTR\" target=\"_blank\" rel=\"noreferrer noopener\"><strong>Unirse al programa<\/strong><\/a><\/div>\n<\/div>\n\n<div class=\"wp-block-group is-style-contain-lg\"><div class=\"wp-block-group__inner-container is-layout-constrained wp-block-group-is-layout-constrained\">\n<p class=\"wp-block-paragraph has-text-align-center is-style-default\">Si eres nuevo en el marketing de afiliaci\u00f3n y tienes alguna pregunta, no dudes en <a href=\"https:\/\/www.neckdiagrams.com\/help\/#contact-us\">se ponga en contacto con nosotros<\/a>.<\/p>\n<\/div><\/div>\n\n<div style=\"height:30px\" aria-hidden=\"true\" class=\"wp-block-spacer\"><\/div>\n","protected":false},"excerpt":{"rendered":"<p>Si eres nuevo en el marketing de afiliaci\u00f3n y tienes alguna pregunta, no dudes en se ponga en contacto con nosotros.<\/p>\n","protected":false},"author":2,"featured_media":9329,"parent":0,"menu_order":0,"comment_status":"closed","ping_status":"closed","template":"","meta":{"_acf_changed":false,"inline_featured_image":false,"footnotes":""},"class_list":["post-8618","page","type-page","status-publish","has-post-thumbnail","hentry"],"acf":[],"yoast_head":"<!-- This site is optimized with the Yoast SEO plugin v27.5 - https:\/\/yoast.com\/product\/yoast-seo-wordpress\/ -->\n<title>Programa de Afiliados de Neck Diagrams<\/title>\n<meta name=\"description\" content=\"Neck Diagrams dispone ahora de un programa de marketing de afiliados. Reg\u00edstrese y promocione nuestros productos a su audiencia para recibir el 15% de cada venta confirmada.\" \/>\n<meta name=\"robots\" content=\"index, follow, max-snippet:-1, max-image-preview:large, max-video-preview:-1\" \/>\n<link rel=\"canonical\" href=\"https:\/\/neckdiagrams.com\/es\/programa-de-afiliados-de-neck-diagrams\/\" \/>\n<meta property=\"og:locale\" content=\"es_ES\" \/>\n<meta property=\"og:type\" content=\"article\" \/>\n<meta property=\"og:title\" content=\"Programa de Afiliados de Neck Diagrams\" \/>\n<meta property=\"og:description\" content=\"Neck Diagrams dispone ahora de un programa de marketing de afiliados. Reg\u00edstrese y promocione nuestros productos a su audiencia para recibir el 15% de cada venta confirmada.\" \/>\n<meta property=\"og:url\" content=\"https:\/\/neckdiagrams.com\/es\/programa-de-afiliados-de-neck-diagrams\/\" \/>\n<meta property=\"og:site_name\" content=\"Neck Diagrams\" \/>\n<meta property=\"article:publisher\" content=\"https:\/\/www.facebook.com\/NeckDiagrams\" \/>\n<meta property=\"article:modified_time\" content=\"2026-02-24T15:33:33+00:00\" \/>\n<meta property=\"og:image\" content=\"https:\/\/neckdiagrams.com\/content\/uploads\/2024\/05\/impact-logo-square.jpg\" \/>\n\t<meta property=\"og:image:width\" content=\"1000\" \/>\n\t<meta property=\"og:image:height\" content=\"1000\" \/>\n\t<meta property=\"og:image:type\" content=\"image\/jpeg\" \/>\n<meta name=\"twitter:card\" content=\"summary_large_image\" \/>\n<script type=\"application\/ld+json\" class=\"yoast-schema-graph\">{\"@context\":\"https:\\\/\\\/schema.org\",\"@graph\":[{\"@type\":\"WebPage\",\"@id\":\"https:\\\/\\\/neckdiagrams.com\\\/es\\\/programa-de-afiliados-de-neck-diagrams\\\/\",\"url\":\"https:\\\/\\\/neckdiagrams.com\\\/es\\\/programa-de-afiliados-de-neck-diagrams\\\/\",\"name\":\"Programa de Afiliados de Neck Diagrams\",\"isPartOf\":{\"@id\":\"https:\\\/\\\/neckdiagrams.com\\\/es\\\/#website\"},\"primaryImageOfPage\":{\"@id\":\"https:\\\/\\\/neckdiagrams.com\\\/es\\\/programa-de-afiliados-de-neck-diagrams\\\/#primaryimage\"},\"image\":{\"@id\":\"https:\\\/\\\/neckdiagrams.com\\\/es\\\/programa-de-afiliados-de-neck-diagrams\\\/#primaryimage\"},\"thumbnailUrl\":\"https:\\\/\\\/neckdiagrams.com\\\/content\\\/uploads\\\/2024\\\/05\\\/impact-logo-square.jpg\",\"datePublished\":\"2025-04-25T17:34:35+00:00\",\"dateModified\":\"2026-02-24T15:33:33+00:00\",\"description\":\"Neck Diagrams dispone ahora de un programa de marketing de afiliados. Reg\u00edstrese y promocione nuestros productos a su audiencia para recibir el 15% de cada venta confirmada.\",\"breadcrumb\":{\"@id\":\"https:\\\/\\\/neckdiagrams.com\\\/es\\\/programa-de-afiliados-de-neck-diagrams\\\/#breadcrumb\"},\"inLanguage\":\"es-ES\",\"potentialAction\":[{\"@type\":\"ReadAction\",\"target\":[\"https:\\\/\\\/neckdiagrams.com\\\/es\\\/programa-de-afiliados-de-neck-diagrams\\\/\"]}]},{\"@type\":\"ImageObject\",\"inLanguage\":\"es-ES\",\"@id\":\"https:\\\/\\\/neckdiagrams.com\\\/es\\\/programa-de-afiliados-de-neck-diagrams\\\/#primaryimage\",\"url\":\"https:\\\/\\\/neckdiagrams.com\\\/content\\\/uploads\\\/2024\\\/05\\\/impact-logo-square.jpg\",\"contentUrl\":\"https:\\\/\\\/neckdiagrams.com\\\/content\\\/uploads\\\/2024\\\/05\\\/impact-logo-square.jpg\",\"width\":1000,\"height\":1000},{\"@type\":\"BreadcrumbList\",\"@id\":\"https:\\\/\\\/neckdiagrams.com\\\/es\\\/programa-de-afiliados-de-neck-diagrams\\\/#breadcrumb\",\"itemListElement\":[{\"@type\":\"ListItem\",\"position\":1,\"name\":\"Home\",\"item\":\"https:\\\/\\\/www.neckdiagrams.com\\\/es\\\/\"},{\"@type\":\"ListItem\",\"position\":2,\"name\":\"Programa de Afiliados de Neck Diagrams\"}]},{\"@type\":\"WebSite\",\"@id\":\"https:\\\/\\\/neckdiagrams.com\\\/es\\\/#website\",\"url\":\"https:\\\/\\\/neckdiagrams.com\\\/es\\\/\",\"name\":\"Neck Diagrams\",\"description\":\"Chord chart and fretboard diagram software for guitar, bass, banjo, ukulele and ANY fretted instrument\",\"publisher\":{\"@id\":\"https:\\\/\\\/neckdiagrams.com\\\/es\\\/#organization\"},\"potentialAction\":[{\"@type\":\"SearchAction\",\"target\":{\"@type\":\"EntryPoint\",\"urlTemplate\":\"https:\\\/\\\/neckdiagrams.com\\\/es\\\/?s={search_term_string}\"},\"query-input\":{\"@type\":\"PropertyValueSpecification\",\"valueRequired\":true,\"valueName\":\"search_term_string\"}}],\"inLanguage\":\"es-ES\"},{\"@type\":\"Organization\",\"@id\":\"https:\\\/\\\/neckdiagrams.com\\\/es\\\/#organization\",\"name\":\"Digital Software Technology Ltd\",\"url\":\"https:\\\/\\\/neckdiagrams.com\\\/es\\\/\",\"logo\":{\"@type\":\"ImageObject\",\"inLanguage\":\"es-ES\",\"@id\":\"https:\\\/\\\/neckdiagrams.com\\\/es\\\/#\\\/schema\\\/logo\\\/image\\\/\",\"url\":\"https:\\\/\\\/neckdiagrams.com\\\/content\\\/uploads\\\/2024\\\/05\\\/ND2-Logo-474x474@2x.png\",\"contentUrl\":\"https:\\\/\\\/neckdiagrams.com\\\/content\\\/uploads\\\/2024\\\/05\\\/ND2-Logo-474x474@2x.png\",\"width\":474,\"height\":474,\"caption\":\"Digital Software Technology Ltd\"},\"image\":{\"@id\":\"https:\\\/\\\/neckdiagrams.com\\\/es\\\/#\\\/schema\\\/logo\\\/image\\\/\"},\"sameAs\":[\"https:\\\/\\\/www.facebook.com\\\/NeckDiagrams\",\"https:\\\/\\\/www.instagram.com\\\/neckdiagrams\\\/\"]}]}<\/script>\n<!-- \/ Yoast SEO plugin. -->","yoast_head_json":{"title":"Programa de Afiliados de Neck Diagrams","description":"Neck Diagrams dispone ahora de un programa de marketing de afiliados. Reg\u00edstrese y promocione nuestros productos a su audiencia para recibir el 15% de cada venta confirmada.","robots":{"index":"index","follow":"follow","max-snippet":"max-snippet:-1","max-image-preview":"max-image-preview:large","max-video-preview":"max-video-preview:-1"},"canonical":"https:\/\/neckdiagrams.com\/es\/programa-de-afiliados-de-neck-diagrams\/","og_locale":"es_ES","og_type":"article","og_title":"Programa de Afiliados de Neck Diagrams","og_description":"Neck Diagrams dispone ahora de un programa de marketing de afiliados. Reg\u00edstrese y promocione nuestros productos a su audiencia para recibir el 15% de cada venta confirmada.","og_url":"https:\/\/neckdiagrams.com\/es\/programa-de-afiliados-de-neck-diagrams\/","og_site_name":"Neck Diagrams","article_publisher":"https:\/\/www.facebook.com\/NeckDiagrams","article_modified_time":"2026-02-24T15:33:33+00:00","og_image":[{"width":1000,"height":1000,"url":"https:\/\/neckdiagrams.com\/content\/uploads\/2024\/05\/impact-logo-square.jpg","type":"image\/jpeg"}],"twitter_card":"summary_large_image","schema":{"@context":"https:\/\/schema.org","@graph":[{"@type":"WebPage","@id":"https:\/\/neckdiagrams.com\/es\/programa-de-afiliados-de-neck-diagrams\/","url":"https:\/\/neckdiagrams.com\/es\/programa-de-afiliados-de-neck-diagrams\/","name":"Programa de Afiliados de Neck Diagrams","isPartOf":{"@id":"https:\/\/neckdiagrams.com\/es\/#website"},"primaryImageOfPage":{"@id":"https:\/\/neckdiagrams.com\/es\/programa-de-afiliados-de-neck-diagrams\/#primaryimage"},"image":{"@id":"https:\/\/neckdiagrams.com\/es\/programa-de-afiliados-de-neck-diagrams\/#primaryimage"},"thumbnailUrl":"https:\/\/neckdiagrams.com\/content\/uploads\/2024\/05\/impact-logo-square.jpg","datePublished":"2025-04-25T17:34:35+00:00","dateModified":"2026-02-24T15:33:33+00:00","description":"Neck Diagrams dispone ahora de un programa de marketing de afiliados. Reg\u00edstrese y promocione nuestros productos a su audiencia para recibir el 15% de cada venta confirmada.","breadcrumb":{"@id":"https:\/\/neckdiagrams.com\/es\/programa-de-afiliados-de-neck-diagrams\/#breadcrumb"},"inLanguage":"es-ES","potentialAction":[{"@type":"ReadAction","target":["https:\/\/neckdiagrams.com\/es\/programa-de-afiliados-de-neck-diagrams\/"]}]},{"@type":"ImageObject","inLanguage":"es-ES","@id":"https:\/\/neckdiagrams.com\/es\/programa-de-afiliados-de-neck-diagrams\/#primaryimage","url":"https:\/\/neckdiagrams.com\/content\/uploads\/2024\/05\/impact-logo-square.jpg","contentUrl":"https:\/\/neckdiagrams.com\/content\/uploads\/2024\/05\/impact-logo-square.jpg","width":1000,"height":1000},{"@type":"BreadcrumbList","@id":"https:\/\/neckdiagrams.com\/es\/programa-de-afiliados-de-neck-diagrams\/#breadcrumb","itemListElement":[{"@type":"ListItem","position":1,"name":"Home","item":"https:\/\/www.neckdiagrams.com\/es\/"},{"@type":"ListItem","position":2,"name":"Programa de Afiliados de Neck Diagrams"}]},{"@type":"WebSite","@id":"https:\/\/neckdiagrams.com\/es\/#website","url":"https:\/\/neckdiagrams.com\/es\/","name":"Neck Diagrams","description":"Chord chart and fretboard diagram software for guitar, bass, banjo, ukulele and ANY fretted instrument","publisher":{"@id":"https:\/\/neckdiagrams.com\/es\/#organization"},"potentialAction":[{"@type":"SearchAction","target":{"@type":"EntryPoint","urlTemplate":"https:\/\/neckdiagrams.com\/es\/?s={search_term_string}"},"query-input":{"@type":"PropertyValueSpecification","valueRequired":true,"valueName":"search_term_string"}}],"inLanguage":"es-ES"},{"@type":"Organization","@id":"https:\/\/neckdiagrams.com\/es\/#organization","name":"Digital Software Technology Ltd","url":"https:\/\/neckdiagrams.com\/es\/","logo":{"@type":"ImageObject","inLanguage":"es-ES","@id":"https:\/\/neckdiagrams.com\/es\/#\/schema\/logo\/image\/","url":"https:\/\/neckdiagrams.com\/content\/uploads\/2024\/05\/ND2-Logo-474x474@2x.png","contentUrl":"https:\/\/neckdiagrams.com\/content\/uploads\/2024\/05\/ND2-Logo-474x474@2x.png","width":474,"height":474,"caption":"Digital Software Technology Ltd"},"image":{"@id":"https:\/\/neckdiagrams.com\/es\/#\/schema\/logo\/image\/"},"sameAs":["https:\/\/www.facebook.com\/NeckDiagrams","https:\/\/www.instagram.com\/neckdiagrams\/"]}]}},"_links":{"self":[{"href":"https:\/\/neckdiagrams.com\/es\/wp-json\/wp\/v2\/pages\/8618","targetHints":{"allow":["GET"]}}],"collection":[{"href":"https:\/\/neckdiagrams.com\/es\/wp-json\/wp\/v2\/pages"}],"about":[{"href":"https:\/\/neckdiagrams.com\/es\/wp-json\/wp\/v2\/types\/page"}],"author":[{"embeddable":true,"href":"https:\/\/neckdiagrams.com\/es\/wp-json\/wp\/v2\/users\/2"}],"replies":[{"embeddable":true,"href":"https:\/\/neckdiagrams.com\/es\/wp-json\/wp\/v2\/comments?post=8618"}],"version-history":[{"count":4,"href":"https:\/\/neckdiagrams.com\/es\/wp-json\/wp\/v2\/pages\/8618\/revisions"}],"predecessor-version":[{"id":9341,"href":"https:\/\/neckdiagrams.com\/es\/wp-json\/wp\/v2\/pages\/8618\/revisions\/9341"}],"wp:featuredmedia":[{"embeddable":true,"href":"https:\/\/neckdiagrams.com\/es\/wp-json\/wp\/v2\/media\/9329"}],"wp:attachment":[{"href":"https:\/\/neckdiagrams.com\/es\/wp-json\/wp\/v2\/media?parent=8618"}],"curies":[{"name":"wp","href":"https:\/\/api.w.org\/{rel}","templated":true}]}}