{"id":9041,"date":"2025-05-14T02:30:13","date_gmt":"2025-05-14T01:30:13","guid":{"rendered":"https:\/\/www.neckdiagrams.com\/bewertungen\/"},"modified":"2025-05-16T03:21:50","modified_gmt":"2025-05-16T02:21:50","slug":"bewertungen","status":"publish","type":"page","link":"https:\/\/neckdiagrams.com\/de\/bewertungen\/","title":{"rendered":"Bewertungen"},"content":{"rendered":"\n<div class=\"wp-block-cover has-black-background-color has-background-dim has-custom-content-position is-position-bottom-center is-style-default\"><div class=\"wp-block-cover__inner-container is-layout-flow wp-block-cover-is-layout-flow\">\n<div class=\"wp-block-group\"><div class=\"wp-block-group__inner-container is-layout-flow wp-block-group-is-layout-flow\">\n<h1 id=\"bewertungen\" class=\"wp-block-heading has-text-align-center is-style-headline\">Bewertungen<\/h1>\n<\/div><\/div>\n<\/div><\/div>\n\n<div class=\"wp-block-cover has-black-background-color has-background-dim is-style-80-height\"><img decoding=\"async\" width=\"1440\" height=\"900\" class=\"wp-block-cover__image-background wp-image-555\" alt=\"\" src=\"https:\/\/www.neckdiagrams.com\/content\/uploads\/2021\/08\/justin.jpeg\" style=\"object-position:47% 19%\" data-object-fit=\"cover\" data-object-position=\"47% 19%\" srcset=\"https:\/\/neckdiagrams.com\/content\/uploads\/2021\/08\/justin.jpeg 1440w, https:\/\/neckdiagrams.com\/content\/uploads\/2021\/08\/justin-600x375.jpeg 600w, https:\/\/neckdiagrams.com\/content\/uploads\/2021\/08\/justin-1200x750.jpeg 1200w, https:\/\/neckdiagrams.com\/content\/uploads\/2021\/08\/justin-768x480.jpeg 768w\" sizes=\"(max-width: 1440px) 100vw, 1440px\" \/><div class=\"wp-block-cover__inner-container is-layout-flow wp-block-cover-is-layout-flow\">\n<div class=\"wp-block-group\"><div class=\"wp-block-group__inner-container is-layout-flow wp-block-group-is-layout-flow\">\n<div class=\"wp-block-columns are-vertically-aligned-center is-layout-flex wp-container-core-columns-is-layout-9d6595d7 wp-block-columns-is-layout-flex\">\n<div class=\"wp-block-column is-vertically-aligned-center is-layout-flow wp-block-column-is-layout-flow\">\n<blockquote class=\"wp-block-quote is-style-default is-layout-flow wp-block-quote-is-layout-flow\"><p>Ich verwende die Neck Diagrams-Software f\u00fcr alle Akkorde, Tonleitern und Halsbilder auf meiner Website, und das schon seit Jahren. Sie ist einfach zu bedienen und sieht toll aus! <\/p><p>F\u00fcr Lehrerinnen und Lehrer ist es toll, Akkordfelder zum Ausdrucken f\u00fcr die Sch\u00fclerinnen und Sch\u00fcler zur Verf\u00fcgung zu haben, und es spart Zeit, Diagramme von Hand zu schreiben. Aber auch f\u00fcr alle anderen Sch\u00fcler ist es gro\u00dfartig! <\/p><p>Anf\u00e4nger k\u00f6nnen damit ihr eigenes Akkordbuch erstellen und es nach und nach bearbeiten. Fortgeschrittene Spieler k\u00f6nnen es nutzen, um die Funktion der Noten in den Akkorden zu finden und sie anzupassen. Ich wette, Sie werden es lieben!  <\/p><cite>Justin Sandercoe (justinguitar.com)<\/cite><\/blockquote>\n<\/div>\n\n\n\n<div class=\"wp-block-column is-vertically-aligned-center is-layout-flow wp-block-column-is-layout-flow\"><\/div>\n<\/div>\n<\/div><\/div>\n<\/div><\/div>\n\n<div class=\"wp-block-cover has-black-background-color has-background-dim is-style-80-height\"><img decoding=\"async\" width=\"2560\" height=\"1551\" class=\"wp-block-cover__image-background wp-image-33\" alt=\"\" src=\"https:\/\/www.neckdiagrams.com\/content\/uploads\/2021\/05\/bg-dave-weiner-scaled.jpg\" style=\"object-position:8% 13%\" data-object-fit=\"cover\" data-object-position=\"8% 13%\" srcset=\"https:\/\/neckdiagrams.com\/content\/uploads\/2021\/05\/bg-dave-weiner-scaled.jpg 2560w, https:\/\/neckdiagrams.com\/content\/uploads\/2021\/05\/bg-dave-weiner-600x363.jpg 600w, https:\/\/neckdiagrams.com\/content\/uploads\/2021\/05\/bg-dave-weiner-1200x727.jpg 1200w, https:\/\/neckdiagrams.com\/content\/uploads\/2021\/05\/bg-dave-weiner-768x465.jpg 768w, https:\/\/neckdiagrams.com\/content\/uploads\/2021\/05\/bg-dave-weiner-1536x930.jpg 1536w, https:\/\/neckdiagrams.com\/content\/uploads\/2021\/05\/bg-dave-weiner-2048x1241.jpg 2048w\" sizes=\"(max-width: 2560px) 100vw, 2560px\" \/><div class=\"wp-block-cover__inner-container is-layout-flow wp-block-cover-is-layout-flow\">\n<div class=\"wp-block-group\"><div class=\"wp-block-group__inner-container is-layout-flow wp-block-group-is-layout-flow\">\n<div class=\"wp-block-columns are-vertically-aligned-center is-layout-flex wp-container-core-columns-is-layout-9d6595d7 wp-block-columns-is-layout-flex\">\n<div class=\"wp-block-column is-vertically-aligned-center is-layout-flow wp-block-column-is-layout-flow\"><\/div>\n\n\n\n<div class=\"wp-block-column is-vertically-aligned-center is-layout-flow wp-block-column-is-layout-flow\">\n<blockquote class=\"wp-block-quote is-style-large is-layout-flow wp-block-quote-is-layout-flow\"><p>Klarere, effektivere Diagramme f\u00fcr meine Sch\u00fcler und Guitopia-Episoden, als ich jemals zuvor erstellen konnte. Und das Beste von allem &#8211; es ist so verdammt einfach! <\/p><cite>Dave Weiner (Die Steve Vai Band)<\/cite><\/blockquote>\n<\/div>\n<\/div>\n<\/div><\/div>\n<\/div><\/div>\n\n<div class=\"wp-block-cover has-black-background-color has-background-dim is-style-80-height\"><img decoding=\"async\" width=\"1800\" height=\"1800\" class=\"wp-block-cover__image-background wp-image-534\" alt=\"\" src=\"https:\/\/www.neckdiagrams.com\/content\/uploads\/2021\/08\/DSCF0145-comp.jpg\" style=\"object-position:51% 21%\" data-object-fit=\"cover\" data-object-position=\"51% 21%\" srcset=\"https:\/\/neckdiagrams.com\/content\/uploads\/2021\/08\/DSCF0145-comp.jpg 1800w, https:\/\/neckdiagrams.com\/content\/uploads\/2021\/08\/DSCF0145-comp-400x400.jpg 400w, https:\/\/neckdiagrams.com\/content\/uploads\/2021\/08\/DSCF0145-comp-800x800.jpg 800w, https:\/\/neckdiagrams.com\/content\/uploads\/2021\/08\/DSCF0145-comp-768x768.jpg 768w, https:\/\/neckdiagrams.com\/content\/uploads\/2021\/08\/DSCF0145-comp-1536x1536.jpg 1536w\" sizes=\"(max-width: 1800px) 100vw, 1800px\" \/><div class=\"wp-block-cover__inner-container is-layout-flow wp-block-cover-is-layout-flow\">\n<div class=\"wp-block-group\"><div class=\"wp-block-group__inner-container is-layout-flow wp-block-group-is-layout-flow\">\n<div class=\"wp-block-columns are-vertically-aligned-center is-layout-flex wp-container-core-columns-is-layout-9d6595d7 wp-block-columns-is-layout-flex\">\n<div class=\"wp-block-column is-vertically-aligned-center is-layout-flow wp-block-column-is-layout-flow\"><\/div>\n\n\n\n<div class=\"wp-block-column is-vertically-aligned-center is-layout-flow wp-block-column-is-layout-flow\">\n<blockquote class=\"wp-block-quote is-style-large is-layout-flow wp-block-quote-is-layout-flow\"><p>Ich verwende Neck Diagrams immer in meinem Unterricht. Die Sch\u00fcler lieben es, es ist einfach zu benutzen und sieht toll aus! <\/p><cite>Danny Gill (Lick Library)<\/cite><\/blockquote>\n<\/div>\n<\/div>\n<\/div><\/div>\n<\/div><\/div>\n\n<div class=\"wp-block-cover has-black-background-color has-background-dim is-style-80-height\"><img decoding=\"async\" width=\"1900\" height=\"1267\" class=\"wp-block-cover__image-background wp-image-537\" alt=\"\" src=\"https:\/\/www.neckdiagrams.com\/content\/uploads\/2021\/08\/Matt-Warnock.jpg\" style=\"object-position:47% 19%\" data-object-fit=\"cover\" data-object-position=\"47% 19%\" srcset=\"https:\/\/neckdiagrams.com\/content\/uploads\/2021\/08\/Matt-Warnock.jpg 1900w, https:\/\/neckdiagrams.com\/content\/uploads\/2021\/08\/Matt-Warnock-600x400.jpg 600w, https:\/\/neckdiagrams.com\/content\/uploads\/2021\/08\/Matt-Warnock-1200x800.jpg 1200w, https:\/\/neckdiagrams.com\/content\/uploads\/2021\/08\/Matt-Warnock-300x200.jpg 300w, https:\/\/neckdiagrams.com\/content\/uploads\/2021\/08\/Matt-Warnock-768x512.jpg 768w, https:\/\/neckdiagrams.com\/content\/uploads\/2021\/08\/Matt-Warnock-1536x1024.jpg 1536w\" sizes=\"(max-width: 1900px) 100vw, 1900px\" \/><div class=\"wp-block-cover__inner-container is-layout-flow wp-block-cover-is-layout-flow\">\n<div class=\"wp-block-group\"><div class=\"wp-block-group__inner-container is-layout-flow wp-block-group-is-layout-flow\">\n<div class=\"wp-block-columns are-vertically-aligned-center is-layout-flex wp-container-core-columns-is-layout-9d6595d7 wp-block-columns-is-layout-flex\">\n<div class=\"wp-block-column is-vertically-aligned-center is-layout-flow wp-block-column-is-layout-flow\"><\/div>\n\n\n\n<div class=\"wp-block-column is-vertically-aligned-center is-layout-flow wp-block-column-is-layout-flow\">\n<blockquote class=\"wp-block-quote is-style-large is-layout-flow wp-block-quote-is-layout-flow\"><p>ND ist die schnellste und einfachste Methode zur Erstellung von Akkord-, Skalen- und Arpeggio-Diagrammen, die ich kenne. Ich benutze sie seit Jahren buchst\u00e4blich t\u00e4glich und k\u00f6nnte ohne sie nicht mehr unterrichten. Ein unverzichtbares \u00dcbungs- und Lehrmittel f\u00fcr jeden Gitarristen.  <\/p><cite>Matt Warnock (Solok\u00fcnstler)<\/cite><\/blockquote>\n<\/div>\n<\/div>\n<\/div><\/div>\n<\/div><\/div>\n\n<div class=\"wp-block-cover has-black-background-color has-background-dim is-style-80-height\"><img decoding=\"async\" width=\"1920\" height=\"1080\" class=\"wp-block-cover__image-background wp-image-538\" alt=\"\" src=\"https:\/\/www.neckdiagrams.com\/content\/uploads\/2021\/08\/David.jpeg\" style=\"object-position:49% 15%\" data-object-fit=\"cover\" data-object-position=\"49% 15%\" srcset=\"https:\/\/neckdiagrams.com\/content\/uploads\/2021\/08\/David.jpeg 1920w, https:\/\/neckdiagrams.com\/content\/uploads\/2021\/08\/David-600x338.jpeg 600w, https:\/\/neckdiagrams.com\/content\/uploads\/2021\/08\/David-1200x675.jpeg 1200w, https:\/\/neckdiagrams.com\/content\/uploads\/2021\/08\/David-768x432.jpeg 768w, https:\/\/neckdiagrams.com\/content\/uploads\/2021\/08\/David-1536x864.jpeg 1536w\" sizes=\"(max-width: 1920px) 100vw, 1920px\" \/><div class=\"wp-block-cover__inner-container is-layout-flow wp-block-cover-is-layout-flow\">\n<div class=\"wp-block-group\"><div class=\"wp-block-group__inner-container is-layout-flow wp-block-group-is-layout-flow\">\n<div class=\"wp-block-columns are-vertically-aligned-center is-layout-flex wp-container-core-columns-is-layout-9d6595d7 wp-block-columns-is-layout-flex\">\n<div class=\"wp-block-column is-vertically-aligned-center is-layout-flow wp-block-column-is-layout-flow\"><\/div>\n\n\n\n<div class=\"wp-block-column is-vertically-aligned-center is-layout-flow wp-block-column-is-layout-flow\">\n<blockquote class=\"wp-block-quote is-style-large is-layout-flow wp-block-quote-is-layout-flow\"><p>Wenn es darum geht, fantastisch aussehende Diagramme zu erstellen, ist Neck Diagram das absolut Beste. Ich benutze es seit 2001 buchst\u00e4blich t\u00e4glich. Ich empfehle es sehr!  <\/p><cite>David Wallimann (Solok\u00fcnstler, Dozent)<\/cite><\/blockquote>\n<\/div>\n<\/div>\n<\/div><\/div>\n<\/div><\/div>\n","protected":false},"excerpt":{"rendered":"","protected":false},"author":1,"featured_media":0,"parent":0,"menu_order":0,"comment_status":"closed","ping_status":"closed","template":"","meta":{"_acf_changed":false,"inline_featured_image":false,"footnotes":""},"class_list":["post-9041","page","type-page","status-publish","hentry"],"acf":[],"yoast_head":"<!-- This site is optimized with the Yoast SEO plugin v27.5 - https:\/\/yoast.com\/product\/yoast-seo-wordpress\/ -->\n<title>Bewertungen - Neck Diagrams<\/title>\n<meta name=\"robots\" content=\"index, follow, max-snippet:-1, max-image-preview:large, max-video-preview:-1\" \/>\n<link rel=\"canonical\" href=\"https:\/\/neckdiagrams.com\/de\/bewertungen\/\" \/>\n<meta property=\"og:locale\" content=\"de_DE\" \/>\n<meta property=\"og:type\" content=\"article\" \/>\n<meta property=\"og:title\" content=\"Bewertungen - Neck Diagrams\" \/>\n<meta property=\"og:url\" content=\"https:\/\/neckdiagrams.com\/de\/bewertungen\/\" \/>\n<meta property=\"og:site_name\" content=\"Neck Diagrams\" \/>\n<meta property=\"article:publisher\" content=\"https:\/\/www.facebook.com\/NeckDiagrams\" \/>\n<meta property=\"article:modified_time\" content=\"2025-05-16T02:21:50+00:00\" \/>\n<meta property=\"og:image\" content=\"https:\/\/www.neckdiagrams.com\/content\/uploads\/2021\/08\/justin.jpeg\" \/>\n<meta name=\"twitter:card\" content=\"summary_large_image\" \/>\n<meta name=\"twitter:label1\" content=\"Est. reading time\" \/>\n\t<meta name=\"twitter:data1\" content=\"1 minute\" \/>\n<script type=\"application\/ld+json\" class=\"yoast-schema-graph\">{\"@context\":\"https:\\\/\\\/schema.org\",\"@graph\":[{\"@type\":\"WebPage\",\"@id\":\"https:\\\/\\\/neckdiagrams.com\\\/de\\\/bewertungen\\\/\",\"url\":\"https:\\\/\\\/neckdiagrams.com\\\/de\\\/bewertungen\\\/\",\"name\":\"Bewertungen - Neck Diagrams\",\"isPartOf\":{\"@id\":\"https:\\\/\\\/neckdiagrams.com\\\/de\\\/#website\"},\"primaryImageOfPage\":{\"@id\":\"https:\\\/\\\/neckdiagrams.com\\\/de\\\/bewertungen\\\/#primaryimage\"},\"image\":{\"@id\":\"https:\\\/\\\/neckdiagrams.com\\\/de\\\/bewertungen\\\/#primaryimage\"},\"thumbnailUrl\":\"https:\\\/\\\/www.neckdiagrams.com\\\/content\\\/uploads\\\/2021\\\/08\\\/justin.jpeg\",\"datePublished\":\"2025-05-14T01:30:13+00:00\",\"dateModified\":\"2025-05-16T02:21:50+00:00\",\"breadcrumb\":{\"@id\":\"https:\\\/\\\/neckdiagrams.com\\\/de\\\/bewertungen\\\/#breadcrumb\"},\"inLanguage\":\"de-DE\",\"potentialAction\":[{\"@type\":\"ReadAction\",\"target\":[\"https:\\\/\\\/neckdiagrams.com\\\/de\\\/bewertungen\\\/\"]}]},{\"@type\":\"ImageObject\",\"inLanguage\":\"de-DE\",\"@id\":\"https:\\\/\\\/neckdiagrams.com\\\/de\\\/bewertungen\\\/#primaryimage\",\"url\":\"https:\\\/\\\/www.neckdiagrams.com\\\/content\\\/uploads\\\/2021\\\/08\\\/justin.jpeg\",\"contentUrl\":\"https:\\\/\\\/www.neckdiagrams.com\\\/content\\\/uploads\\\/2021\\\/08\\\/justin.jpeg\"},{\"@type\":\"BreadcrumbList\",\"@id\":\"https:\\\/\\\/neckdiagrams.com\\\/de\\\/bewertungen\\\/#breadcrumb\",\"itemListElement\":[{\"@type\":\"ListItem\",\"position\":1,\"name\":\"Home\",\"item\":\"https:\\\/\\\/www.neckdiagrams.com\\\/de\\\/\"},{\"@type\":\"ListItem\",\"position\":2,\"name\":\"Bewertungen\"}]},{\"@type\":\"WebSite\",\"@id\":\"https:\\\/\\\/neckdiagrams.com\\\/de\\\/#website\",\"url\":\"https:\\\/\\\/neckdiagrams.com\\\/de\\\/\",\"name\":\"Neck Diagrams\",\"description\":\"Chord chart and fretboard diagram software for guitar, bass, banjo, ukulele and ANY fretted instrument\",\"publisher\":{\"@id\":\"https:\\\/\\\/neckdiagrams.com\\\/de\\\/#organization\"},\"potentialAction\":[{\"@type\":\"SearchAction\",\"target\":{\"@type\":\"EntryPoint\",\"urlTemplate\":\"https:\\\/\\\/neckdiagrams.com\\\/de\\\/?s={search_term_string}\"},\"query-input\":{\"@type\":\"PropertyValueSpecification\",\"valueRequired\":true,\"valueName\":\"search_term_string\"}}],\"inLanguage\":\"de-DE\"},{\"@type\":\"Organization\",\"@id\":\"https:\\\/\\\/neckdiagrams.com\\\/de\\\/#organization\",\"name\":\"Digital Software Technology Ltd\",\"url\":\"https:\\\/\\\/neckdiagrams.com\\\/de\\\/\",\"logo\":{\"@type\":\"ImageObject\",\"inLanguage\":\"de-DE\",\"@id\":\"https:\\\/\\\/neckdiagrams.com\\\/de\\\/#\\\/schema\\\/logo\\\/image\\\/\",\"url\":\"https:\\\/\\\/neckdiagrams.com\\\/content\\\/uploads\\\/2024\\\/05\\\/ND2-Logo-474x474@2x.png\",\"contentUrl\":\"https:\\\/\\\/neckdiagrams.com\\\/content\\\/uploads\\\/2024\\\/05\\\/ND2-Logo-474x474@2x.png\",\"width\":474,\"height\":474,\"caption\":\"Digital Software Technology Ltd\"},\"image\":{\"@id\":\"https:\\\/\\\/neckdiagrams.com\\\/de\\\/#\\\/schema\\\/logo\\\/image\\\/\"},\"sameAs\":[\"https:\\\/\\\/www.facebook.com\\\/NeckDiagrams\",\"https:\\\/\\\/www.instagram.com\\\/neckdiagrams\\\/\"]}]}<\/script>\n<!-- \/ Yoast SEO plugin. -->","yoast_head_json":{"title":"Bewertungen - Neck Diagrams","robots":{"index":"index","follow":"follow","max-snippet":"max-snippet:-1","max-image-preview":"max-image-preview:large","max-video-preview":"max-video-preview:-1"},"canonical":"https:\/\/neckdiagrams.com\/de\/bewertungen\/","og_locale":"de_DE","og_type":"article","og_title":"Bewertungen - Neck Diagrams","og_url":"https:\/\/neckdiagrams.com\/de\/bewertungen\/","og_site_name":"Neck Diagrams","article_publisher":"https:\/\/www.facebook.com\/NeckDiagrams","article_modified_time":"2025-05-16T02:21:50+00:00","og_image":[{"url":"https:\/\/www.neckdiagrams.com\/content\/uploads\/2021\/08\/justin.jpeg","type":"","width":"","height":""}],"twitter_card":"summary_large_image","twitter_misc":{"Est. reading time":"1 minute"},"schema":{"@context":"https:\/\/schema.org","@graph":[{"@type":"WebPage","@id":"https:\/\/neckdiagrams.com\/de\/bewertungen\/","url":"https:\/\/neckdiagrams.com\/de\/bewertungen\/","name":"Bewertungen - Neck Diagrams","isPartOf":{"@id":"https:\/\/neckdiagrams.com\/de\/#website"},"primaryImageOfPage":{"@id":"https:\/\/neckdiagrams.com\/de\/bewertungen\/#primaryimage"},"image":{"@id":"https:\/\/neckdiagrams.com\/de\/bewertungen\/#primaryimage"},"thumbnailUrl":"https:\/\/www.neckdiagrams.com\/content\/uploads\/2021\/08\/justin.jpeg","datePublished":"2025-05-14T01:30:13+00:00","dateModified":"2025-05-16T02:21:50+00:00","breadcrumb":{"@id":"https:\/\/neckdiagrams.com\/de\/bewertungen\/#breadcrumb"},"inLanguage":"de-DE","potentialAction":[{"@type":"ReadAction","target":["https:\/\/neckdiagrams.com\/de\/bewertungen\/"]}]},{"@type":"ImageObject","inLanguage":"de-DE","@id":"https:\/\/neckdiagrams.com\/de\/bewertungen\/#primaryimage","url":"https:\/\/www.neckdiagrams.com\/content\/uploads\/2021\/08\/justin.jpeg","contentUrl":"https:\/\/www.neckdiagrams.com\/content\/uploads\/2021\/08\/justin.jpeg"},{"@type":"BreadcrumbList","@id":"https:\/\/neckdiagrams.com\/de\/bewertungen\/#breadcrumb","itemListElement":[{"@type":"ListItem","position":1,"name":"Home","item":"https:\/\/www.neckdiagrams.com\/de\/"},{"@type":"ListItem","position":2,"name":"Bewertungen"}]},{"@type":"WebSite","@id":"https:\/\/neckdiagrams.com\/de\/#website","url":"https:\/\/neckdiagrams.com\/de\/","name":"Neck Diagrams","description":"Chord chart and fretboard diagram software for guitar, bass, banjo, ukulele and ANY fretted instrument","publisher":{"@id":"https:\/\/neckdiagrams.com\/de\/#organization"},"potentialAction":[{"@type":"SearchAction","target":{"@type":"EntryPoint","urlTemplate":"https:\/\/neckdiagrams.com\/de\/?s={search_term_string}"},"query-input":{"@type":"PropertyValueSpecification","valueRequired":true,"valueName":"search_term_string"}}],"inLanguage":"de-DE"},{"@type":"Organization","@id":"https:\/\/neckdiagrams.com\/de\/#organization","name":"Digital Software Technology Ltd","url":"https:\/\/neckdiagrams.com\/de\/","logo":{"@type":"ImageObject","inLanguage":"de-DE","@id":"https:\/\/neckdiagrams.com\/de\/#\/schema\/logo\/image\/","url":"https:\/\/neckdiagrams.com\/content\/uploads\/2024\/05\/ND2-Logo-474x474@2x.png","contentUrl":"https:\/\/neckdiagrams.com\/content\/uploads\/2024\/05\/ND2-Logo-474x474@2x.png","width":474,"height":474,"caption":"Digital Software Technology Ltd"},"image":{"@id":"https:\/\/neckdiagrams.com\/de\/#\/schema\/logo\/image\/"},"sameAs":["https:\/\/www.facebook.com\/NeckDiagrams","https:\/\/www.instagram.com\/neckdiagrams\/"]}]}},"_links":{"self":[{"href":"https:\/\/neckdiagrams.com\/de\/wp-json\/wp\/v2\/pages\/9041","targetHints":{"allow":["GET"]}}],"collection":[{"href":"https:\/\/neckdiagrams.com\/de\/wp-json\/wp\/v2\/pages"}],"about":[{"href":"https:\/\/neckdiagrams.com\/de\/wp-json\/wp\/v2\/types\/page"}],"author":[{"embeddable":true,"href":"https:\/\/neckdiagrams.com\/de\/wp-json\/wp\/v2\/users\/1"}],"replies":[{"embeddable":true,"href":"https:\/\/neckdiagrams.com\/de\/wp-json\/wp\/v2\/comments?post=9041"}],"version-history":[{"count":3,"href":"https:\/\/neckdiagrams.com\/de\/wp-json\/wp\/v2\/pages\/9041\/revisions"}],"predecessor-version":[{"id":9095,"href":"https:\/\/neckdiagrams.com\/de\/wp-json\/wp\/v2\/pages\/9041\/revisions\/9095"}],"wp:attachment":[{"href":"https:\/\/neckdiagrams.com\/de\/wp-json\/wp\/v2\/media?parent=9041"}],"curies":[{"name":"wp","href":"https:\/\/api.w.org\/{rel}","templated":true}]}}