{"id":9039,"date":"2025-05-14T02:20:45","date_gmt":"2025-05-14T01:20:45","guid":{"rendered":"https:\/\/www.neckdiagrams.com\/erklaerung-zum-datenschutz\/"},"modified":"2025-05-16T03:20:45","modified_gmt":"2025-05-16T02:20:45","slug":"erklaerung-zum-datenschutz","status":"publish","type":"page","link":"https:\/\/neckdiagrams.com\/de\/erklaerung-zum-datenschutz\/","title":{"rendered":"Erkl\u00e4rung zum Datenschutz"},"content":{"rendered":"\n<div class=\"wp-block-cover has-white-background-color has-background-dim\"><div class=\"wp-block-cover__inner-container is-layout-flow wp-block-cover-is-layout-flow\">\n<div class=\"wp-block-group is-style-contain-md\"><div class=\"wp-block-group__inner-container is-layout-flow wp-block-group-is-layout-flow\">\n<h1 id=\"erklaerung-zum-datenschutz\" class=\"wp-block-heading is-style-h1\">ERKL\u00c4RUNG ZUM DATENSCHUTZ<\/h1>\n\n\n\n<h1 id=\"unsere-verpflichtung\" class=\"wp-block-heading is-style-h2\">UNSERE VERPFLICHTUNG<\/h1>\n\n\n\n<p class=\"wp-block-paragraph\">Digital Software Technology verpflichtet sich, Ihre Privatsph\u00e4re zu sch\u00fctzen. Wir verkaufen, handeln oder verleihen Ihre pers\u00f6nlichen Daten nicht an Dritte. Unsere Website ist so aufgebaut, dass Sie sie besuchen und Testsoftware herunterladen k\u00f6nnen, ohne sich zu identifizieren oder pers\u00f6nliche Daten preiszugeben. Wenn Sie sich entschlie\u00dfen, uns personenbezogene Daten zur Verf\u00fcgung zu stellen (alle Informationen, durch die Sie identifiziert werden k\u00f6nnen), k\u00f6nnen Sie sicher sein, dass diese nur zur Unterst\u00fctzung Ihrer Kundenbeziehung mit Digital Software Technology verwendet werden.   <\/p>\n\n\n\n<h2 id=\"online-bestellen\" class=\"wp-block-heading is-style-h3\">ONLINE BESTELLEN<\/h2>\n\n\n\n<p class=\"wp-block-paragraph\">Wenn Sie eine Online-Bestellung aufgeben, m\u00fcssen wir Ihren Namen, Ihre E-Mail-Adresse, Ihre Telefonnummer, Ihre Rechnungsadresse und Ihre Kreditkartendaten kennen. Dies erm\u00f6glicht es uns, Ihre Bestellung zu bearbeiten und auszuf\u00fchren und Sie \u00fcber den Status Ihrer Bestellung zu informieren. Unser Zahlungsabwickler bietet die Nutzung eines sicheren Servers an. Die sichere Serversoftware (SSL) verschl\u00fcsselt alle von Ihnen eingegebenen Informationen, bevor sie an uns gesendet werden. Die von uns erfassten Kundendaten und Bestellungen sind vor unberechtigtem Zugriff gesch\u00fctzt.    <\/p>\n\n\n\n<h2 id=\"verteilerliste\" class=\"wp-block-heading is-style-h3\">VERTEILERLISTE<\/h2>\n\n\n\n<p class=\"wp-block-paragraph\">Gelegentlich senden wir Personen auf unserer Verteilerliste eine E-Mail, um sie \u00fcber neue Neck Diagrams-Ver\u00f6ffentlichungen zu informieren. Diese Liste wird niemals an Dritte verkauft, gehandelt oder verliehen. Wenn Sie bei uns eine Bestellung aufgeben, f\u00fcgen wir Sie automatisch zu dieser Liste hinzu. Sie k\u00f6nnen sich selbst zu dieser Liste hinzuf\u00fcgen oder von dieser Liste entfernen, indem Sie unsere Support-Seite besuchen.   <\/p>\n\n\n\n<h2 id=\"offenlegung-gegenueber-aussenstehenden\" class=\"wp-block-heading is-style-h3\">OFFENLEGUNG GEGEN\u00dcBER AUSSENSTEHENDEN<\/h2>\n\n\n\n<p class=\"wp-block-paragraph\">Digital Software Technology verkauft, handelt oder verleiht Ihre pers\u00f6nlichen Daten nicht an Dritte. Digital Software Technology kann Kontoinformationen freigeben, um (a) dem Gesetz zu entsprechen, (b) die Bedingungen unserer Benutzervereinbarungen durchzusetzen oder anzuwenden oder (c) die Rechte, das Eigentum oder die Sicherheit von Digital Software Technology, unseren Benutzern oder anderen zu sch\u00fctzen.    <\/p>\n\n\n\n<h2 id=\"ihre-zustimmung\" class=\"wp-block-heading is-style-h3\">IHRE ZUSTIMMUNG<\/h2>\n\n\n\n<p class=\"wp-block-paragraph\">Durch die Nutzung unserer Website erkl\u00e4ren Sie sich mit der Erfassung und Verwendung dieser Informationen durch Digital Software Technology einverstanden. Wenn wir uns entscheiden, unsere Datenschutzrichtlinien zu \u00e4ndern, werden wir diese \u00c4nderungen auf dieser Seite ver\u00f6ffentlichen, damit Sie immer wissen, welche Informationen wir sammeln, wie wir sie verwenden und unter welchen Umst\u00e4nden wir sie weitergeben. Unabh\u00e4ngig von \u00c4nderungen unserer Datenschutzrichtlinien werden wir Ihre pers\u00f6nlichen Daten immer in \u00dcbereinstimmung mit den Richtlinien verwenden, die zu dem Zeitpunkt galten, als Sie uns Ihre Daten zur Verf\u00fcgung gestellt haben, es sei denn, Sie geben uns Ihre ausdr\u00fcckliche Zustimmung zu einem anderen Vorgehen.  <\/p>\n<\/div><\/div>\n<\/div><\/div>\n","protected":false},"excerpt":{"rendered":"","protected":false},"author":1,"featured_media":0,"parent":0,"menu_order":0,"comment_status":"closed","ping_status":"closed","template":"","meta":{"_acf_changed":false,"inline_featured_image":false,"footnotes":""},"class_list":["post-9039","page","type-page","status-publish","hentry"],"acf":[],"yoast_head":"<!-- This site is optimized with the Yoast SEO plugin v27.5 - https:\/\/yoast.com\/product\/yoast-seo-wordpress\/ -->\n<title>Erkl\u00e4rung zum Datenschutz - Neck Diagrams<\/title>\n<meta name=\"robots\" content=\"index, follow, max-snippet:-1, max-image-preview:large, max-video-preview:-1\" \/>\n<link rel=\"canonical\" href=\"https:\/\/neckdiagrams.com\/de\/erklaerung-zum-datenschutz\/\" \/>\n<meta property=\"og:locale\" content=\"de_DE\" \/>\n<meta property=\"og:type\" content=\"article\" \/>\n<meta property=\"og:title\" content=\"Erkl\u00e4rung zum Datenschutz - Neck Diagrams\" \/>\n<meta property=\"og:url\" content=\"https:\/\/neckdiagrams.com\/de\/erklaerung-zum-datenschutz\/\" \/>\n<meta property=\"og:site_name\" content=\"Neck Diagrams\" \/>\n<meta property=\"article:publisher\" content=\"https:\/\/www.facebook.com\/NeckDiagrams\" \/>\n<meta property=\"article:modified_time\" content=\"2025-05-16T02:20:45+00:00\" \/>\n<meta name=\"twitter:card\" content=\"summary_large_image\" \/>\n<meta name=\"twitter:label1\" content=\"Est. reading time\" \/>\n\t<meta name=\"twitter:data1\" content=\"2 minutes\" \/>\n<script type=\"application\/ld+json\" class=\"yoast-schema-graph\">{\"@context\":\"https:\\\/\\\/schema.org\",\"@graph\":[{\"@type\":\"WebPage\",\"@id\":\"https:\\\/\\\/neckdiagrams.com\\\/de\\\/erklaerung-zum-datenschutz\\\/\",\"url\":\"https:\\\/\\\/neckdiagrams.com\\\/de\\\/erklaerung-zum-datenschutz\\\/\",\"name\":\"Erkl\u00e4rung zum Datenschutz - Neck Diagrams\",\"isPartOf\":{\"@id\":\"https:\\\/\\\/neckdiagrams.com\\\/de\\\/#website\"},\"datePublished\":\"2025-05-14T01:20:45+00:00\",\"dateModified\":\"2025-05-16T02:20:45+00:00\",\"breadcrumb\":{\"@id\":\"https:\\\/\\\/neckdiagrams.com\\\/de\\\/erklaerung-zum-datenschutz\\\/#breadcrumb\"},\"inLanguage\":\"de-DE\",\"potentialAction\":[{\"@type\":\"ReadAction\",\"target\":[\"https:\\\/\\\/neckdiagrams.com\\\/de\\\/erklaerung-zum-datenschutz\\\/\"]}]},{\"@type\":\"BreadcrumbList\",\"@id\":\"https:\\\/\\\/neckdiagrams.com\\\/de\\\/erklaerung-zum-datenschutz\\\/#breadcrumb\",\"itemListElement\":[{\"@type\":\"ListItem\",\"position\":1,\"name\":\"Home\",\"item\":\"https:\\\/\\\/www.neckdiagrams.com\\\/de\\\/\"},{\"@type\":\"ListItem\",\"position\":2,\"name\":\"Erkl\u00e4rung zum Datenschutz\"}]},{\"@type\":\"WebSite\",\"@id\":\"https:\\\/\\\/neckdiagrams.com\\\/de\\\/#website\",\"url\":\"https:\\\/\\\/neckdiagrams.com\\\/de\\\/\",\"name\":\"Neck Diagrams\",\"description\":\"Chord chart and fretboard diagram software for guitar, bass, banjo, ukulele and ANY fretted instrument\",\"publisher\":{\"@id\":\"https:\\\/\\\/neckdiagrams.com\\\/de\\\/#organization\"},\"potentialAction\":[{\"@type\":\"SearchAction\",\"target\":{\"@type\":\"EntryPoint\",\"urlTemplate\":\"https:\\\/\\\/neckdiagrams.com\\\/de\\\/?s={search_term_string}\"},\"query-input\":{\"@type\":\"PropertyValueSpecification\",\"valueRequired\":true,\"valueName\":\"search_term_string\"}}],\"inLanguage\":\"de-DE\"},{\"@type\":\"Organization\",\"@id\":\"https:\\\/\\\/neckdiagrams.com\\\/de\\\/#organization\",\"name\":\"Digital Software Technology Ltd\",\"url\":\"https:\\\/\\\/neckdiagrams.com\\\/de\\\/\",\"logo\":{\"@type\":\"ImageObject\",\"inLanguage\":\"de-DE\",\"@id\":\"https:\\\/\\\/neckdiagrams.com\\\/de\\\/#\\\/schema\\\/logo\\\/image\\\/\",\"url\":\"https:\\\/\\\/neckdiagrams.com\\\/content\\\/uploads\\\/2024\\\/05\\\/ND2-Logo-474x474@2x.png\",\"contentUrl\":\"https:\\\/\\\/neckdiagrams.com\\\/content\\\/uploads\\\/2024\\\/05\\\/ND2-Logo-474x474@2x.png\",\"width\":474,\"height\":474,\"caption\":\"Digital Software Technology Ltd\"},\"image\":{\"@id\":\"https:\\\/\\\/neckdiagrams.com\\\/de\\\/#\\\/schema\\\/logo\\\/image\\\/\"},\"sameAs\":[\"https:\\\/\\\/www.facebook.com\\\/NeckDiagrams\",\"https:\\\/\\\/www.instagram.com\\\/neckdiagrams\\\/\"]}]}<\/script>\n<!-- \/ Yoast SEO plugin. -->","yoast_head_json":{"title":"Erkl\u00e4rung zum Datenschutz - Neck Diagrams","robots":{"index":"index","follow":"follow","max-snippet":"max-snippet:-1","max-image-preview":"max-image-preview:large","max-video-preview":"max-video-preview:-1"},"canonical":"https:\/\/neckdiagrams.com\/de\/erklaerung-zum-datenschutz\/","og_locale":"de_DE","og_type":"article","og_title":"Erkl\u00e4rung zum Datenschutz - Neck Diagrams","og_url":"https:\/\/neckdiagrams.com\/de\/erklaerung-zum-datenschutz\/","og_site_name":"Neck Diagrams","article_publisher":"https:\/\/www.facebook.com\/NeckDiagrams","article_modified_time":"2025-05-16T02:20:45+00:00","twitter_card":"summary_large_image","twitter_misc":{"Est. reading time":"2 minutes"},"schema":{"@context":"https:\/\/schema.org","@graph":[{"@type":"WebPage","@id":"https:\/\/neckdiagrams.com\/de\/erklaerung-zum-datenschutz\/","url":"https:\/\/neckdiagrams.com\/de\/erklaerung-zum-datenschutz\/","name":"Erkl\u00e4rung zum Datenschutz - Neck Diagrams","isPartOf":{"@id":"https:\/\/neckdiagrams.com\/de\/#website"},"datePublished":"2025-05-14T01:20:45+00:00","dateModified":"2025-05-16T02:20:45+00:00","breadcrumb":{"@id":"https:\/\/neckdiagrams.com\/de\/erklaerung-zum-datenschutz\/#breadcrumb"},"inLanguage":"de-DE","potentialAction":[{"@type":"ReadAction","target":["https:\/\/neckdiagrams.com\/de\/erklaerung-zum-datenschutz\/"]}]},{"@type":"BreadcrumbList","@id":"https:\/\/neckdiagrams.com\/de\/erklaerung-zum-datenschutz\/#breadcrumb","itemListElement":[{"@type":"ListItem","position":1,"name":"Home","item":"https:\/\/www.neckdiagrams.com\/de\/"},{"@type":"ListItem","position":2,"name":"Erkl\u00e4rung zum Datenschutz"}]},{"@type":"WebSite","@id":"https:\/\/neckdiagrams.com\/de\/#website","url":"https:\/\/neckdiagrams.com\/de\/","name":"Neck Diagrams","description":"Chord chart and fretboard diagram software for guitar, bass, banjo, ukulele and ANY fretted instrument","publisher":{"@id":"https:\/\/neckdiagrams.com\/de\/#organization"},"potentialAction":[{"@type":"SearchAction","target":{"@type":"EntryPoint","urlTemplate":"https:\/\/neckdiagrams.com\/de\/?s={search_term_string}"},"query-input":{"@type":"PropertyValueSpecification","valueRequired":true,"valueName":"search_term_string"}}],"inLanguage":"de-DE"},{"@type":"Organization","@id":"https:\/\/neckdiagrams.com\/de\/#organization","name":"Digital Software Technology Ltd","url":"https:\/\/neckdiagrams.com\/de\/","logo":{"@type":"ImageObject","inLanguage":"de-DE","@id":"https:\/\/neckdiagrams.com\/de\/#\/schema\/logo\/image\/","url":"https:\/\/neckdiagrams.com\/content\/uploads\/2024\/05\/ND2-Logo-474x474@2x.png","contentUrl":"https:\/\/neckdiagrams.com\/content\/uploads\/2024\/05\/ND2-Logo-474x474@2x.png","width":474,"height":474,"caption":"Digital Software Technology Ltd"},"image":{"@id":"https:\/\/neckdiagrams.com\/de\/#\/schema\/logo\/image\/"},"sameAs":["https:\/\/www.facebook.com\/NeckDiagrams","https:\/\/www.instagram.com\/neckdiagrams\/"]}]}},"_links":{"self":[{"href":"https:\/\/neckdiagrams.com\/de\/wp-json\/wp\/v2\/pages\/9039","targetHints":{"allow":["GET"]}}],"collection":[{"href":"https:\/\/neckdiagrams.com\/de\/wp-json\/wp\/v2\/pages"}],"about":[{"href":"https:\/\/neckdiagrams.com\/de\/wp-json\/wp\/v2\/types\/page"}],"author":[{"embeddable":true,"href":"https:\/\/neckdiagrams.com\/de\/wp-json\/wp\/v2\/users\/1"}],"replies":[{"embeddable":true,"href":"https:\/\/neckdiagrams.com\/de\/wp-json\/wp\/v2\/comments?post=9039"}],"version-history":[{"count":3,"href":"https:\/\/neckdiagrams.com\/de\/wp-json\/wp\/v2\/pages\/9039\/revisions"}],"predecessor-version":[{"id":9093,"href":"https:\/\/neckdiagrams.com\/de\/wp-json\/wp\/v2\/pages\/9039\/revisions\/9093"}],"wp:attachment":[{"href":"https:\/\/neckdiagrams.com\/de\/wp-json\/wp\/v2\/media?parent=9039"}],"curies":[{"name":"wp","href":"https:\/\/api.w.org\/{rel}","templated":true}]}}