{"id":9035,"date":"2025-05-14T02:05:16","date_gmt":"2025-05-14T01:05:16","guid":{"rendered":"https:\/\/www.neckdiagrams.com\/lizenz\/"},"modified":"2025-05-16T03:17:01","modified_gmt":"2025-05-16T02:17:01","slug":"lizenz","status":"publish","type":"page","link":"https:\/\/neckdiagrams.com\/de\/lizenz\/","title":{"rendered":"Lizenz"},"content":{"rendered":"\n<div class=\"wp-block-cover has-white-background-color has-background-dim\"><div class=\"wp-block-cover__inner-container is-layout-flow wp-block-cover-is-layout-flow\">\n<div class=\"wp-block-group is-style-contain-md\"><div class=\"wp-block-group__inner-container is-layout-flow wp-block-group-is-layout-flow\">\n<h1 id=\"lizenzvereinbarung\" class=\"wp-block-heading is-style-h1\">LIZENZVEREINBARUNG<\/h1>\n\n\n\n<h3 id=\"die-nutzung-von-neck-diagrams-unterliegt-den-folgenden-bestimmungen-und-bedingungen\" class=\"wp-block-heading is-style-h2\">DIE NUTZUNG VON NECK DIAGRAMS UNTERLIEGT DEN FOLGENDEN BESTIMMUNGEN UND BEDINGUNGEN:<\/h3>\n\n\n\n<p class=\"wp-block-paragraph\">ANNAHME DES LIZENZVERTRAGS<\/p>\n\n\n\n<p class=\"wp-block-paragraph\">Sie sollten die folgenden Bestimmungen und Bedingungen sorgf\u00e4ltig lesen, bevor Sie Neck Diagrams (die &#8220;Software&#8221;) verwenden. Sofern Sie nicht \u00fcber eine andere, von Digital Software Technology unterzeichnete Lizenzvereinbarung verf\u00fcgen, erkl\u00e4ren Sie sich durch die Verwendung dieser Software mit diesen Bedingungen und Konditionen einverstanden. Wenn Sie nicht alle diese Bedingungen akzeptieren, m\u00fcssen Sie die Nutzung der Software sofort einstellen.  <\/p>\n\n\n\n<h2 id=\"copyright\" class=\"wp-block-heading is-style-h3\">COPYRIGHT<\/h2>\n\n\n\n<p class=\"wp-block-paragraph\">Der Kunde erkennt an, dass die Software, der Lizenzschl\u00fcssel und die begleitende Benutzerdokumentation (&#8220;Dokumentation&#8221;) urheberrechtlich gesch\u00fctzte Werke sind, die Eigentum von Digital Software Technology sind, und dass der Kunde keine Rechte am Vorstehenden hat, es sei denn, sie werden hier ausdr\u00fccklich gew\u00e4hrt.<\/p>\n\n\n\n<h2 id=\"kostenloser-20nutzungstestzeitraum\" class=\"wp-block-heading is-style-h3\">KOSTENLOSER 20-NUTZUNGS-TESTZEITRAUM<\/h2>\n\n\n\n<p class=\"wp-block-paragraph\">Dies ist keine kostenlose Software. Digital Software Technology gew\u00e4hrt Ihnen hiermit eine nicht-exklusive, nicht-\u00fcbertragbare, begrenzte Lizenz zur kostenlosen Nutzung der Software f\u00fcr zwanzig (20) Nutzungen. F\u00fcr die Nutzung der Software \u00fcber den Testzeitraum von zwanzig (20) Nutzungen hinaus ist der Kauf eines Lizenzschl\u00fcssels erforderlich, wie unten beschrieben. Die Nutzung der Software \u00fcber den Testzeitraum von zwanzig (20) Nutzungen hinaus ohne den Erwerb eines Lizenzschl\u00fcssels stellt einen Versto\u00df gegen britische und internationale Urheberrechtsgesetze dar.   <\/p>\n\n\n\n<h2 id=\"lizenzschluessel\" class=\"wp-block-heading is-style-h3\">LIZENZSCHL\u00dcSSEL<\/h2>\n\n\n\n<p class=\"wp-block-paragraph\">Ein eindeutiger Schl\u00fcssel, der es Ihnen erm\u00f6glicht, die Software \u00fcber den kostenlosen Testzeitraum von zwanzig Nutzungen (20 Nutzungen) hinaus zu nutzen (&#8220;Lizenzschl\u00fcssel&#8221;), kann auf der Neck Diagrams Website erworben werden, die derzeit unter <a href=\"https:\/\/www.neckdiagrams.com\/de\/\">https:\/\/www.neckdiagrams.com zu finden ist.<\/a> Lizenzschl\u00fcssel k\u00f6nnen f\u00fcr einzelne Benutzer erworben werden und sind gem\u00e4\u00df der Preisliste auf der Neck Diagrams-Website zu bezahlen. Mit dem Erwerb eines Lizenzschl\u00fcssels gew\u00e4hrt Ihnen Digital Software Technology hiermit eine nicht-exklusive, nicht \u00fcbertragbare Lizenz zur Nutzung der Software wie folgt:  <\/p>\n\n\n\n<p class=\"wp-block-paragraph\">Pers\u00f6nlicher Lizenzschl\u00fcssel: Ein Einzelbenutzer-Lizenzschl\u00fcssel (&#8220;Pers\u00f6nlich&#8221;) kann entweder von einem einzelnen Benutzer verwendet werden, der die Software pers\u00f6nlich auf einem oder mehreren Computern nutzt, oder auf einem einzelnen Computer installiert werden, der von mehreren Personen genutzt wird, aber nicht beides.<\/p>\n\n\n\n<p class=\"wp-block-paragraph\">Sie sind daf\u00fcr verantwortlich, den Lizenzschl\u00fcssel an einem sicheren Ort aufzubewahren, und es ist Ihnen ausdr\u00fccklich untersagt, den Lizenzschl\u00fcssel absichtlich oder unabsichtlich an Dritte weiterzugeben. Bei Verlust oder Weitergabe des Lizenzschl\u00fcssels ist der Kunde verpflichtet, eine Wiederherstellungsgeb\u00fchr nach Ermessen von Digital Software Technology zu zahlen. <\/p>\n\n\n\n<h2 id=\"vertrieb-der-software\" class=\"wp-block-heading is-style-h3\">VERTRIEB DER SOFTWARE<\/h2>\n\n\n\n<p class=\"wp-block-paragraph\">Unter der Voraussetzung, dass Sie den Lizenzschl\u00fcssel nicht kopieren oder weitergeben und eine Kopie dieser Lizenzvereinbarung beif\u00fcgen, d\u00fcrfen Sie (a) Kopien der Software anfertigen; (b) exakte, unver\u00e4nderte Kopien der Software an jedermann weitergeben; und (c) die Software in ihrer unver\u00e4nderten Form auf elektronischem Wege weitergeben. Es ist Ihnen ausdr\u00fccklich untersagt, f\u00fcr solche Kopien oder Verteilungen Geb\u00fchren zu verlangen.    <\/p>\n\n\n\n<h2 id=\"laufzeit-und-kuendigung\" class=\"wp-block-heading is-style-h3\">LAUFZEIT UND K\u00dcNDIGUNG<\/h2>\n\n\n\n<p class=\"wp-block-paragraph\">Sie d\u00fcrfen die Software so lange nutzen, wie Sie die Bedingungen dieser Lizenzvereinbarung einhalten. Digital Software Technology ist berechtigt, diese Lizenzvereinbarung mit sofortiger Wirkung zu k\u00fcndigen, wenn Digital Software Technology Grund zu der Annahme hat, dass Sie gegen diese Lizenzvereinbarung versto\u00dfen haben. Nach der K\u00fcndigung m\u00fcssen Sie die Nutzung der Software, des Lizenzschl\u00fcssels und der Dokumentation sofort einstellen und haben keinen Anspruch auf R\u00fcckerstattung der gezahlten Geb\u00fchren.  <\/p>\n\n\n\n<h2 id=\"geltendes-recht\" class=\"wp-block-heading is-style-h3\">GELTENDES RECHT<\/h2>\n\n\n\n<p class=\"wp-block-paragraph\">Die G\u00fcltigkeit und Auslegung dieser Vereinbarung unterliegt den Gesetzen des Vereinigten K\u00f6nigreichs. Der Kunde erkl\u00e4rt sich damit einverstanden, dass die Gerichte in London, England, der geeignete Gerichtsstand f\u00fcr Klagen im Zusammenhang mit dieser Vereinbarung sind, und erkl\u00e4rt sich hiermit mit der ausschlie\u00dflichen Zust\u00e4ndigkeit und dem Gerichtsstand dieser Gerichte einverstanden. <\/p>\n\n\n\n<h2 id=\"verzicht-auf-gewaehrleistung\" class=\"wp-block-heading is-style-h3\">VERZICHT AUF GEW\u00c4HRLEISTUNG<\/h2>\n\n\n\n<p class=\"wp-block-paragraph\">DIE SOFTWARE UND DIE DOKUMENTATION WERDEN OHNE M\u00c4NGELGEW\u00c4HR BEREITGESTELLT. DIGITAL SOFTWARE TECHNOLOGY LEHNT IM GR\u00d6SSTM\u00d6GLICHEN, GESETZLICH ZUL\u00c4SSIGEN UMFANG JEGLICHE GARANTIE AB, SEI ES AUSDR\u00dcCKLICH ODER STILLSCHWEIGEND, EINSCHLIESSLICH, ABER NICHT BESCHR\u00c4NKT AUF DIE STILLSCHWEIGENDE GARANTIE DER MARKTG\u00c4NGIGKEIT, DER NICHTVERLETZUNG VON RECHTEN UND DER EIGNUNG F\u00dcR EINEN BESTIMMTEN ZWECK. JEGLICHE HAFTUNG VON DIGITAL SOFTWARE TECHNOLOGY IST AUSSCHLIESSLICH AUF DIE R\u00dcCKERSTATTUNG DES KAUFPREISES BESCHR\u00c4NKT.  <\/p>\n<\/div><\/div>\n<\/div><\/div>\n","protected":false},"excerpt":{"rendered":"","protected":false},"author":1,"featured_media":0,"parent":0,"menu_order":0,"comment_status":"closed","ping_status":"closed","template":"","meta":{"_acf_changed":false,"inline_featured_image":false,"footnotes":""},"class_list":["post-9035","page","type-page","status-publish","hentry"],"acf":[],"yoast_head":"<!-- This site is optimized with the Yoast SEO plugin v27.5 - https:\/\/yoast.com\/product\/yoast-seo-wordpress\/ -->\n<title>Lizenz - Neck Diagrams<\/title>\n<meta name=\"robots\" content=\"index, follow, max-snippet:-1, max-image-preview:large, max-video-preview:-1\" \/>\n<link rel=\"canonical\" href=\"https:\/\/neckdiagrams.com\/de\/lizenz\/\" \/>\n<meta property=\"og:locale\" content=\"de_DE\" \/>\n<meta property=\"og:type\" content=\"article\" \/>\n<meta property=\"og:title\" content=\"Lizenz - Neck Diagrams\" \/>\n<meta property=\"og:url\" content=\"https:\/\/neckdiagrams.com\/de\/lizenz\/\" \/>\n<meta property=\"og:site_name\" content=\"Neck Diagrams\" \/>\n<meta property=\"article:publisher\" content=\"https:\/\/www.facebook.com\/NeckDiagrams\" \/>\n<meta property=\"article:modified_time\" content=\"2025-05-16T02:17:01+00:00\" \/>\n<meta name=\"twitter:card\" content=\"summary_large_image\" \/>\n<meta name=\"twitter:label1\" content=\"Est. reading time\" \/>\n\t<meta name=\"twitter:data1\" content=\"3 minutes\" \/>\n<script type=\"application\/ld+json\" class=\"yoast-schema-graph\">{\"@context\":\"https:\\\/\\\/schema.org\",\"@graph\":[{\"@type\":\"WebPage\",\"@id\":\"https:\\\/\\\/neckdiagrams.com\\\/de\\\/lizenz\\\/\",\"url\":\"https:\\\/\\\/neckdiagrams.com\\\/de\\\/lizenz\\\/\",\"name\":\"Lizenz - Neck Diagrams\",\"isPartOf\":{\"@id\":\"https:\\\/\\\/neckdiagrams.com\\\/de\\\/#website\"},\"datePublished\":\"2025-05-14T01:05:16+00:00\",\"dateModified\":\"2025-05-16T02:17:01+00:00\",\"breadcrumb\":{\"@id\":\"https:\\\/\\\/neckdiagrams.com\\\/de\\\/lizenz\\\/#breadcrumb\"},\"inLanguage\":\"de-DE\",\"potentialAction\":[{\"@type\":\"ReadAction\",\"target\":[\"https:\\\/\\\/neckdiagrams.com\\\/de\\\/lizenz\\\/\"]}]},{\"@type\":\"BreadcrumbList\",\"@id\":\"https:\\\/\\\/neckdiagrams.com\\\/de\\\/lizenz\\\/#breadcrumb\",\"itemListElement\":[{\"@type\":\"ListItem\",\"position\":1,\"name\":\"Home\",\"item\":\"https:\\\/\\\/www.neckdiagrams.com\\\/de\\\/\"},{\"@type\":\"ListItem\",\"position\":2,\"name\":\"Lizenz\"}]},{\"@type\":\"WebSite\",\"@id\":\"https:\\\/\\\/neckdiagrams.com\\\/de\\\/#website\",\"url\":\"https:\\\/\\\/neckdiagrams.com\\\/de\\\/\",\"name\":\"Neck Diagrams\",\"description\":\"Chord chart and fretboard diagram software for guitar, bass, banjo, ukulele and ANY fretted instrument\",\"publisher\":{\"@id\":\"https:\\\/\\\/neckdiagrams.com\\\/de\\\/#organization\"},\"potentialAction\":[{\"@type\":\"SearchAction\",\"target\":{\"@type\":\"EntryPoint\",\"urlTemplate\":\"https:\\\/\\\/neckdiagrams.com\\\/de\\\/?s={search_term_string}\"},\"query-input\":{\"@type\":\"PropertyValueSpecification\",\"valueRequired\":true,\"valueName\":\"search_term_string\"}}],\"inLanguage\":\"de-DE\"},{\"@type\":\"Organization\",\"@id\":\"https:\\\/\\\/neckdiagrams.com\\\/de\\\/#organization\",\"name\":\"Digital Software Technology Ltd\",\"url\":\"https:\\\/\\\/neckdiagrams.com\\\/de\\\/\",\"logo\":{\"@type\":\"ImageObject\",\"inLanguage\":\"de-DE\",\"@id\":\"https:\\\/\\\/neckdiagrams.com\\\/de\\\/#\\\/schema\\\/logo\\\/image\\\/\",\"url\":\"https:\\\/\\\/neckdiagrams.com\\\/content\\\/uploads\\\/2024\\\/05\\\/ND2-Logo-474x474@2x.png\",\"contentUrl\":\"https:\\\/\\\/neckdiagrams.com\\\/content\\\/uploads\\\/2024\\\/05\\\/ND2-Logo-474x474@2x.png\",\"width\":474,\"height\":474,\"caption\":\"Digital Software Technology Ltd\"},\"image\":{\"@id\":\"https:\\\/\\\/neckdiagrams.com\\\/de\\\/#\\\/schema\\\/logo\\\/image\\\/\"},\"sameAs\":[\"https:\\\/\\\/www.facebook.com\\\/NeckDiagrams\",\"https:\\\/\\\/www.instagram.com\\\/neckdiagrams\\\/\"]}]}<\/script>\n<!-- \/ Yoast SEO plugin. -->","yoast_head_json":{"title":"Lizenz - Neck Diagrams","robots":{"index":"index","follow":"follow","max-snippet":"max-snippet:-1","max-image-preview":"max-image-preview:large","max-video-preview":"max-video-preview:-1"},"canonical":"https:\/\/neckdiagrams.com\/de\/lizenz\/","og_locale":"de_DE","og_type":"article","og_title":"Lizenz - Neck Diagrams","og_url":"https:\/\/neckdiagrams.com\/de\/lizenz\/","og_site_name":"Neck Diagrams","article_publisher":"https:\/\/www.facebook.com\/NeckDiagrams","article_modified_time":"2025-05-16T02:17:01+00:00","twitter_card":"summary_large_image","twitter_misc":{"Est. reading time":"3 minutes"},"schema":{"@context":"https:\/\/schema.org","@graph":[{"@type":"WebPage","@id":"https:\/\/neckdiagrams.com\/de\/lizenz\/","url":"https:\/\/neckdiagrams.com\/de\/lizenz\/","name":"Lizenz - Neck Diagrams","isPartOf":{"@id":"https:\/\/neckdiagrams.com\/de\/#website"},"datePublished":"2025-05-14T01:05:16+00:00","dateModified":"2025-05-16T02:17:01+00:00","breadcrumb":{"@id":"https:\/\/neckdiagrams.com\/de\/lizenz\/#breadcrumb"},"inLanguage":"de-DE","potentialAction":[{"@type":"ReadAction","target":["https:\/\/neckdiagrams.com\/de\/lizenz\/"]}]},{"@type":"BreadcrumbList","@id":"https:\/\/neckdiagrams.com\/de\/lizenz\/#breadcrumb","itemListElement":[{"@type":"ListItem","position":1,"name":"Home","item":"https:\/\/www.neckdiagrams.com\/de\/"},{"@type":"ListItem","position":2,"name":"Lizenz"}]},{"@type":"WebSite","@id":"https:\/\/neckdiagrams.com\/de\/#website","url":"https:\/\/neckdiagrams.com\/de\/","name":"Neck Diagrams","description":"Chord chart and fretboard diagram software for guitar, bass, banjo, ukulele and ANY fretted instrument","publisher":{"@id":"https:\/\/neckdiagrams.com\/de\/#organization"},"potentialAction":[{"@type":"SearchAction","target":{"@type":"EntryPoint","urlTemplate":"https:\/\/neckdiagrams.com\/de\/?s={search_term_string}"},"query-input":{"@type":"PropertyValueSpecification","valueRequired":true,"valueName":"search_term_string"}}],"inLanguage":"de-DE"},{"@type":"Organization","@id":"https:\/\/neckdiagrams.com\/de\/#organization","name":"Digital Software Technology Ltd","url":"https:\/\/neckdiagrams.com\/de\/","logo":{"@type":"ImageObject","inLanguage":"de-DE","@id":"https:\/\/neckdiagrams.com\/de\/#\/schema\/logo\/image\/","url":"https:\/\/neckdiagrams.com\/content\/uploads\/2024\/05\/ND2-Logo-474x474@2x.png","contentUrl":"https:\/\/neckdiagrams.com\/content\/uploads\/2024\/05\/ND2-Logo-474x474@2x.png","width":474,"height":474,"caption":"Digital Software Technology Ltd"},"image":{"@id":"https:\/\/neckdiagrams.com\/de\/#\/schema\/logo\/image\/"},"sameAs":["https:\/\/www.facebook.com\/NeckDiagrams","https:\/\/www.instagram.com\/neckdiagrams\/"]}]}},"_links":{"self":[{"href":"https:\/\/neckdiagrams.com\/de\/wp-json\/wp\/v2\/pages\/9035","targetHints":{"allow":["GET"]}}],"collection":[{"href":"https:\/\/neckdiagrams.com\/de\/wp-json\/wp\/v2\/pages"}],"about":[{"href":"https:\/\/neckdiagrams.com\/de\/wp-json\/wp\/v2\/types\/page"}],"author":[{"embeddable":true,"href":"https:\/\/neckdiagrams.com\/de\/wp-json\/wp\/v2\/users\/1"}],"replies":[{"embeddable":true,"href":"https:\/\/neckdiagrams.com\/de\/wp-json\/wp\/v2\/comments?post=9035"}],"version-history":[{"count":3,"href":"https:\/\/neckdiagrams.com\/de\/wp-json\/wp\/v2\/pages\/9035\/revisions"}],"predecessor-version":[{"id":9089,"href":"https:\/\/neckdiagrams.com\/de\/wp-json\/wp\/v2\/pages\/9035\/revisions\/9089"}],"wp:attachment":[{"href":"https:\/\/neckdiagrams.com\/de\/wp-json\/wp\/v2\/media?parent=9035"}],"curies":[{"name":"wp","href":"https:\/\/api.w.org\/{rel}","templated":true}]}}